{"id":77411,"date":"2025-08-07T04:00:27","date_gmt":"2025-08-07T04:00:27","guid":{"rendered":"https:\/\/e.kosmolat.eu\/product\/pasta-del-capitano-zobu-pasta-ar-sodu-75-ml\/"},"modified":"2026-04-23T08:25:51","modified_gmt":"2026-04-23T08:25:51","slug":"pasta-del-capitano-zobu-pasta-ar-sodu-75-ml","status":"publish","type":"product","link":"https:\/\/e.kosmolat.eu\/lt\/produktas\/pasta-del-capitano-zobu-pasta-ar-sodu-75-ml\/","title":{"rendered":"PASTA DEL CAPITANO Dant\u0173 pasta su valgom\u0105ja soda, 75 ml"},"content":{"rendered":"<p>Ji padeda atkurti nat\u016bral\u0173 dant\u0173 baltum\u0105. Jos i\u0161skirtin\u0117je sud\u0117tyje yra: unikali\u0173 molekuli\u0173 Sulfetal Zn\u00ae, originali\u0173 molekuli\u0173 su cinku, turin\u010di\u0173 valom\u0173j\u0173 ir antibakterini\u0173 savybi\u0173; natrio hidrokarbonato, neutralizuojan\u010dio apna\u0161\u0173 r\u016bg\u0161tis ir sureguliuojan\u010dio burnos pH; nat\u016brali\u0173 ekologi\u0161k\u0173 m\u0117t\u0173.<\/p>\n<p>Sud\u0117tyje n\u0117ra paraben\u0173, triklozano, natrio laurilsulfato (SLS) ir formaldehid\u0105 skleid\u017eian\u010di\u0173 konservant\u0173.<\/p>\n<p>Atsargumo priemon\u0117s: Vaikams iki 6 m. naudokite \u017eirnio dyd\u017eio kiek\u012f, steb\u0117kite, kad nenuryt\u0173. Po naudojimo sandariai u\u017esukite t\u016bbel\u0119. Pasirei\u0161kus alergijai, nutraukite naudojim\u0105. <\/p>\n<p>Tinkamumo naudoti terminas po atidarymo yra nurodytas m\u0117nesiais, kuomet produktas laikomas teisingai ir normaliomis, numatytomis naudojimo s\u0105lygomis.<\/p>\n","protected":false},"excerpt":{"rendered":"<p>Ji padeda atkurti nat\u016bral\u0173 dant\u0173 baltum\u0105. Jos i\u0161skirtin\u0117je sud\u0117tyje yra: unikali\u0173 molekuli\u0173 Sulfetal Zn\u00ae, originali\u0173 molekuli\u0173 su cinku, turin\u010di\u0173 valom\u0173j\u0173 ir antibakterini\u0173 savybi\u0173; natrio hidrokarbonato, neutralizuojan\u010dio apna\u0161\u0173 r\u016bg\u0161tis ir sureguliuojan\u010dio burnos pH; nat\u016brali\u0173 ekologi\u0161k\u0173 m\u0117t\u0173. Sud\u0117tyje n\u0117ra paraben\u0173, triklozano, natrio laurilsulfato (SLS) ir formaldehid\u0105 skleid\u017eian\u010di\u0173 konservant\u0173. Atsargumo priemon\u0117s: Vaikams iki 6 m. naudokite \u017eirnio dyd\u017eio [&#8230;]\n","protected":false},"featured_media":95882,"template":"","meta":[],"product_cat":[1308],"product_tag":[],"class_list":{"0":"post-77411","1":"product","2":"type-product","3":"status-publish","4":"has-post-thumbnail","6":"product_brand-ciccarelli_it-lt","7":"product_cat-dantu-pastos-ir-geliai","9":"first","10":"instock","11":"taxable","12":"shipping-taxable","13":"product-type-simple"},"_links":{"self":[{"href":"https:\/\/e.kosmolat.eu\/lt\/wp-json\/wp\/v2\/product\/77411","targetHints":{"allow":["GET"]}}],"collection":[{"href":"https:\/\/e.kosmolat.eu\/lt\/wp-json\/wp\/v2\/product"}],"about":[{"href":"https:\/\/e.kosmolat.eu\/lt\/wp-json\/wp\/v2\/types\/product"}],"wp:featuredmedia":[{"embeddable":true,"href":"https:\/\/e.kosmolat.eu\/lt\/wp-json\/wp\/v2\/media\/95882"}],"wp:attachment":[{"href":"https:\/\/e.kosmolat.eu\/lt\/wp-json\/wp\/v2\/media?parent=77411"}],"wp:term":[{"taxonomy":"product_cat","embeddable":true,"href":"https:\/\/e.kosmolat.eu\/lt\/wp-json\/wp\/v2\/product_cat?post=77411"},{"taxonomy":"product_tag","embeddable":true,"href":"https:\/\/e.kosmolat.eu\/lt\/wp-json\/wp\/v2\/product_tag?post=77411"}],"curies":[{"name":"wp","href":"https:\/\/api.w.org\/{rel}","templated":true}]}}