{"id":77407,"date":"2025-08-06T12:36:49","date_gmt":"2025-08-06T12:36:49","guid":{"rendered":"https:\/\/e.kosmolat.eu\/product\/cera-di-cupra-aizsarg-mitras-salvetes-intimai-hig-ar-medu-un-piparmetru-pieninu-ph-4-5-12-gab\/"},"modified":"2026-04-24T05:46:49","modified_gmt":"2026-04-24T05:46:49","slug":"cera-di-cupra-aizsarg-mitras-salvetes-intimai-hig-ar-medu-un-piparmetru-pieninu-ph-4-5-12-gab","status":"publish","type":"product","link":"https:\/\/e.kosmolat.eu\/lt\/produktas\/cera-di-cupra-aizsarg-mitras-salvetes-intimai-hig-ar-medu-un-piparmetru-pieninu-ph-4-5-12-gab\/","title":{"rendered":"CERA DI CUPRA Saugan\u010dios dr\u0117gnos servet\u0117l\u0117s intymiai higienai su medumi ir m\u0117t\u0173 pieneliu, pH 4,5, 12"},"content":{"rendered":"<p>Intymios higienos dr\u0117gnosios servet\u0117l\u0117s praturtintos propoliu \u2013 antibakteriniu komponentu, kur\u012f naudoja bit\u0117s. Idealiai tinka kasdieniam naudojimui, ypa\u010d ne namuose: biure, sporto sal\u0117je, kelion\u0117se. U\u017etikrina \u0161velni\u0105 ir saugi\u0105 higien\u0105 bet kokioje situacijoje, suteikdamos ilgalaik\u012f gaivumo poj\u016bt\u012f. Formul\u0117 praturtinta medumi ir m\u0117t\u0173 pieneliu.<\/p>\n<p>Fiziologinis pH. 100 % nat\u016bralios kilm\u0117s biologi\u0161kai skaidus audinys. Tik i\u0161oriniam naudojimui.<\/p>\n","protected":false},"excerpt":{"rendered":"<p>Intymios higienos dr\u0117gnosios servet\u0117l\u0117s praturtintos propoliu \u2013 antibakteriniu komponentu, kur\u012f naudoja bit\u0117s. Idealiai tinka kasdieniam naudojimui, ypa\u010d ne namuose: biure, sporto sal\u0117je, kelion\u0117se. U\u017etikrina \u0161velni\u0105 ir saugi\u0105 higien\u0105 bet kokioje situacijoje, suteikdamos ilgalaik\u012f gaivumo poj\u016bt\u012f. Formul\u0117 praturtinta medumi ir m\u0117t\u0173 pieneliu. Fiziologinis pH. 100 % nat\u016bralios kilm\u0117s biologi\u0161kai skaidus audinys. Tik i\u0161oriniam naudojimui.<\/p>\n","protected":false},"featured_media":95934,"template":"","meta":[],"product_cat":[1374],"product_tag":[],"class_list":{"0":"post-77407","1":"product","2":"type-product","3":"status-publish","4":"has-post-thumbnail","6":"product_brand-ciccarelli_it-lt","7":"product_cat-intymi-higiena","9":"first","10":"instock","11":"taxable","12":"shipping-taxable","13":"product-type-simple"},"_links":{"self":[{"href":"https:\/\/e.kosmolat.eu\/lt\/wp-json\/wp\/v2\/product\/77407","targetHints":{"allow":["GET"]}}],"collection":[{"href":"https:\/\/e.kosmolat.eu\/lt\/wp-json\/wp\/v2\/product"}],"about":[{"href":"https:\/\/e.kosmolat.eu\/lt\/wp-json\/wp\/v2\/types\/product"}],"wp:featuredmedia":[{"embeddable":true,"href":"https:\/\/e.kosmolat.eu\/lt\/wp-json\/wp\/v2\/media\/95934"}],"wp:attachment":[{"href":"https:\/\/e.kosmolat.eu\/lt\/wp-json\/wp\/v2\/media?parent=77407"}],"wp:term":[{"taxonomy":"product_cat","embeddable":true,"href":"https:\/\/e.kosmolat.eu\/lt\/wp-json\/wp\/v2\/product_cat?post=77407"},{"taxonomy":"product_tag","embeddable":true,"href":"https:\/\/e.kosmolat.eu\/lt\/wp-json\/wp\/v2\/product_tag?post=77407"}],"curies":[{"name":"wp","href":"https:\/\/api.w.org\/{rel}","templated":true}]}}