{"id":77403,"date":"2025-08-06T11:36:48","date_gmt":"2025-08-06T11:36:48","guid":{"rendered":"https:\/\/e.kosmolat.eu\/product\/cera-di-cupra-sensitive-intimate-tissues-12-pcs\/"},"modified":"2026-04-24T05:47:02","modified_gmt":"2026-04-24T05:47:02","slug":"cera-di-cupra-mitras-salvet-intim-hig-jutigai-adai-ar-medu-un-rozu-pieninu-ph-5-0-12-gab","status":"publish","type":"product","link":"https:\/\/e.kosmolat.eu\/lt\/produktas\/cera-di-cupra-mitras-salvet-intim-hig-jutigai-adai-ar-medu-un-rozu-pieninu-ph-5-0-12-gab\/","title":{"rendered":"CERA DI CUPRA dr\u0117gnos servet\u0117l\u0117s jautriai odai intymiai higienai su medumi ir ro\u017ei\u0173 pieneliu, pH 5,0"},"content":{"rendered":"<p>\u0160velni jautriai odai skirta intymios linijos \u201eCera di Cupra\u201c formul\u0117 dabar taip pat  dr\u0117gn\u0173 servet\u0117li\u0173 pavidalu. Jos ramina ir padeda i\u0161vengti sudirginimo d\u0117l sud\u0117tyje esan\u010dio \u201eCupra\u201c medaus ir ro\u017ei\u0173 pieno poveikio. Praturtintos propoliu \u2013 antibakteriniu komponentu, kur\u012f naudoja bit\u0117s, jos idealiai tinka naudoti ne namuose, suteikdamos \u0161velni\u0105 ir saugi\u0105 higiena.<\/p>\n<p>Fiziologinis pH. 100 % nat\u016bralios kilm\u0117s biologi\u0161kai skaidus audinys. Tik i\u0161oriniam naudojimui.<\/p>\n","protected":false},"excerpt":{"rendered":"<p>\u0160velni jautriai odai skirta intymios linijos \u201eCera di Cupra\u201c formul\u0117 dabar taip pat dr\u0117gn\u0173 servet\u0117li\u0173 pavidalu. Jos ramina ir padeda i\u0161vengti sudirginimo d\u0117l sud\u0117tyje esan\u010dio \u201eCupra\u201c medaus ir ro\u017ei\u0173 pieno poveikio. Praturtintos propoliu \u2013 antibakteriniu komponentu, kur\u012f naudoja bit\u0117s, jos idealiai tinka naudoti ne namuose, suteikdamos \u0161velni\u0105 ir saugi\u0105 higiena. Fiziologinis pH. 100 % nat\u016bralios [&#8230;]\n","protected":false},"featured_media":95938,"template":"","meta":[],"product_cat":[1374],"product_tag":[],"class_list":{"0":"post-77403","1":"product","2":"type-product","3":"status-publish","4":"has-post-thumbnail","6":"product_brand-ciccarelli_it-lt","7":"product_cat-intymi-higiena","9":"first","10":"instock","11":"taxable","12":"shipping-taxable","13":"product-type-simple"},"_links":{"self":[{"href":"https:\/\/e.kosmolat.eu\/lt\/wp-json\/wp\/v2\/product\/77403","targetHints":{"allow":["GET"]}}],"collection":[{"href":"https:\/\/e.kosmolat.eu\/lt\/wp-json\/wp\/v2\/product"}],"about":[{"href":"https:\/\/e.kosmolat.eu\/lt\/wp-json\/wp\/v2\/types\/product"}],"wp:featuredmedia":[{"embeddable":true,"href":"https:\/\/e.kosmolat.eu\/lt\/wp-json\/wp\/v2\/media\/95938"}],"wp:attachment":[{"href":"https:\/\/e.kosmolat.eu\/lt\/wp-json\/wp\/v2\/media?parent=77403"}],"wp:term":[{"taxonomy":"product_cat","embeddable":true,"href":"https:\/\/e.kosmolat.eu\/lt\/wp-json\/wp\/v2\/product_cat?post=77403"},{"taxonomy":"product_tag","embeddable":true,"href":"https:\/\/e.kosmolat.eu\/lt\/wp-json\/wp\/v2\/product_tag?post=77403"}],"curies":[{"name":"wp","href":"https:\/\/api.w.org\/{rel}","templated":true}]}}