{"id":77398,"date":"2025-08-06T10:06:46","date_gmt":"2025-08-06T10:06:46","guid":{"rendered":"https:\/\/e.kosmolat.eu\/product\/cera-di-cupra-gentle-intimate-wash-250-ml\/"},"modified":"2026-04-24T05:46:36","modified_gmt":"2026-04-24T05:46:36","slug":"cera-di-cupra-maigs-lidz-intimai-higienai-ar-medu-un-mand-pienu-ph-5-0-250-ml","status":"publish","type":"product","link":"https:\/\/e.kosmolat.eu\/lt\/produktas\/cera-di-cupra-maigs-lidz-intimai-higienai-ar-medu-un-mand-pienu-ph-5-0-250-ml\/","title":{"rendered":"CERA DI CUPRA \u0160velni intymios higienos priemon\u0117 su medumi ir migdol\u0173 pienu, pH 5,0, 250 ml"},"content":{"rendered":"<p>Naujoji intymios higienos formul\u0117 sujungia mink\u0161tinan\u010dias ir dr\u0117kinan\u010dias medaus savybes su apsauginiu migdol\u0173 pieno poveikiu, u\u017etikrindama \u0161velni\u0105 prie\u017ei\u016br\u0105 ir palaikydama nat\u016brali\u0105 intymios zonos pusiausvyr\u0105. Novatori\u0161ka formul\u0117 praturtinta propoliu \u2013 nat\u016braliu antibakteriniu komponentu, kur\u012f bit\u0117s naudoja aviliui apsaugoti. Ji suteikia veiksming\u0105 apsaug\u0105. Itin \u0161velnus produktas su fiziologiniu pH idealiai tinka kasdieniam naudojimui visai \u0161eimai.<\/p>\n<p>Naudojimas: U\u017etepkite nedidel\u012f kiek\u012f produkto, suputokite, tada kruop\u0161\u010diai nuplaukite \u0161iltu vandeniu. Naudokite vien\u0105 arba kelis kartus per dien\u0105 pagal poreik\u012f.<\/p>\n<p>Tik i\u0161oriniam naudojimui. Laikyti vaikams nepasiekiamoje vietoje.<\/p>\n","protected":false},"excerpt":{"rendered":"<p>Naujoji intymios higienos formul\u0117 sujungia mink\u0161tinan\u010dias ir dr\u0117kinan\u010dias medaus savybes su apsauginiu migdol\u0173 pieno poveikiu, u\u017etikrindama \u0161velni\u0105 prie\u017ei\u016br\u0105 ir palaikydama nat\u016brali\u0105 intymios zonos pusiausvyr\u0105. Novatori\u0161ka formul\u0117 praturtinta propoliu \u2013 nat\u016braliu antibakteriniu komponentu, kur\u012f bit\u0117s naudoja aviliui apsaugoti. Ji suteikia veiksming\u0105 apsaug\u0105. Itin \u0161velnus produktas su fiziologiniu pH idealiai tinka kasdieniam naudojimui visai \u0161eimai. Naudojimas: U\u017etepkite [&#8230;]\n","protected":false},"featured_media":95930,"template":"","meta":[],"product_cat":[1374],"product_tag":[],"class_list":{"0":"post-77398","1":"product","2":"type-product","3":"status-publish","4":"has-post-thumbnail","6":"product_brand-ciccarelli_it-lt","7":"product_cat-intymi-higiena","9":"first","10":"instock","11":"taxable","12":"shipping-taxable","13":"product-type-simple"},"_links":{"self":[{"href":"https:\/\/e.kosmolat.eu\/lt\/wp-json\/wp\/v2\/product\/77398","targetHints":{"allow":["GET"]}}],"collection":[{"href":"https:\/\/e.kosmolat.eu\/lt\/wp-json\/wp\/v2\/product"}],"about":[{"href":"https:\/\/e.kosmolat.eu\/lt\/wp-json\/wp\/v2\/types\/product"}],"wp:featuredmedia":[{"embeddable":true,"href":"https:\/\/e.kosmolat.eu\/lt\/wp-json\/wp\/v2\/media\/95930"}],"wp:attachment":[{"href":"https:\/\/e.kosmolat.eu\/lt\/wp-json\/wp\/v2\/media?parent=77398"}],"wp:term":[{"taxonomy":"product_cat","embeddable":true,"href":"https:\/\/e.kosmolat.eu\/lt\/wp-json\/wp\/v2\/product_cat?post=77398"},{"taxonomy":"product_tag","embeddable":true,"href":"https:\/\/e.kosmolat.eu\/lt\/wp-json\/wp\/v2\/product_tag?post=77398"}],"curies":[{"name":"wp","href":"https:\/\/api.w.org\/{rel}","templated":true}]}}