{"id":77385,"date":"2025-08-04T07:18:34","date_gmt":"2025-08-04T07:18:34","guid":{"rendered":"https:\/\/e.kosmolat.eu\/product\/dsc-viriesu-dusas-zeleja-ar-sandalk-un-naves-juras-mineraliem-1-l\/"},"modified":"2026-04-23T09:29:29","modified_gmt":"2026-04-23T09:29:29","slug":"dsc-viriesu-dusas-zeleja-ar-sandalk-un-naves-juras-mineraliem-1-l","status":"publish","type":"product","link":"https:\/\/e.kosmolat.eu\/lt\/produktas\/dsc-viriesu-dusas-zeleja-ar-sandalk-un-naves-juras-mineraliem-1-l\/","title":{"rendered":"DEAD SEA COLLECTION Vyri\u0161kas du\u0161o gelis 3in1 santalas ir Negyvosios j\u016bros mineralais, 1 l"},"content":{"rendered":"<p>Gaivinanti trigubo poveikio formul\u0117, sukurta specialiai vyrams.<br \/>\nProdukt\u0105 galima naudoti kaip du\u0161o \u017eel\u0119, \u0161amp\u016bn\u0105 ir valikl\u012f, tod\u0117l nereikia keisti buteliuk\u0173, kai r\u016bpinat\u0117s savo oda. Jis efektyviai pa\u0161alina ne\u0161varumus nesausindamas odos ir po kiekvieno naudojimo suteikia gaivumo, \u017evalumo ir energijos poj\u016bt\u012f.<\/p>\n<p>Naudojimas: Naudokite du\u0161e arba vonioje. Nuplaukite \u0161iltu vandeniu.<\/p>\n","protected":false},"excerpt":{"rendered":"<p>Gaivinanti trigubo poveikio formul\u0117, sukurta specialiai vyrams. Produkt\u0105 galima naudoti kaip du\u0161o \u017eel\u0119, \u0161amp\u016bn\u0105 ir valikl\u012f, tod\u0117l nereikia keisti buteliuk\u0173, kai r\u016bpinat\u0117s savo oda. Jis efektyviai pa\u0161alina ne\u0161varumus nesausindamas odos ir po kiekvieno naudojimo suteikia gaivumo, \u017evalumo ir energijos poj\u016bt\u012f. Naudojimas: Naudokite du\u0161e arba vonioje. Nuplaukite \u0161iltu vandeniu.<\/p>\n","protected":false},"featured_media":93938,"template":"","meta":[],"product_cat":[1678],"product_tag":[],"class_list":{"0":"post-77385","1":"product","2":"type-product","3":"status-publish","4":"has-post-thumbnail","6":"product_brand-dead-sea_il-lt","7":"product_cat-veido-prieziurai","9":"first","10":"instock","11":"taxable","12":"shipping-taxable","13":"product-type-simple"},"_links":{"self":[{"href":"https:\/\/e.kosmolat.eu\/lt\/wp-json\/wp\/v2\/product\/77385","targetHints":{"allow":["GET"]}}],"collection":[{"href":"https:\/\/e.kosmolat.eu\/lt\/wp-json\/wp\/v2\/product"}],"about":[{"href":"https:\/\/e.kosmolat.eu\/lt\/wp-json\/wp\/v2\/types\/product"}],"wp:featuredmedia":[{"embeddable":true,"href":"https:\/\/e.kosmolat.eu\/lt\/wp-json\/wp\/v2\/media\/93938"}],"wp:attachment":[{"href":"https:\/\/e.kosmolat.eu\/lt\/wp-json\/wp\/v2\/media?parent=77385"}],"wp:term":[{"taxonomy":"product_cat","embeddable":true,"href":"https:\/\/e.kosmolat.eu\/lt\/wp-json\/wp\/v2\/product_cat?post=77385"},{"taxonomy":"product_tag","embeddable":true,"href":"https:\/\/e.kosmolat.eu\/lt\/wp-json\/wp\/v2\/product_tag?post=77385"}],"curies":[{"name":"wp","href":"https:\/\/api.w.org\/{rel}","templated":true}]}}