{"id":77364,"date":"2025-08-02T04:00:35","date_gmt":"2025-08-02T04:00:35","guid":{"rendered":"https:\/\/e.kosmolat.eu\/product\/skeres-kutikulai-9166\/"},"modified":"2026-04-10T08:45:53","modified_gmt":"2026-04-10T08:45:53","slug":"skeres-kutikulai-9166","status":"publish","type":"product","link":"https:\/\/e.kosmolat.eu\/lt\/produktas\/skeres-kutikulai-9166\/","title":{"rendered":"\u017dirklut\u0117s odel\u0117ms"},"content":{"rendered":"<p>\u017dirklut\u0117s odel\u0117ms i\u0161 ner\u016bdijan\u010dio plieno.<\/p>\n<p>D\u0117mesio: Laikyti vaikams nepasiekiamoje vietoje!<\/p>\n","protected":false},"excerpt":{"rendered":"<p>\u017dirklut\u0117s odel\u0117ms i\u0161 ner\u016bdijan\u010dio plieno. D\u0117mesio: Laikyti vaikams nepasiekiamoje vietoje!<\/p>\n","protected":false},"featured_media":79450,"template":"","meta":[],"product_cat":[1823],"product_tag":[],"class_list":{"0":"post-77364","1":"product","2":"type-product","3":"status-publish","4":"has-post-thumbnail","6":"product_brand-donegal-sp-zo-o-_pl-lt","7":"product_cat-manikiuro-priemonesi","9":"first","10":"instock","11":"taxable","12":"shipping-taxable","13":"product-type-simple"},"_links":{"self":[{"href":"https:\/\/e.kosmolat.eu\/lt\/wp-json\/wp\/v2\/product\/77364","targetHints":{"allow":["GET"]}}],"collection":[{"href":"https:\/\/e.kosmolat.eu\/lt\/wp-json\/wp\/v2\/product"}],"about":[{"href":"https:\/\/e.kosmolat.eu\/lt\/wp-json\/wp\/v2\/types\/product"}],"wp:featuredmedia":[{"embeddable":true,"href":"https:\/\/e.kosmolat.eu\/lt\/wp-json\/wp\/v2\/media\/79450"}],"wp:attachment":[{"href":"https:\/\/e.kosmolat.eu\/lt\/wp-json\/wp\/v2\/media?parent=77364"}],"wp:term":[{"taxonomy":"product_cat","embeddable":true,"href":"https:\/\/e.kosmolat.eu\/lt\/wp-json\/wp\/v2\/product_cat?post=77364"},{"taxonomy":"product_tag","embeddable":true,"href":"https:\/\/e.kosmolat.eu\/lt\/wp-json\/wp\/v2\/product_tag?post=77364"}],"curies":[{"name":"wp","href":"https:\/\/api.w.org\/{rel}","templated":true}]}}