{"id":77326,"date":"2025-07-31T04:06:25","date_gmt":"2025-07-31T04:06:25","guid":{"rendered":"https:\/\/e.kosmolat.eu\/product\/dr-s-cucumber-minerala-maska-75-ml\/"},"modified":"2026-04-15T13:24:12","modified_gmt":"2026-04-15T13:24:12","slug":"dr-s-cucumber-minerala-maska-75-ml","status":"publish","type":"product","link":"https:\/\/e.kosmolat.eu\/lt\/produktas\/dr-s-cucumber-minerala-maska-75-ml\/","title":{"rendered":"&#8220;Dr.S Cucumber&#8221; Mineralin\u0117 veido kauk\u0117 75ml"},"content":{"rendered":"<p>Baltojo molio pagrindas; i\u0161lygina veido spalv\u0105; ma\u017eina poras; 3D apsauga; normaliai ir linkusiai riebaluotis odai; agurko ekstraktas, ACNACIDOL, vitaminas A, VITAL ET.<\/p>\n<p>I\u0161lygina ir pagerina odos spalv\u0105, \u0161viesina pigmentines d\u0117mes. Normalizuoja riebalini\u0173 liauk\u0173 veikl\u0105, padaro od\u0105 ne toki\u0105 riebi\u0105, o poras ma\u017eiaus pastebimas. Prisotina od\u0105 dr\u0117gme ir mineralais; ma\u017eina poras, i\u0161lygina randelius nuo spuog\u0173, pa\u0161alina toksinus, suma\u017eina paraudim\u0105.<\/p>\n<p>NAUDOJIMO B\u016aDAS: U\u017etepti ant nuvalytos odos, nuplauti valan\u010diomis putomis po 3-5 min. Nuvalyti toniku. Naudoti 1-2 kartus per savait\u0119.<\/p>\n<p>LAIKYMO S\u0104LYGOS: nuo +5 \u00b0 C iki +25 \u00b0 C.<\/p>\n","protected":false},"excerpt":{"rendered":"<p>Baltojo molio pagrindas; i\u0161lygina veido spalv\u0105; ma\u017eina poras; 3D apsauga; normaliai ir linkusiai riebaluotis odai; agurko ekstraktas, ACNACIDOL, vitaminas A, VITAL ET. I\u0161lygina ir pagerina odos spalv\u0105, \u0161viesina pigmentines d\u0117mes. Normalizuoja riebalini\u0173 liauk\u0173 veikl\u0105, padaro od\u0105 ne toki\u0105 riebi\u0105, o poras ma\u017eiaus pastebimas. Prisotina od\u0105 dr\u0117gme ir mineralais; ma\u017eina poras, i\u0161lygina randelius nuo spuog\u0173, pa\u0161alina [&#8230;]\n","protected":false},"featured_media":78974,"template":"","meta":[],"product_cat":[1369],"product_tag":[],"class_list":{"0":"post-77326","1":"product","2":"type-product","3":"status-publish","4":"has-post-thumbnail","6":"product_brand-elfa_ua-lt","7":"product_cat-veido-kaukes","9":"first","10":"instock","11":"taxable","12":"shipping-taxable","13":"product-type-simple"},"_links":{"self":[{"href":"https:\/\/e.kosmolat.eu\/lt\/wp-json\/wp\/v2\/product\/77326","targetHints":{"allow":["GET"]}}],"collection":[{"href":"https:\/\/e.kosmolat.eu\/lt\/wp-json\/wp\/v2\/product"}],"about":[{"href":"https:\/\/e.kosmolat.eu\/lt\/wp-json\/wp\/v2\/types\/product"}],"wp:featuredmedia":[{"embeddable":true,"href":"https:\/\/e.kosmolat.eu\/lt\/wp-json\/wp\/v2\/media\/78974"}],"wp:attachment":[{"href":"https:\/\/e.kosmolat.eu\/lt\/wp-json\/wp\/v2\/media?parent=77326"}],"wp:term":[{"taxonomy":"product_cat","embeddable":true,"href":"https:\/\/e.kosmolat.eu\/lt\/wp-json\/wp\/v2\/product_cat?post=77326"},{"taxonomy":"product_tag","embeddable":true,"href":"https:\/\/e.kosmolat.eu\/lt\/wp-json\/wp\/v2\/product_tag?post=77326"}],"curies":[{"name":"wp","href":"https:\/\/api.w.org\/{rel}","templated":true}]}}