{"id":77286,"date":"2025-07-31T04:03:30","date_gmt":"2025-07-31T04:03:30","guid":{"rendered":"https:\/\/e.kosmolat.eu\/product\/jee-cosm-notur-matu-kremkr-7-43-vara-viskijs-50-50-30-ml\/"},"modified":"2026-02-01T06:34:05","modified_gmt":"2026-02-01T06:34:05","slug":"jee-cosm-notur-matu-kremkr-7-43-vara-viskijs-50-50-30-ml","status":"publish","type":"product","link":"https:\/\/e.kosmolat.eu\/lt\/produktas\/jee-cosm-notur-matu-kremkr-7-43-vara-viskijs-50-50-30-ml\/","title":{"rendered":"JEE COSMETICS Kreminiai da\u017eai plaukams 7-43 Varinis viskis, 50\/50\/30 ml"},"content":{"rendered":"<p>100 % \u017eil\u0173 plauk\u0173 padengimas. Su argan\u0173 ir kamelij\u0173 aliejumi. Intensyvi ir ilgai i\u0161liekanti spalva, tolygus rezultatas nuo \u0161akn\u0173 iki galiuk\u0173. \u201ePlexPlusOil\u201c technologija apsaugo mikrojungtis plauk\u0173 strukt\u016broje. Suma\u017eina plauk\u0173 l\u016b\u017ein\u0117jim\u0105, suteikia jiems mink\u0161tumo ir nat\u016bralaus blizgesio.<\/p>\n<p>Pakuot\u0117je: kreminiai plauk\u0173 da\u017eai 2 x 25 ml, oksidacin\u0117 emulsija 2 x 25 ml, kauk\u0117-balzamas 2 x 15ml, polietilenin\u0117s pir\u0161tin\u0117s &#8211; 1 pora, instrukcija 2 vnt.<\/p>\n<p>Naudojimas: vadovaukit\u0117s instrukcijomis.<\/p>\n<p>Atsargumo priemon\u0117s: D\u0116MESIO! Sud\u0117tyje yra amoniako, vandenilio peroksido, fenilendiamin\u0173 (t. 1-12, 2-05, 3-61, 3-72, 4-37, 5-01, 5-65, 5-74, 6-75, 7-43, 9-01), rezorcinolio (t. 1-12, 2-05, 3-72, 4-37, 5-01, 6-75, 7-02, 8-34, 9-01, 9-07), fenilendiamin\u0173 (toluendiamin\u0173) (t. 3-72, 4-37, 4-67, 5-01, 6-75, 7-02, 7-62, 8-34, 8-65, 9-07, 9-51). Gali sukelti sunki\u0105 alergin\u0119 reakcij\u0105. 48 valandas prie\u0161 naudojim\u0105 atlikite alergijos test\u0105. Perskaitykite ir vykdykite instrukcijas. Nenaudoti jaunesniems nei 16 met\u0173 asmenims. Kauk\u0117-balzamas sud\u0117tyje yra vitamino A. Prie\u0161 naudojant atsi\u017evelgti \u012f paros doz\u0119. Laikinos juodosios chna tatuiruot\u0117s padidina alergin\u0117s reakcijos rizik\u0105. Nenaudoti, jei: i\u0161b\u0117r\u0117 veid\u0105, jautri, pa\u017eeista, sudirgusi galvos oda, pasirei\u0161k\u0117 alergin\u0117 reakcija \u012f juodos chna da\u017eus ar laikin\u0105 tatuiruot\u0119. Vengti patekimo \u012f akis. Patekus \u012f akis, nedelsiant gausiai praplauti vandeniu. Nenaudoti antakiams ir blakstienoms da\u017eyti.  Naudokite apsaugines pir\u0161tines. Pasibaigus ekspozicijos laikui, mi\u0161in\u012f gerai nuplaukite. Laikyti vaikams nepasiekiamoje vietoje.<\/p>\n<p>Geriausias: 36 m\u0117nesiai.<\/p>\n","protected":false},"excerpt":{"rendered":"<p>100 % \u017eil\u0173 plauk\u0173 padengimas. Su argan\u0173 ir kamelij\u0173 aliejumi. Intensyvi ir ilgai i\u0161liekanti spalva, tolygus rezultatas nuo \u0161akn\u0173 iki galiuk\u0173. \u201ePlexPlusOil\u201c technologija apsaugo mikrojungtis plauk\u0173 strukt\u016broje. Suma\u017eina plauk\u0173 l\u016b\u017ein\u0117jim\u0105, suteikia jiems mink\u0161tumo ir nat\u016bralaus blizgesio. Pakuot\u0117je: kreminiai plauk\u0173 da\u017eai 2 x 25 ml, oksidacin\u0117 emulsija 2 x 25 ml, kauk\u0117-balzamas 2 x 15ml, polietilenin\u0117s [&#8230;]\n","protected":false},"featured_media":96958,"template":"","meta":[],"product_cat":[1442],"product_tag":[],"class_list":{"0":"post-77286","1":"product","2":"type-product","3":"status-publish","4":"has-post-thumbnail","6":"product_brand-kombi_ua-lt","7":"product_cat-plauku-dazai-plauku-dazai","9":"first","10":"instock","11":"taxable","12":"shipping-taxable","13":"product-type-simple"},"_links":{"self":[{"href":"https:\/\/e.kosmolat.eu\/lt\/wp-json\/wp\/v2\/product\/77286","targetHints":{"allow":["GET"]}}],"collection":[{"href":"https:\/\/e.kosmolat.eu\/lt\/wp-json\/wp\/v2\/product"}],"about":[{"href":"https:\/\/e.kosmolat.eu\/lt\/wp-json\/wp\/v2\/types\/product"}],"wp:featuredmedia":[{"embeddable":true,"href":"https:\/\/e.kosmolat.eu\/lt\/wp-json\/wp\/v2\/media\/96958"}],"wp:attachment":[{"href":"https:\/\/e.kosmolat.eu\/lt\/wp-json\/wp\/v2\/media?parent=77286"}],"wp:term":[{"taxonomy":"product_cat","embeddable":true,"href":"https:\/\/e.kosmolat.eu\/lt\/wp-json\/wp\/v2\/product_cat?post=77286"},{"taxonomy":"product_tag","embeddable":true,"href":"https:\/\/e.kosmolat.eu\/lt\/wp-json\/wp\/v2\/product_tag?post=77286"}],"curies":[{"name":"wp","href":"https:\/\/api.w.org\/{rel}","templated":true}]}}