{"id":77231,"date":"2025-07-29T04:04:37","date_gmt":"2025-07-29T04:04:37","guid":{"rendered":"https:\/\/e.kosmolat.eu\/product\/dr-sante-pre-age-maigas-attir-sejas-putas-keramidsprebiotika-150-ml\/"},"modified":"2026-04-15T13:09:12","modified_gmt":"2026-04-15T13:09:12","slug":"dr-sante-pre-age-maigas-attir-sejas-putas-keramidsprebiotika-150-ml","status":"publish","type":"product","link":"https:\/\/e.kosmolat.eu\/lt\/produktas\/dr-sante-pre-age-maigas-attir-sejas-putas-keramidsprebiotika-150-ml\/","title":{"rendered":"DR. SANTE Pre Age \u0161velnios valomosios putos su keramidais ir prebiotikais, 150 ml"},"content":{"rendered":"<p>\u0160velni valomoji esencija lengvai virsta sodriomis, puriomis putomis su dr\u0117kinamuoju poveikiu. \u0160velniai valo ir palaiko odos hidrobalans\u0105. Sud\u0117tyje yra keramid\u0173 ir prebiotik\u0173. Idealiai tinka sausai odai, kai pastebimi pirmieji su am\u017eiumi susijusi\u0173 poky\u010di\u0173 po\u017eymiai.<\/p>\n<p>Naudojimas: tepkite ant dr\u0117gnos odos, nuplaukite vandeniu.<\/p>\n<p>Laikymas: nuo +5 \u00b0C iki +25 \u00b0C.<\/p>\n<p>Geriausias: 30 m\u0117nesi\u0173 nuo pagaminimo datos.<\/p>\n","protected":false},"excerpt":{"rendered":"<p>\u0160velni valomoji esencija lengvai virsta sodriomis, puriomis putomis su dr\u0117kinamuoju poveikiu. \u0160velniai valo ir palaiko odos hidrobalans\u0105. Sud\u0117tyje yra keramid\u0173 ir prebiotik\u0173. Idealiai tinka sausai odai, kai pastebimi pirmieji su am\u017eiumi susijusi\u0173 poky\u010di\u0173 po\u017eymiai. Naudojimas: tepkite ant dr\u0117gnos odos, nuplaukite vandeniu. Laikymas: nuo +5 \u00b0C iki +25 \u00b0C. Geriausias: 30 m\u0117nesi\u0173 nuo pagaminimo datos.<\/p>\n","protected":false},"featured_media":107102,"template":"","meta":[],"product_cat":[1835],"product_tag":[],"class_list":{"0":"post-77231","1":"product","2":"type-product","3":"status-publish","4":"has-post-thumbnail","6":"product_brand-elfa_ua-lt","7":"product_cat-prausimosi-putos","9":"first","10":"instock","11":"taxable","12":"shipping-taxable","13":"product-type-simple"},"_links":{"self":[{"href":"https:\/\/e.kosmolat.eu\/lt\/wp-json\/wp\/v2\/product\/77231","targetHints":{"allow":["GET"]}}],"collection":[{"href":"https:\/\/e.kosmolat.eu\/lt\/wp-json\/wp\/v2\/product"}],"about":[{"href":"https:\/\/e.kosmolat.eu\/lt\/wp-json\/wp\/v2\/types\/product"}],"wp:featuredmedia":[{"embeddable":true,"href":"https:\/\/e.kosmolat.eu\/lt\/wp-json\/wp\/v2\/media\/107102"}],"wp:attachment":[{"href":"https:\/\/e.kosmolat.eu\/lt\/wp-json\/wp\/v2\/media?parent=77231"}],"wp:term":[{"taxonomy":"product_cat","embeddable":true,"href":"https:\/\/e.kosmolat.eu\/lt\/wp-json\/wp\/v2\/product_cat?post=77231"},{"taxonomy":"product_tag","embeddable":true,"href":"https:\/\/e.kosmolat.eu\/lt\/wp-json\/wp\/v2\/product_tag?post=77231"}],"curies":[{"name":"wp","href":"https:\/\/api.w.org\/{rel}","templated":true}]}}