{"id":77223,"date":"2025-07-29T04:04:20","date_gmt":"2025-07-29T04:04:20","guid":{"rendered":"https:\/\/e.kosmolat.eu\/product\/dr-sante-pre-age-aizsarg-toniks-keramidsprebiotika-200-ml\/"},"modified":"2026-05-08T16:10:26","modified_gmt":"2026-05-08T16:10:26","slug":"dr-sante-pre-age-aizsarg-toniks-keramidsprebiotika-200-ml","status":"publish","type":"product","link":"https:\/\/e.kosmolat.eu\/lt\/produktas\/dr-sante-pre-age-aizsarg-toniks-keramidsprebiotika-200-ml\/","title":{"rendered":"DR. SANTE Pre Age  apsaugantis tonikas su keramidais ir prebiotikais, 200 ml"},"content":{"rendered":"<p>Dr\u0117kina, ramina ir atkuria odos komfort\u0105. Tinka veido, kaklo ir dekolt\u0117 odai. Sud\u0117tyje yra keramid\u0173 ir prebiotik\u0173. Idealiai tinka sausai odai, kai atsiranda pirmieji su am\u017eiumi susijusi\u0173 poky\u010di\u0173 po\u017eymiai.<\/p>\n<p>Naudojimas: u\u017etepkite ant vatos diskelio ir lengvais judesiais valykite od\u0105.<\/p>\n<p>Laikymas: nuo +5 \u00b0C iki +25 \u00b0C.<\/p>\n<p>Geriausias: 30 m\u0117nesi\u0173 nuo pagaminimo datos.<\/p>\n","protected":false},"excerpt":{"rendered":"<p>Dr\u0117kina, ramina ir atkuria odos komfort\u0105. Tinka veido, kaklo ir dekolt\u0117 odai. Sud\u0117tyje yra keramid\u0173 ir prebiotik\u0173. Idealiai tinka sausai odai, kai atsiranda pirmieji su am\u017eiumi susijusi\u0173 poky\u010di\u0173 po\u017eymiai. Naudojimas: u\u017etepkite ant vatos diskelio ir lengvais judesiais valykite od\u0105. Laikymas: nuo +5 \u00b0C iki +25 \u00b0C. Geriausias: 30 m\u0117nesi\u0173 nuo pagaminimo datos.<\/p>\n","protected":false},"featured_media":106984,"template":"","meta":[],"product_cat":[1580],"product_tag":[],"class_list":{"0":"post-77223","1":"product","2":"type-product","3":"status-publish","4":"has-post-thumbnail","6":"product_brand-elfa_ua-lt","7":"product_cat-losjonai-ir-tonikai","9":"first","10":"instock","11":"taxable","12":"shipping-taxable","13":"product-type-simple"},"_links":{"self":[{"href":"https:\/\/e.kosmolat.eu\/lt\/wp-json\/wp\/v2\/product\/77223","targetHints":{"allow":["GET"]}}],"collection":[{"href":"https:\/\/e.kosmolat.eu\/lt\/wp-json\/wp\/v2\/product"}],"about":[{"href":"https:\/\/e.kosmolat.eu\/lt\/wp-json\/wp\/v2\/types\/product"}],"wp:featuredmedia":[{"embeddable":true,"href":"https:\/\/e.kosmolat.eu\/lt\/wp-json\/wp\/v2\/media\/106984"}],"wp:attachment":[{"href":"https:\/\/e.kosmolat.eu\/lt\/wp-json\/wp\/v2\/media?parent=77223"}],"wp:term":[{"taxonomy":"product_cat","embeddable":true,"href":"https:\/\/e.kosmolat.eu\/lt\/wp-json\/wp\/v2\/product_cat?post=77223"},{"taxonomy":"product_tag","embeddable":true,"href":"https:\/\/e.kosmolat.eu\/lt\/wp-json\/wp\/v2\/product_tag?post=77223"}],"curies":[{"name":"wp","href":"https:\/\/api.w.org\/{rel}","templated":true}]}}