{"id":77215,"date":"2025-07-29T04:04:03","date_gmt":"2025-07-29T04:04:03","guid":{"rendered":"https:\/\/e.kosmolat.eu\/product\/dr-sante-pre-age-aizsarg-mitrin-maska-keramidsprebiotika-75-ml\/"},"modified":"2026-04-15T13:08:47","modified_gmt":"2026-04-15T13:08:47","slug":"dr-sante-pre-age-aizsarg-mitrin-maska-keramidsprebiotika-75-ml","status":"publish","type":"product","link":"https:\/\/e.kosmolat.eu\/lt\/produktas\/dr-sante-pre-age-aizsarg-mitrin-maska-keramidsprebiotika-75-ml\/","title":{"rendered":"DR. SANTE Pre Age sauganti dr\u0117kinamoji kauk\u0117 su keramidais ir prebiotikais, 75 ml"},"content":{"rendered":"<p>Stiprina odos apsaugin\u012f barjer\u0105, atkuria komfort\u0105 ir suteikia energijos.<br \/>\nSud\u0117tyje yra keramid\u0173 ir prebiotik\u0173. Idealiai tinka sausai odai, pasirei\u0161kus pirmiesiems su am\u017eiumi susijusi\u0173 poky\u010di\u0173 po\u017eymiams.<\/p>\n<p>Naudojimas: tepkite ant \u0161varios odos, palikite 10\u201315 minu\u010di\u0173. Nuplaukite \u0161iltu vandeniu. Naudokite 1\u20132 kartus per savait\u0119.<\/p>\n<p>Laikymas: nuo +5 \u00b0C iki +25 \u00b0C.<\/p>\n<p>Geriausias: 30 m\u0117nesi\u0173 nuo pagaminimo datos.<\/p>\n","protected":false},"excerpt":{"rendered":"<p>Stiprina odos apsaugin\u012f barjer\u0105, atkuria komfort\u0105 ir suteikia energijos. Sud\u0117tyje yra keramid\u0173 ir prebiotik\u0173. Idealiai tinka sausai odai, pasirei\u0161kus pirmiesiems su am\u017eiumi susijusi\u0173 poky\u010di\u0173 po\u017eymiams. Naudojimas: tepkite ant \u0161varios odos, palikite 10\u201315 minu\u010di\u0173. Nuplaukite \u0161iltu vandeniu. Naudokite 1\u20132 kartus per savait\u0119. Laikymas: nuo +5 \u00b0C iki +25 \u00b0C. Geriausias: 30 m\u0117nesi\u0173 nuo pagaminimo datos.<\/p>\n","protected":false},"featured_media":107098,"template":"","meta":[],"product_cat":[1369],"product_tag":[],"class_list":{"0":"post-77215","1":"product","2":"type-product","3":"status-publish","4":"has-post-thumbnail","6":"product_brand-elfa_ua-lt","7":"product_cat-veido-kaukes","9":"first","10":"instock","11":"taxable","12":"shipping-taxable","13":"product-type-simple"},"_links":{"self":[{"href":"https:\/\/e.kosmolat.eu\/lt\/wp-json\/wp\/v2\/product\/77215","targetHints":{"allow":["GET"]}}],"collection":[{"href":"https:\/\/e.kosmolat.eu\/lt\/wp-json\/wp\/v2\/product"}],"about":[{"href":"https:\/\/e.kosmolat.eu\/lt\/wp-json\/wp\/v2\/types\/product"}],"wp:featuredmedia":[{"embeddable":true,"href":"https:\/\/e.kosmolat.eu\/lt\/wp-json\/wp\/v2\/media\/107098"}],"wp:attachment":[{"href":"https:\/\/e.kosmolat.eu\/lt\/wp-json\/wp\/v2\/media?parent=77215"}],"wp:term":[{"taxonomy":"product_cat","embeddable":true,"href":"https:\/\/e.kosmolat.eu\/lt\/wp-json\/wp\/v2\/product_cat?post=77215"},{"taxonomy":"product_tag","embeddable":true,"href":"https:\/\/e.kosmolat.eu\/lt\/wp-json\/wp\/v2\/product_tag?post=77215"}],"curies":[{"name":"wp","href":"https:\/\/api.w.org\/{rel}","templated":true}]}}