{"id":77207,"date":"2025-07-29T04:03:46","date_gmt":"2025-07-29T04:03:46","guid":{"rendered":"https:\/\/e.kosmolat.eu\/product\/dr-sante-pre-age-intens-krems-adai-ap-ac-keramidsprebiotika-15-ml\/"},"modified":"2026-05-08T21:09:49","modified_gmt":"2026-05-08T21:09:49","slug":"dr-sante-pre-age-intens-krems-adai-ap-ac-keramidsprebiotika-15-ml","status":"publish","type":"product","link":"https:\/\/e.kosmolat.eu\/lt\/produktas\/dr-sante-pre-age-intens-krems-adai-ap-ac-keramidsprebiotika-15-ml\/","title":{"rendered":"DR. SANTE Pre Age  Intensyvus paaki\u0173 kremas su keramidais ir prebiotikais, 15 ml"},"content":{"rendered":"<p>\u0160velnus kremas suteikia odai aplink akis elastingumo, intensyviai dr\u0117kina, pa\u0161alina streso ir nuovargio p\u0117dsakus, u\u017epildo spindesiu ir energija. Keramidai ir prebiotikai palaiko odos apsaugin\u012f barjer\u0105 ir dr\u0117gm\u0117s lyg\u012f. Oda atrodo gaivi, elastinga, be sausumo poj\u016b\u010dio.<\/p>\n<p>Naudojimas: tepkite ant \u0161varios odos aplink akis ir paskirstykite lengvais masa\u017euojamaisiais judesiais. Naudokite rytais ir vakarais<\/p>\n<p>Laikymas: nuo +5 \u00b0C iki +25 \u00b0C.<\/p>\n<p>Geriausias: 30 m\u0117nesi\u0173 nuo pagaminimo datos.<\/p>\n","protected":false},"excerpt":{"rendered":"<p>\u0160velnus kremas suteikia odai aplink akis elastingumo, intensyviai dr\u0117kina, pa\u0161alina streso ir nuovargio p\u0117dsakus, u\u017epildo spindesiu ir energija. Keramidai ir prebiotikai palaiko odos apsaugin\u012f barjer\u0105 ir dr\u0117gm\u0117s lyg\u012f. Oda atrodo gaivi, elastinga, be sausumo poj\u016b\u010dio. Naudojimas: tepkite ant \u0161varios odos aplink akis ir paskirstykite lengvais masa\u017euojamaisiais judesiais. Naudokite rytais ir vakarais Laikymas: nuo +5 \u00b0C [&#8230;]\n","protected":false},"featured_media":106980,"template":"","meta":[],"product_cat":[1322],"product_tag":[],"class_list":{"0":"post-77207","1":"product","2":"type-product","3":"status-publish","4":"has-post-thumbnail","6":"product_brand-elfa_ua-lt","7":"product_cat-veido-kremai","9":"first","10":"instock","11":"taxable","12":"shipping-taxable","13":"product-type-simple"},"_links":{"self":[{"href":"https:\/\/e.kosmolat.eu\/lt\/wp-json\/wp\/v2\/product\/77207","targetHints":{"allow":["GET"]}}],"collection":[{"href":"https:\/\/e.kosmolat.eu\/lt\/wp-json\/wp\/v2\/product"}],"about":[{"href":"https:\/\/e.kosmolat.eu\/lt\/wp-json\/wp\/v2\/types\/product"}],"wp:featuredmedia":[{"embeddable":true,"href":"https:\/\/e.kosmolat.eu\/lt\/wp-json\/wp\/v2\/media\/106980"}],"wp:attachment":[{"href":"https:\/\/e.kosmolat.eu\/lt\/wp-json\/wp\/v2\/media?parent=77207"}],"wp:term":[{"taxonomy":"product_cat","embeddable":true,"href":"https:\/\/e.kosmolat.eu\/lt\/wp-json\/wp\/v2\/product_cat?post=77207"},{"taxonomy":"product_tag","embeddable":true,"href":"https:\/\/e.kosmolat.eu\/lt\/wp-json\/wp\/v2\/product_tag?post=77207"}],"curies":[{"name":"wp","href":"https:\/\/api.w.org\/{rel}","templated":true}]}}