{"id":77191,"date":"2025-07-29T04:03:12","date_gmt":"2025-07-29T04:03:12","guid":{"rendered":"https:\/\/e.kosmolat.eu\/product\/dr-sante-pre-age-aizsarg-mitrin-dienas-krems-keramidsprebiotika-50-ml\/"},"modified":"2026-05-08T21:09:23","modified_gmt":"2026-05-08T21:09:23","slug":"dr-sante-pre-age-aizsarg-mitrin-dienas-krems-keramidsprebiotika-50-ml","status":"publish","type":"product","link":"https:\/\/e.kosmolat.eu\/lt\/produktas\/dr-sante-pre-age-aizsarg-mitrin-dienas-krems-keramidsprebiotika-50-ml\/","title":{"rendered":"DR. SANTE Pre Age  saugantis dr\u0117kinamasis dieninis kremas su keramidais ir prebiotikais, 50 ml"},"content":{"rendered":"<p>Dr\u0117kinamasis kremas idealiai tinka sausai odai, kuriai pastebimi pirmieji su am\u017eiumi susijusi\u0173 poky\u010di\u0173 po\u017eymiai. Lengvos tekst\u016bros kremas greitai \u012fsigeria, palikdamas dr\u0117gm\u0117s poj\u016bt\u012f. Keramidai ir prebiotikai palaiko odos apsaugin\u012f barjer\u0105 ir dr\u0117gm\u0117s lyg\u012f. Naudojant ryte, kremas akimirksniu dr\u0117kina, ramina ir suteikia odai komforto poj\u016bt\u012f. Reguliariai naudojant vis\u0105 \u201eDr.Sante\u201c PRE AGE linij\u0105, oda ilgai i\u0161lieka sudr\u0117kinta, elastinga ir lygi.<\/p>\n<p>Naudojimas: tepkite lengvais judesiais ant \u0161varios veido odos masa\u017eo linijomis.<\/p>\n<p>Laikymas: nuo +5 \u00b0C iki +25 \u00b0C.<\/p>\n<p>Geriausias: 30 m\u0117nesi\u0173 nuo pagaminimo datos.<\/p>\n","protected":false},"excerpt":{"rendered":"<p>Dr\u0117kinamasis kremas idealiai tinka sausai odai, kuriai pastebimi pirmieji su am\u017eiumi susijusi\u0173 poky\u010di\u0173 po\u017eymiai. Lengvos tekst\u016bros kremas greitai \u012fsigeria, palikdamas dr\u0117gm\u0117s poj\u016bt\u012f. Keramidai ir prebiotikai palaiko odos apsaugin\u012f barjer\u0105 ir dr\u0117gm\u0117s lyg\u012f. Naudojant ryte, kremas akimirksniu dr\u0117kina, ramina ir suteikia odai komforto poj\u016bt\u012f. Reguliariai naudojant vis\u0105 \u201eDr.Sante\u201c PRE AGE linij\u0105, oda ilgai i\u0161lieka sudr\u0117kinta, elastinga [&#8230;]\n","protected":false},"featured_media":97230,"template":"","meta":[],"product_cat":[1322],"product_tag":[],"class_list":{"0":"post-77191","1":"product","2":"type-product","3":"status-publish","4":"has-post-thumbnail","6":"product_brand-elfa_ua-lt","7":"product_cat-veido-kremai","9":"first","10":"instock","11":"taxable","12":"shipping-taxable","13":"product-type-simple"},"_links":{"self":[{"href":"https:\/\/e.kosmolat.eu\/lt\/wp-json\/wp\/v2\/product\/77191","targetHints":{"allow":["GET"]}}],"collection":[{"href":"https:\/\/e.kosmolat.eu\/lt\/wp-json\/wp\/v2\/product"}],"about":[{"href":"https:\/\/e.kosmolat.eu\/lt\/wp-json\/wp\/v2\/types\/product"}],"wp:featuredmedia":[{"embeddable":true,"href":"https:\/\/e.kosmolat.eu\/lt\/wp-json\/wp\/v2\/media\/97230"}],"wp:attachment":[{"href":"https:\/\/e.kosmolat.eu\/lt\/wp-json\/wp\/v2\/media?parent=77191"}],"wp:term":[{"taxonomy":"product_cat","embeddable":true,"href":"https:\/\/e.kosmolat.eu\/lt\/wp-json\/wp\/v2\/product_cat?post=77191"},{"taxonomy":"product_tag","embeddable":true,"href":"https:\/\/e.kosmolat.eu\/lt\/wp-json\/wp\/v2\/product_tag?post=77191"}],"curies":[{"name":"wp","href":"https:\/\/api.w.org\/{rel}","templated":true}]}}