{"id":77183,"date":"2025-07-29T04:02:55","date_gmt":"2025-07-29T04:02:55","guid":{"rendered":"https:\/\/e.kosmolat.eu\/product\/dr-sante-pre-age-ultra-mitrinoss-serums-keramidsprebiotika-30-ml\/"},"modified":"2026-04-20T06:01:57","modified_gmt":"2026-04-20T06:01:57","slug":"dr-sante-pre-age-ultra-mitrinoss-serums-keramidsprebiotika-30-ml","status":"publish","type":"product","link":"https:\/\/e.kosmolat.eu\/lt\/produktas\/dr-sante-pre-age-ultra-mitrinoss-serums-keramidsprebiotika-30-ml\/","title":{"rendered":"DR. SANTE Pre Age itin dr\u0117kinamasis serumas su keramidais ir prebiotikais, 30 ml"},"content":{"rendered":"<p>Lengvas dr\u0117kinamasis serumas skirtas sausai odai, kuriai pastebimi pirmieji su am\u017eiumi susijusi\u0173 poky\u010di\u0173 po\u017eymiai, pri\u017ei\u016br\u0117ti. Palaiko odos dr\u0117gm\u0117s lyg\u012f ir stiprina jos apsaugin\u012f barjer\u0105. Sud\u0117tyje yra keramid\u0173 ir prebiotik\u0173.<\/p>\n<p>Naudojimas: \u0161velniai tepkite ant \u0161varios odos masa\u017eo linijomis.<\/p>\n<p>Laikymas: nuo +5 \u00b0C iki +25 \u00b0C.<\/p>\n<p>Geriausias: 30 m\u0117nesi\u0173 nuo pagaminimo datos.<\/p>\n","protected":false},"excerpt":{"rendered":"<p>Lengvas dr\u0117kinamasis serumas skirtas sausai odai, kuriai pastebimi pirmieji su am\u017eiumi susijusi\u0173 poky\u010di\u0173 po\u017eymiai, pri\u017ei\u016br\u0117ti. Palaiko odos dr\u0117gm\u0117s lyg\u012f ir stiprina jos apsaugin\u012f barjer\u0105. Sud\u0117tyje yra keramid\u0173 ir prebiotik\u0173. Naudojimas: \u0161velniai tepkite ant \u0161varios odos masa\u017eo linijomis. Laikymas: nuo +5 \u00b0C iki +25 \u00b0C. Geriausias: 30 m\u0117nesi\u0173 nuo pagaminimo datos.<\/p>\n","protected":false},"featured_media":107607,"template":"","meta":[],"product_cat":[1327],"product_tag":[],"class_list":{"0":"post-77183","1":"product","2":"type-product","3":"status-publish","4":"has-post-thumbnail","6":"product_brand-elfa_ua-lt","7":"product_cat-serumai","9":"first","10":"instock","11":"taxable","12":"shipping-taxable","13":"product-type-simple"},"_links":{"self":[{"href":"https:\/\/e.kosmolat.eu\/lt\/wp-json\/wp\/v2\/product\/77183","targetHints":{"allow":["GET"]}}],"collection":[{"href":"https:\/\/e.kosmolat.eu\/lt\/wp-json\/wp\/v2\/product"}],"about":[{"href":"https:\/\/e.kosmolat.eu\/lt\/wp-json\/wp\/v2\/types\/product"}],"wp:featuredmedia":[{"embeddable":true,"href":"https:\/\/e.kosmolat.eu\/lt\/wp-json\/wp\/v2\/media\/107607"}],"wp:attachment":[{"href":"https:\/\/e.kosmolat.eu\/lt\/wp-json\/wp\/v2\/media?parent=77183"}],"wp:term":[{"taxonomy":"product_cat","embeddable":true,"href":"https:\/\/e.kosmolat.eu\/lt\/wp-json\/wp\/v2\/product_cat?post=77183"},{"taxonomy":"product_tag","embeddable":true,"href":"https:\/\/e.kosmolat.eu\/lt\/wp-json\/wp\/v2\/product_tag?post=77183"}],"curies":[{"name":"wp","href":"https:\/\/api.w.org\/{rel}","templated":true}]}}