{"id":77167,"date":"2025-07-29T04:02:19","date_gmt":"2025-07-29T04:02:19","guid":{"rendered":"https:\/\/e.kosmolat.eu\/product\/dr-sante-ultralifting-toneris-peptidsniacinamids-200-ml\/"},"modified":"2026-05-10T05:45:04","modified_gmt":"2026-05-10T05:45:04","slug":"dr-sante-ultralifting-toneris-peptidsniacinamids-200-ml","status":"publish","type":"product","link":"https:\/\/e.kosmolat.eu\/lt\/produktas\/dr-sante-ultralifting-toneris-peptidsniacinamids-200-ml\/","title":{"rendered":"DR. SANTE Ultralifting tonikas su peptidais ir niacinamidu, 200 ml"},"content":{"rendered":"<p>Dr\u0117kina, suma\u017eina por\u0173 matomum\u0105 ir suvienodina odos atspalv\u012f, suteikdamas jai gaivumo. Tinka veido, kaklo ir dekolt\u0117 odai. Sud\u0117tyje yra peptid\u0173 ir niacinamido. Idealiai tinka brand\u017eiai odai.<\/p>\n<p>Naudojimas: u\u017etepkite ant vatos diskelio ir lengvais judesiais valykite od\u0105.<\/p>\n<p>Laikymas: nuo +5 \u00b0C iki +25 \u00b0C.<\/p>\n<p>Geriausias: 30 m\u0117nesi\u0173 nuo pagaminimo datos.<\/p>\n","protected":false},"excerpt":{"rendered":"<p>Dr\u0117kina, suma\u017eina por\u0173 matomum\u0105 ir suvienodina odos atspalv\u012f, suteikdamas jai gaivumo. Tinka veido, kaklo ir dekolt\u0117 odai. Sud\u0117tyje yra peptid\u0173 ir niacinamido. Idealiai tinka brand\u017eiai odai. Naudojimas: u\u017etepkite ant vatos diskelio ir lengvais judesiais valykite od\u0105. Laikymas: nuo +5 \u00b0C iki +25 \u00b0C. Geriausias: 30 m\u0117nesi\u0173 nuo pagaminimo datos.<\/p>\n","protected":false},"featured_media":107094,"template":"","meta":[],"product_cat":[1580],"product_tag":[],"class_list":{"0":"post-77167","1":"product","2":"type-product","3":"status-publish","4":"has-post-thumbnail","6":"product_brand-elfa_ua-lt","7":"product_cat-losjonai-ir-tonikai","9":"first","10":"instock","11":"taxable","12":"shipping-taxable","13":"product-type-simple"},"_links":{"self":[{"href":"https:\/\/e.kosmolat.eu\/lt\/wp-json\/wp\/v2\/product\/77167","targetHints":{"allow":["GET"]}}],"collection":[{"href":"https:\/\/e.kosmolat.eu\/lt\/wp-json\/wp\/v2\/product"}],"about":[{"href":"https:\/\/e.kosmolat.eu\/lt\/wp-json\/wp\/v2\/types\/product"}],"wp:featuredmedia":[{"embeddable":true,"href":"https:\/\/e.kosmolat.eu\/lt\/wp-json\/wp\/v2\/media\/107094"}],"wp:attachment":[{"href":"https:\/\/e.kosmolat.eu\/lt\/wp-json\/wp\/v2\/media?parent=77167"}],"wp:term":[{"taxonomy":"product_cat","embeddable":true,"href":"https:\/\/e.kosmolat.eu\/lt\/wp-json\/wp\/v2\/product_cat?post=77167"},{"taxonomy":"product_tag","embeddable":true,"href":"https:\/\/e.kosmolat.eu\/lt\/wp-json\/wp\/v2\/product_tag?post=77167"}],"curies":[{"name":"wp","href":"https:\/\/api.w.org\/{rel}","templated":true}]}}