{"id":77159,"date":"2025-07-29T04:02:04","date_gmt":"2025-07-29T04:02:04","guid":{"rendered":"https:\/\/e.kosmolat.eu\/product\/dr-sante-ultralifting-sos-maska-peptidsniacinamids-75-ml\/"},"modified":"2026-04-23T06:00:31","modified_gmt":"2026-04-23T06:00:31","slug":"dr-sante-ultralifting-sos-maska-peptidsniacinamids-75-ml","status":"publish","type":"product","link":"https:\/\/e.kosmolat.eu\/lt\/produktas\/dr-sante-ultralifting-sos-maska-peptidsniacinamids-75-ml\/","title":{"rendered":"DR. SANTE Ultralifting SOS kauk\u0117 su peptidais ir niacinamidu, 200 ml"},"content":{"rendered":"<p>Momentin\u0117 SOS pagalba stangrinimo efektas brand\u017eiai odai. Suteikia odai \u0161ilkin\u012f poj\u016bt\u012f, suma\u017eina por\u0173 matomum\u0105, atkuria spindes\u012f ir tolyg\u0173 atspalv\u012f. Sud\u0117tyje yra peptid\u0173 ir niacinamido.<\/p>\n<p>Naudojimas: tepkite ant \u0161varios odos, palaikykite 10\u201315 minu\u010di\u0173. Nuplaukite \u0161iltu vandeniu. Naudokite 1\u20132 kartus per savait\u0119.<\/p>\n<p>Laikymas: nuo +5 \u00b0C iki +25 \u00b0C.<\/p>\n<p>Geriausias: 30 m\u0117nesi\u0173 nuo pagaminimo datos.<\/p>\n","protected":false},"excerpt":{"rendered":"<p>Momentin\u0117 SOS pagalba stangrinimo efektas brand\u017eiai odai. Suteikia odai \u0161ilkin\u012f poj\u016bt\u012f, suma\u017eina por\u0173 matomum\u0105, atkuria spindes\u012f ir tolyg\u0173 atspalv\u012f. Sud\u0117tyje yra peptid\u0173 ir niacinamido. Naudojimas: tepkite ant \u0161varios odos, palaikykite 10\u201315 minu\u010di\u0173. Nuplaukite \u0161iltu vandeniu. Naudokite 1\u20132 kartus per savait\u0119. Laikymas: nuo +5 \u00b0C iki +25 \u00b0C. Geriausias: 30 m\u0117nesi\u0173 nuo pagaminimo datos.<\/p>\n","protected":false},"featured_media":107233,"template":"","meta":[],"product_cat":[1369],"product_tag":[],"class_list":{"0":"post-77159","1":"product","2":"type-product","3":"status-publish","4":"has-post-thumbnail","6":"product_brand-elfa_ua-lt","7":"product_cat-veido-kaukes","9":"first","10":"instock","11":"taxable","12":"shipping-taxable","13":"product-type-simple"},"_links":{"self":[{"href":"https:\/\/e.kosmolat.eu\/lt\/wp-json\/wp\/v2\/product\/77159","targetHints":{"allow":["GET"]}}],"collection":[{"href":"https:\/\/e.kosmolat.eu\/lt\/wp-json\/wp\/v2\/product"}],"about":[{"href":"https:\/\/e.kosmolat.eu\/lt\/wp-json\/wp\/v2\/types\/product"}],"wp:featuredmedia":[{"embeddable":true,"href":"https:\/\/e.kosmolat.eu\/lt\/wp-json\/wp\/v2\/media\/107233"}],"wp:attachment":[{"href":"https:\/\/e.kosmolat.eu\/lt\/wp-json\/wp\/v2\/media?parent=77159"}],"wp:term":[{"taxonomy":"product_cat","embeddable":true,"href":"https:\/\/e.kosmolat.eu\/lt\/wp-json\/wp\/v2\/product_cat?post=77159"},{"taxonomy":"product_tag","embeddable":true,"href":"https:\/\/e.kosmolat.eu\/lt\/wp-json\/wp\/v2\/product_tag?post=77159"}],"curies":[{"name":"wp","href":"https:\/\/api.w.org\/{rel}","templated":true}]}}