{"id":77151,"date":"2025-07-29T04:01:46","date_gmt":"2025-07-29T04:01:46","guid":{"rendered":"https:\/\/e.kosmolat.eu\/product\/dr-sante-ultralifting-serums-peptidsniacinamids-30-ml\/"},"modified":"2026-04-15T13:08:22","modified_gmt":"2026-04-15T13:08:22","slug":"dr-sante-ultralifting-serums-peptidsniacinamids-30-ml","status":"publish","type":"product","link":"https:\/\/e.kosmolat.eu\/lt\/produktas\/dr-sante-ultralifting-serums-peptidsniacinamids-30-ml\/","title":{"rendered":"DR. SANTE Ultralifting serumas peptidai + niacinamidas, 30 ml"},"content":{"rendered":"<p>Lengvas dr\u0117kinamasis serumas su liftingo efektu skirtas brand\u017eiai odai pri\u017ei\u016br\u0117ti. Suteikia odai elastingumo, gr\u0105\u017eina gyvybingum\u0105 ir nat\u016bral\u0173 spindes\u012f. Sud\u0117tyje yra peptid\u0173 ir niacinamido.<\/p>\n<p>Naudojimas: tepkite lengvais judesiais ant \u0161varios veido odos masa\u017eo linijomis.<\/p>\n<p>Laikymas: nuo +5 \u00b0C iki +25 \u00b0C.<\/p>\n<p>Geriausias: 30 m\u0117nesi\u0173 nuo pagaminimo datos.<\/p>\n","protected":false},"excerpt":{"rendered":"<p>Lengvas dr\u0117kinamasis serumas su liftingo efektu skirtas brand\u017eiai odai pri\u017ei\u016br\u0117ti. Suteikia odai elastingumo, gr\u0105\u017eina gyvybingum\u0105 ir nat\u016bral\u0173 spindes\u012f. Sud\u0117tyje yra peptid\u0173 ir niacinamido. Naudojimas: tepkite lengvais judesiais ant \u0161varios veido odos masa\u017eo linijomis. Laikymas: nuo +5 \u00b0C iki +25 \u00b0C. Geriausias: 30 m\u0117nesi\u0173 nuo pagaminimo datos.<\/p>\n","protected":false},"featured_media":107086,"template":"","meta":[],"product_cat":[1327],"product_tag":[],"class_list":{"0":"post-77151","1":"product","2":"type-product","3":"status-publish","4":"has-post-thumbnail","6":"product_brand-elfa_ua-lt","7":"product_cat-serumai","9":"first","10":"instock","11":"taxable","12":"shipping-taxable","13":"product-type-simple"},"_links":{"self":[{"href":"https:\/\/e.kosmolat.eu\/lt\/wp-json\/wp\/v2\/product\/77151","targetHints":{"allow":["GET"]}}],"collection":[{"href":"https:\/\/e.kosmolat.eu\/lt\/wp-json\/wp\/v2\/product"}],"about":[{"href":"https:\/\/e.kosmolat.eu\/lt\/wp-json\/wp\/v2\/types\/product"}],"wp:featuredmedia":[{"embeddable":true,"href":"https:\/\/e.kosmolat.eu\/lt\/wp-json\/wp\/v2\/media\/107086"}],"wp:attachment":[{"href":"https:\/\/e.kosmolat.eu\/lt\/wp-json\/wp\/v2\/media?parent=77151"}],"wp:term":[{"taxonomy":"product_cat","embeddable":true,"href":"https:\/\/e.kosmolat.eu\/lt\/wp-json\/wp\/v2\/product_cat?post=77151"},{"taxonomy":"product_tag","embeddable":true,"href":"https:\/\/e.kosmolat.eu\/lt\/wp-json\/wp\/v2\/product_tag?post=77151"}],"curies":[{"name":"wp","href":"https:\/\/api.w.org\/{rel}","templated":true}]}}