{"id":77143,"date":"2025-07-29T04:01:29","date_gmt":"2025-07-29T04:01:29","guid":{"rendered":"https:\/\/e.kosmolat.eu\/product\/dr-sante-ultralifting-krems-ap-acim-peptidsniacinamids-15-ml\/"},"modified":"2026-04-17T08:29:15","modified_gmt":"2026-04-17T08:29:15","slug":"dr-sante-ultralifting-krems-ap-acim-peptidsniacinamids-15-ml","status":"publish","type":"product","link":"https:\/\/e.kosmolat.eu\/lt\/produktas\/dr-sante-ultralifting-krems-ap-acim-peptidsniacinamids-15-ml\/","title":{"rendered":"DR. SANTE Ultralifting paaki\u0173 kremas su peptidais ir niacinamidu, 15 ml"},"content":{"rendered":"<p>\u0160velnus kremas suteikia odai aplink akis elastingumo, suma\u017eina rauk\u0161li\u0173 matomum\u0105, pa\u0161alina streso ir nuovargio p\u0117dsakus. Peptidai ir niacinamidas lygina od\u0105, suvienodina jos tonus\u0105 ir suma\u017eina rauk\u0161li\u0173 matomum\u0105. Oda atrodo spindinti, elastinga ir sudr\u0117kinta.<\/p>\n<p>Naudojimas: tepkite ant \u0161varios odos aplink akis ir paskirstykite lengvais masa\u017euojamaisiais judesiais.<br \/>\nNaudokite rytais ir vakarais<\/p>\n<p>Laikymas: nuo +5 \u00b0C iki +25 \u00b0C.<\/p>\n<p>Geriausias: 30 m\u0117nesi\u0173 nuo pagaminimo datos.<\/p>\n","protected":false},"excerpt":{"rendered":"<p>\u0160velnus kremas suteikia odai aplink akis elastingumo, suma\u017eina rauk\u0161li\u0173 matomum\u0105, pa\u0161alina streso ir nuovargio p\u0117dsakus. Peptidai ir niacinamidas lygina od\u0105, suvienodina jos tonus\u0105 ir suma\u017eina rauk\u0161li\u0173 matomum\u0105. Oda atrodo spindinti, elastinga ir sudr\u0117kinta. Naudojimas: tepkite ant \u0161varios odos aplink akis ir paskirstykite lengvais masa\u017euojamaisiais judesiais. Naudokite rytais ir vakarais Laikymas: nuo +5 \u00b0C iki +25 [&#8230;]\n","protected":false},"featured_media":106972,"template":"","meta":[],"product_cat":[2181],"product_tag":[],"class_list":{"0":"post-77143","1":"product","2":"type-product","3":"status-publish","4":"has-post-thumbnail","6":"product_brand-elfa_ua-lt","7":"product_cat-bez-kategorijas-lt","9":"first","10":"instock","11":"taxable","12":"shipping-taxable","13":"product-type-simple"},"_links":{"self":[{"href":"https:\/\/e.kosmolat.eu\/lt\/wp-json\/wp\/v2\/product\/77143","targetHints":{"allow":["GET"]}}],"collection":[{"href":"https:\/\/e.kosmolat.eu\/lt\/wp-json\/wp\/v2\/product"}],"about":[{"href":"https:\/\/e.kosmolat.eu\/lt\/wp-json\/wp\/v2\/types\/product"}],"wp:featuredmedia":[{"embeddable":true,"href":"https:\/\/e.kosmolat.eu\/lt\/wp-json\/wp\/v2\/media\/106972"}],"wp:attachment":[{"href":"https:\/\/e.kosmolat.eu\/lt\/wp-json\/wp\/v2\/media?parent=77143"}],"wp:term":[{"taxonomy":"product_cat","embeddable":true,"href":"https:\/\/e.kosmolat.eu\/lt\/wp-json\/wp\/v2\/product_cat?post=77143"},{"taxonomy":"product_tag","embeddable":true,"href":"https:\/\/e.kosmolat.eu\/lt\/wp-json\/wp\/v2\/product_tag?post=77143"}],"curies":[{"name":"wp","href":"https:\/\/api.w.org\/{rel}","templated":true}]}}