{"id":77135,"date":"2025-07-29T04:01:13","date_gmt":"2025-07-29T04:01:13","guid":{"rendered":"https:\/\/e.kosmolat.eu\/product\/dr-sante-ultralifting-aktivs-nakts-krems-peptidsniacinamids-200-ml\/"},"modified":"2026-05-08T21:08:40","modified_gmt":"2026-05-08T21:08:40","slug":"dr-sante-ultralifting-aktivs-nakts-krems-peptidsniacinamids-50ml","status":"publish","type":"product","link":"https:\/\/e.kosmolat.eu\/lt\/produktas\/dr-sante-ultralifting-aktivs-nakts-krems-peptidsniacinamids-50ml\/","title":{"rendered":"DR. SANTE Ultralifting naktinis kremas su peptidais ir niacinamidu, 50 ml"},"content":{"rendered":"<p>Kremas idealiai tinka brand\u017eiai odai pri\u017ei\u016br\u0117ti. Peptidai ir niacinamidas lygina od\u0105, suvienodina jos atspalv\u012f ir suma\u017eina rauk\u0161li\u0173 atsiradim\u0105. Naudojant vakare, kremas maitina ir dr\u0117kina od\u0105, atkurdamas jos stangrum\u0105 ir elastingum\u0105. Ryte oda atrodo spindinti ir kupina energijos. Reguliariai naudojant  Dr. Sante ULTRALIFTING linijos produktus oda ilgai i\u0161lieka elastinga ir lygi, o sen\u0117jimo po\u017eymiai tampa ma\u017eiau ry\u0161k\u016bs.<\/p>\n<p>Naudojimas: tepkite lengvais judesiais ant \u0161varios veido odos masa\u017eo linijomis.<\/p>\n<p>Laikymas: nuo +5 \u00b0C iki +25 \u00b0C.<\/p>\n<p>Geriausias: 30 m\u0117nesi\u0173 nuo pagaminimo datos.<\/p>\n","protected":false},"excerpt":{"rendered":"<p>Kremas idealiai tinka brand\u017eiai odai pri\u017ei\u016br\u0117ti. Peptidai ir niacinamidas lygina od\u0105, suvienodina jos atspalv\u012f ir suma\u017eina rauk\u0161li\u0173 atsiradim\u0105. Naudojant vakare, kremas maitina ir dr\u0117kina od\u0105, atkurdamas jos stangrum\u0105 ir elastingum\u0105. Ryte oda atrodo spindinti ir kupina energijos. Reguliariai naudojant Dr. Sante ULTRALIFTING linijos produktus oda ilgai i\u0161lieka elastinga ir lygi, o sen\u0117jimo po\u017eymiai tampa ma\u017eiau [&#8230;]\n","protected":false},"featured_media":107261,"template":"","meta":[],"product_cat":[1322],"product_tag":[],"class_list":{"0":"post-77135","1":"product","2":"type-product","3":"status-publish","4":"has-post-thumbnail","6":"product_brand-elfa_ua-lt","7":"product_cat-veido-kremai","9":"first","10":"instock","11":"taxable","12":"shipping-taxable","13":"product-type-simple"},"_links":{"self":[{"href":"https:\/\/e.kosmolat.eu\/lt\/wp-json\/wp\/v2\/product\/77135","targetHints":{"allow":["GET"]}}],"collection":[{"href":"https:\/\/e.kosmolat.eu\/lt\/wp-json\/wp\/v2\/product"}],"about":[{"href":"https:\/\/e.kosmolat.eu\/lt\/wp-json\/wp\/v2\/types\/product"}],"wp:featuredmedia":[{"embeddable":true,"href":"https:\/\/e.kosmolat.eu\/lt\/wp-json\/wp\/v2\/media\/107261"}],"wp:attachment":[{"href":"https:\/\/e.kosmolat.eu\/lt\/wp-json\/wp\/v2\/media?parent=77135"}],"wp:term":[{"taxonomy":"product_cat","embeddable":true,"href":"https:\/\/e.kosmolat.eu\/lt\/wp-json\/wp\/v2\/product_cat?post=77135"},{"taxonomy":"product_tag","embeddable":true,"href":"https:\/\/e.kosmolat.eu\/lt\/wp-json\/wp\/v2\/product_tag?post=77135"}],"curies":[{"name":"wp","href":"https:\/\/api.w.org\/{rel}","templated":true}]}}