{"id":77102,"date":"2025-07-26T04:02:35","date_gmt":"2025-07-26T04:02:35","guid":{"rendered":"https:\/\/e.kosmolat.eu\/product\/dr-sante-hydro-intensive-micelarais-udens-hialuronsalveja-200-ml\/"},"modified":"2026-04-15T13:07:56","modified_gmt":"2026-04-15T13:07:56","slug":"dr-sante-hydro-intensive-micelarais-udens-hialuronsalveja-200-ml","status":"publish","type":"product","link":"https:\/\/e.kosmolat.eu\/lt\/produktas\/dr-sante-hydro-intensive-micelarais-udens-hialuronsalveja-200-ml\/","title":{"rendered":"DR. SANTE Hydro Intensive Hyaluron + Aloe micelinis vanduo, 200 ml"},"content":{"rendered":"<p>Dr\u0117kina ir efektyviai valo. Tinka vok\u0173, veido, l\u016bp\u0173, kaklo ir dekolt\u0117 odos valymui. Sud\u0117tyje yra hialurono r\u016bg\u0161ties ir alavij\u0173 sul\u010di\u0173. Tinka bet kokio tipo odai, ypa\u010d sausai ir dehidratuotai.<\/p>\n<p>Naudojimas: u\u017etepkite ant vatos diskelio ir \u0161velniai nuvalykite od\u0105.<\/p>\n<p>Laikymas: nuo +5 \u00b0C iki +25 \u00b0C.<\/p>\n<p>Geriausias: 30 m\u0117nesi\u0173 nuo pagaminimo datos.<\/p>\n","protected":false},"excerpt":{"rendered":"<p>Dr\u0117kina ir efektyviai valo. Tinka vok\u0173, veido, l\u016bp\u0173, kaklo ir dekolt\u0117 odos valymui. Sud\u0117tyje yra hialurono r\u016bg\u0161ties ir alavij\u0173 sul\u010di\u0173. Tinka bet kokio tipo odai, ypa\u010d sausai ir dehidratuotai. Naudojimas: u\u017etepkite ant vatos diskelio ir \u0161velniai nuvalykite od\u0105. Laikymas: nuo +5 \u00b0C iki +25 \u00b0C. Geriausias: 30 m\u0117nesi\u0173 nuo pagaminimo datos.<\/p>\n","protected":false},"featured_media":78180,"template":"","meta":[],"product_cat":[1570],"product_tag":[],"class_list":{"0":"post-77102","1":"product","2":"type-product","3":"status-publish","4":"has-post-thumbnail","6":"product_brand-elfa_ua-lt","7":"product_cat-micelinis-vanduo","9":"first","10":"instock","11":"taxable","12":"shipping-taxable","13":"product-type-simple"},"_links":{"self":[{"href":"https:\/\/e.kosmolat.eu\/lt\/wp-json\/wp\/v2\/product\/77102","targetHints":{"allow":["GET"]}}],"collection":[{"href":"https:\/\/e.kosmolat.eu\/lt\/wp-json\/wp\/v2\/product"}],"about":[{"href":"https:\/\/e.kosmolat.eu\/lt\/wp-json\/wp\/v2\/types\/product"}],"wp:featuredmedia":[{"embeddable":true,"href":"https:\/\/e.kosmolat.eu\/lt\/wp-json\/wp\/v2\/media\/78180"}],"wp:attachment":[{"href":"https:\/\/e.kosmolat.eu\/lt\/wp-json\/wp\/v2\/media?parent=77102"}],"wp:term":[{"taxonomy":"product_cat","embeddable":true,"href":"https:\/\/e.kosmolat.eu\/lt\/wp-json\/wp\/v2\/product_cat?post=77102"},{"taxonomy":"product_tag","embeddable":true,"href":"https:\/\/e.kosmolat.eu\/lt\/wp-json\/wp\/v2\/product_tag?post=77102"}],"curies":[{"name":"wp","href":"https:\/\/api.w.org\/{rel}","templated":true}]}}