{"id":77094,"date":"2025-07-26T04:02:18","date_gmt":"2025-07-26T04:02:18","guid":{"rendered":"https:\/\/e.kosmolat.eu\/product\/dr-sante-hydro-intensive-serums-hialuronsalveja-30-ml\/"},"modified":"2026-04-23T06:27:16","modified_gmt":"2026-04-23T06:27:16","slug":"dr-sante-hydro-intensive-serums-hialuronsalveja-30-ml","status":"publish","type":"product","link":"https:\/\/e.kosmolat.eu\/lt\/produktas\/dr-sante-hydro-intensive-serums-hialuronsalveja-30-ml\/","title":{"rendered":"DR. SANTE Hydro Intensive Hyaluron + Alavijo serumas, 30 ml"},"content":{"rendered":"<p>Lengvas dr\u0117kinamasis serumas tinka visiems odos tipams, ypa\u010d sausai ir dehidratuotai. Intensyviai dr\u0117kina ir palaiko odos hidrobalans\u0105. Veikia kaip u\u017epildas \u2013 u\u017epildo rauk\u0161les, lygina od\u0105 ir suteikia nat\u016bral\u0173 \u0161vyt\u0117jim\u0105. Sud\u0117tyje yra hialurono r\u016bg\u0161ties ir alavijo sul\u010di\u0173.<\/p>\n<p>Naudojimas: tepkite lengvais judesiais ant nuvalytos odos masa\u017ein\u0117mis linijomis..<\/p>\n<p>Laikymas: nuo +5 \u00b0C iki +25 \u00b0C.<\/p>\n<p>Geriausias: 30 m\u0117nesi\u0173 nuo pagaminimo datos.<\/p>\n","protected":false},"excerpt":{"rendered":"<p>Lengvas dr\u0117kinamasis serumas tinka visiems odos tipams, ypa\u010d sausai ir dehidratuotai. Intensyviai dr\u0117kina ir palaiko odos hidrobalans\u0105. Veikia kaip u\u017epildas \u2013 u\u017epildo rauk\u0161les, lygina od\u0105 ir suteikia nat\u016bral\u0173 \u0161vyt\u0117jim\u0105. Sud\u0117tyje yra hialurono r\u016bg\u0161ties ir alavijo sul\u010di\u0173. Naudojimas: tepkite lengvais judesiais ant nuvalytos odos masa\u017ein\u0117mis linijomis.. Laikymas: nuo +5 \u00b0C iki +25 \u00b0C. Geriausias: 30 m\u0117nesi\u0173 [&#8230;]\n","protected":false},"featured_media":107090,"template":"","meta":[],"product_cat":[1327],"product_tag":[],"class_list":{"0":"post-77094","1":"product","2":"type-product","3":"status-publish","4":"has-post-thumbnail","6":"product_brand-elfa_ua-lt","7":"product_cat-serumai","9":"first","10":"instock","11":"taxable","12":"shipping-taxable","13":"product-type-simple"},"_links":{"self":[{"href":"https:\/\/e.kosmolat.eu\/lt\/wp-json\/wp\/v2\/product\/77094","targetHints":{"allow":["GET"]}}],"collection":[{"href":"https:\/\/e.kosmolat.eu\/lt\/wp-json\/wp\/v2\/product"}],"about":[{"href":"https:\/\/e.kosmolat.eu\/lt\/wp-json\/wp\/v2\/types\/product"}],"wp:featuredmedia":[{"embeddable":true,"href":"https:\/\/e.kosmolat.eu\/lt\/wp-json\/wp\/v2\/media\/107090"}],"wp:attachment":[{"href":"https:\/\/e.kosmolat.eu\/lt\/wp-json\/wp\/v2\/media?parent=77094"}],"wp:term":[{"taxonomy":"product_cat","embeddable":true,"href":"https:\/\/e.kosmolat.eu\/lt\/wp-json\/wp\/v2\/product_cat?post=77094"},{"taxonomy":"product_tag","embeddable":true,"href":"https:\/\/e.kosmolat.eu\/lt\/wp-json\/wp\/v2\/product_tag?post=77094"}],"curies":[{"name":"wp","href":"https:\/\/api.w.org\/{rel}","templated":true}]}}