{"id":77086,"date":"2025-07-26T04:02:00","date_gmt":"2025-07-26T04:02:00","guid":{"rendered":"https:\/\/e.kosmolat.eu\/product\/dr-sante-hydro-intensive-kr-adai-ap-ac-hialuronsalveja-15-ml\/"},"modified":"2026-04-23T05:59:45","modified_gmt":"2026-04-23T05:59:45","slug":"dr-sante-hydro-intensive-kr-adai-ap-ac-hialuronsalveja-15-ml","status":"publish","type":"product","link":"https:\/\/e.kosmolat.eu\/lt\/produktas\/dr-sante-hydro-intensive-kr-adai-ap-ac-hialuronsalveja-15-ml\/","title":{"rendered":"DR. SANTE Hydro Intensyvus Paaki\u0173 Kremas Su Hialuronu ir Alaviju, 50 ml"},"content":{"rendered":"<p>\u0160velnus kreminis u\u017epildas su hialurono r\u016bg\u0161timi kruop\u0161\u010diai dr\u0117kina, bet neapsunkina odos aplink akis, i\u0161lygindamas rauk\u0161les i\u0161 vidaus. Pripildo od\u0105 spindesio ir energijos, sukurdamas 8 valand\u0173 miego efekt\u0105. Hialurono r\u016bg\u0161tis ir alavijo sultys intensyviai dr\u0117kina od\u0105 aplink akis ir ilgai palaiko dr\u0117gm\u0117s lyg\u012f. Oda atrodo gaivi, elastinga ir sudr\u0117kinta, be sausumo poj\u016b\u010dio.<\/p>\n<p>Naudojimas: tepkite ant \u0161varios odos aplink akis ir paskirstykite lengvais masa\u017euojamaisiais judesiais. Rekomenduojama naudoti ryte ir vakare.<\/p>\n<p>Laikymas: nuo +5 \u00b0C iki +25 \u00b0C.<\/p>\n<p>Geriausias: 30 m\u0117nesi\u0173 nuo pagaminimo datos.<\/p>\n","protected":false},"excerpt":{"rendered":"<p>\u0160velnus kreminis u\u017epildas su hialurono r\u016bg\u0161timi kruop\u0161\u010diai dr\u0117kina, bet neapsunkina odos aplink akis, i\u0161lygindamas rauk\u0161les i\u0161 vidaus. Pripildo od\u0105 spindesio ir energijos, sukurdamas 8 valand\u0173 miego efekt\u0105. Hialurono r\u016bg\u0161tis ir alavijo sultys intensyviai dr\u0117kina od\u0105 aplink akis ir ilgai palaiko dr\u0117gm\u0117s lyg\u012f. Oda atrodo gaivi, elastinga ir sudr\u0117kinta, be sausumo poj\u016b\u010dio. Naudojimas: tepkite ant \u0161varios [&#8230;]\n","protected":false},"featured_media":107033,"template":"","meta":[],"product_cat":[1590],"product_tag":[],"class_list":{"0":"post-77086","1":"product","2":"type-product","3":"status-publish","4":"has-post-thumbnail","6":"product_brand-elfa_ua-lt","7":"product_cat-paakiu-kremai","9":"first","10":"instock","11":"taxable","12":"shipping-taxable","13":"product-type-simple"},"_links":{"self":[{"href":"https:\/\/e.kosmolat.eu\/lt\/wp-json\/wp\/v2\/product\/77086","targetHints":{"allow":["GET"]}}],"collection":[{"href":"https:\/\/e.kosmolat.eu\/lt\/wp-json\/wp\/v2\/product"}],"about":[{"href":"https:\/\/e.kosmolat.eu\/lt\/wp-json\/wp\/v2\/types\/product"}],"wp:featuredmedia":[{"embeddable":true,"href":"https:\/\/e.kosmolat.eu\/lt\/wp-json\/wp\/v2\/media\/107033"}],"wp:attachment":[{"href":"https:\/\/e.kosmolat.eu\/lt\/wp-json\/wp\/v2\/media?parent=77086"}],"wp:term":[{"taxonomy":"product_cat","embeddable":true,"href":"https:\/\/e.kosmolat.eu\/lt\/wp-json\/wp\/v2\/product_cat?post=77086"},{"taxonomy":"product_tag","embeddable":true,"href":"https:\/\/e.kosmolat.eu\/lt\/wp-json\/wp\/v2\/product_tag?post=77086"}],"curies":[{"name":"wp","href":"https:\/\/api.w.org\/{rel}","templated":true}]}}