{"id":77070,"date":"2025-07-26T04:01:27","date_gmt":"2025-07-26T04:01:27","guid":{"rendered":"https:\/\/e.kosmolat.eu\/product\/dr-sante-hydro-intensive-akt-dienas-kr-hialuronsalveja-50-ml\/"},"modified":"2026-05-08T21:07:49","modified_gmt":"2026-05-08T21:07:49","slug":"dr-sante-hydro-intensive-akt-dienas-kr-hialuronsalveja-50-ml","status":"publish","type":"product","link":"https:\/\/e.kosmolat.eu\/lt\/produktas\/dr-sante-hydro-intensive-akt-dienas-kr-hialuronsalveja-50-ml\/","title":{"rendered":"DR. SANTE Hydro Intensive Hyaluron + Aloe Aktyvus dieninis kremas, 50 ml"},"content":{"rendered":"<p>Dr\u0117kinamasis kremas skirtas visiems odos tipams, ypa\u010d sausai ir dehidratuotai odai. Jis yra lengvos tekst\u016bros, lengvai tepasi ir greitai \u012fsigeria, palikdamas dr\u0117kinimo poj\u016bt\u012f. Hialurono r\u016bg\u0161tis ir alavij\u0173 sultys suteikia odai intensyv\u0173 dr\u0117kinim\u0105 ir ilgalaik\u012f dr\u0117gm\u0117s lygio palaikym\u0105. Naudojant krem\u0105 rytinio gro\u017eio ritualo metu pasiekiamas momentinis dr\u0117kinamasis efektas, be tempimo ir sausumo poj\u016b\u010dio dienos metu.<\/p>\n<p>Reguliariai naudojant \u201eDr. Sante\u201c \u201eHydro Intensive\u201c linij\u0105, oda ilgam i\u0161lieka sudr\u0117kinta, lygi ir spindinti.<\/p>\n<p>Naudojimas: tepkite lengvais judesiais ant \u0161varios veido odos masa\u017eo linijomis.<\/p>\n<p>Laikymas: nuo +5 \u00b0C iki +25 \u00b0C.<\/p>\n<p>Geriausias: 30 m\u0117nesi\u0173 nuo pagaminimo datos.<\/p>\n","protected":false},"excerpt":{"rendered":"<p>Dr\u0117kinamasis kremas skirtas visiems odos tipams, ypa\u010d sausai ir dehidratuotai odai. Jis yra lengvos tekst\u016bros, lengvai tepasi ir greitai \u012fsigeria, palikdamas dr\u0117kinimo poj\u016bt\u012f. Hialurono r\u016bg\u0161tis ir alavij\u0173 sultys suteikia odai intensyv\u0173 dr\u0117kinim\u0105 ir ilgalaik\u012f dr\u0117gm\u0117s lygio palaikym\u0105. Naudojant krem\u0105 rytinio gro\u017eio ritualo metu pasiekiamas momentinis dr\u0117kinamasis efektas, be tempimo ir sausumo poj\u016b\u010dio dienos metu. Reguliariai [&#8230;]\n","protected":false},"featured_media":107136,"template":"","meta":[],"product_cat":[1322],"product_tag":[],"class_list":{"0":"post-77070","1":"product","2":"type-product","3":"status-publish","4":"has-post-thumbnail","6":"product_brand-elfa_ua-lt","7":"product_cat-veido-kremai","9":"first","10":"instock","11":"taxable","12":"shipping-taxable","13":"product-type-simple"},"_links":{"self":[{"href":"https:\/\/e.kosmolat.eu\/lt\/wp-json\/wp\/v2\/product\/77070","targetHints":{"allow":["GET"]}}],"collection":[{"href":"https:\/\/e.kosmolat.eu\/lt\/wp-json\/wp\/v2\/product"}],"about":[{"href":"https:\/\/e.kosmolat.eu\/lt\/wp-json\/wp\/v2\/types\/product"}],"wp:featuredmedia":[{"embeddable":true,"href":"https:\/\/e.kosmolat.eu\/lt\/wp-json\/wp\/v2\/media\/107136"}],"wp:attachment":[{"href":"https:\/\/e.kosmolat.eu\/lt\/wp-json\/wp\/v2\/media?parent=77070"}],"wp:term":[{"taxonomy":"product_cat","embeddable":true,"href":"https:\/\/e.kosmolat.eu\/lt\/wp-json\/wp\/v2\/product_cat?post=77070"},{"taxonomy":"product_tag","embeddable":true,"href":"https:\/\/e.kosmolat.eu\/lt\/wp-json\/wp\/v2\/product_tag?post=77070"}],"curies":[{"name":"wp","href":"https:\/\/api.w.org\/{rel}","templated":true}]}}