{"id":77062,"date":"2025-07-26T04:01:10","date_gmt":"2025-07-26T04:01:10","guid":{"rendered":"https:\/\/e.kosmolat.eu\/product\/gp-mikstinosa-sals-kaju-vannam-400-g\/"},"modified":"2026-04-15T12:55:39","modified_gmt":"2026-04-15T12:55:39","slug":"gp-mikstinosa-sals-kaju-vannam-400-g","status":"publish","type":"product","link":"https:\/\/e.kosmolat.eu\/lt\/produktas\/gp-mikstinosa-sals-kaju-vannam-400-g\/","title":{"rendered":"GREEN PHARMACY Mink\u0161tinanti druska p\u0117d\u0173 vonel\u0117ms, 400 g"},"content":{"rendered":"<p>P\u0117d\u0173 vonel\u0117 su mink\u0161tinan\u010dia druska padaro od\u0105 lygi\u0105 ir maloni\u0105 liesti. Jau po pirmojo naudojimo suma\u017e\u0117ja sausumas, oda tampa mink\u0161ta ir \u0161velni. Reguliarus druskos vonios naudojimas padeda sumink\u0161tinti keratinizuot\u0105 od\u0105. Idealiai tinka kaip p\u0117d\u0173 vonel\u0117 prie\u0161 pediki\u016br\u0105.<\/p>\n<p>Veiklioji med\u017eiaga: fukus\u0173 ekstraktas, gluosni\u0173 ir gardenij\u0173 \u017eiev\u0117, kokos\u0173 aliejus, vitaminas E.<\/p>\n<p>Augalin\u0117s kilm\u0117s prie\u017ei\u016bra. Vegani\u0161kas produktas.<\/p>\n<p>Naudojimas: i\u0161tirpinkite 100 g druskos \u0161iltame vandenyje (37 \u00b0C), pamirkykite kojas 15\u201320 minu\u010di\u0173, tada nuplaukite. Rekomenduojama naudoti 2\u20133 kartus per savait\u0119.<\/p>\n<p>Atsargumo priemon\u0117s: padid\u0117j\u0119s individualus jautrumas atskiriems komponentams.<\/p>\n<p>Geriausias: 36 m\u0117nesi\u0173 nuo pagaminimo datos.<\/p>\n<p>Laikymo s\u0105lygos: nuo +5 \u00b0C iki +25 \u00b0C.<\/p>\n","protected":false},"excerpt":{"rendered":"<p>P\u0117d\u0173 vonel\u0117 su mink\u0161tinan\u010dia druska padaro od\u0105 lygi\u0105 ir maloni\u0105 liesti. Jau po pirmojo naudojimo suma\u017e\u0117ja sausumas, oda tampa mink\u0161ta ir \u0161velni. Reguliarus druskos vonios naudojimas padeda sumink\u0161tinti keratinizuot\u0105 od\u0105. Idealiai tinka kaip p\u0117d\u0173 vonel\u0117 prie\u0161 pediki\u016br\u0105. Veiklioji med\u017eiaga: fukus\u0173 ekstraktas, gluosni\u0173 ir gardenij\u0173 \u017eiev\u0117, kokos\u0173 aliejus, vitaminas E. Augalin\u0117s kilm\u0117s prie\u017ei\u016bra. Vegani\u0161kas produktas. Naudojimas: [&#8230;]\n","protected":false},"featured_media":95858,"template":"","meta":[],"product_cat":[1612],"product_tag":[],"class_list":{"0":"post-77062","1":"product","2":"type-product","3":"status-publish","4":"has-post-thumbnail","6":"product_brand-elfa_ua-lt","7":"product_cat-putos-druska-vonios-bombos","9":"first","10":"instock","11":"taxable","12":"shipping-taxable","13":"product-type-simple"},"_links":{"self":[{"href":"https:\/\/e.kosmolat.eu\/lt\/wp-json\/wp\/v2\/product\/77062","targetHints":{"allow":["GET"]}}],"collection":[{"href":"https:\/\/e.kosmolat.eu\/lt\/wp-json\/wp\/v2\/product"}],"about":[{"href":"https:\/\/e.kosmolat.eu\/lt\/wp-json\/wp\/v2\/types\/product"}],"wp:featuredmedia":[{"embeddable":true,"href":"https:\/\/e.kosmolat.eu\/lt\/wp-json\/wp\/v2\/media\/95858"}],"wp:attachment":[{"href":"https:\/\/e.kosmolat.eu\/lt\/wp-json\/wp\/v2\/media?parent=77062"}],"wp:term":[{"taxonomy":"product_cat","embeddable":true,"href":"https:\/\/e.kosmolat.eu\/lt\/wp-json\/wp\/v2\/product_cat?post=77062"},{"taxonomy":"product_tag","embeddable":true,"href":"https:\/\/e.kosmolat.eu\/lt\/wp-json\/wp\/v2\/product_tag?post=77062"}],"curies":[{"name":"wp","href":"https:\/\/api.w.org\/{rel}","templated":true}]}}