{"id":77054,"date":"2025-07-26T04:00:55","date_gmt":"2025-07-26T04:00:55","guid":{"rendered":"https:\/\/e.kosmolat.eu\/product\/gp-relaksejosa-sals-kaju-vannam-400-g\/"},"modified":"2026-04-20T05:42:15","modified_gmt":"2026-04-20T05:42:15","slug":"gp-relaksejosa-sals-kaju-vannam-400-g","status":"publish","type":"product","link":"https:\/\/e.kosmolat.eu\/lt\/produktas\/gp-relaksejosa-sals-kaju-vannam-400-g\/","title":{"rendered":"GREEN PHARMACY Atpalaiduojanti druska p\u0117d\u0173 vonel\u0117ms, 400 g"},"content":{"rendered":"<p>P\u0117d\u0173 vonel\u0117 su atpalaiduojan\u010dia druska \u2013 veiksmingas atsipalaidavimo ir atsigavimo ritualas. Jau po keli\u0173 minu\u010di\u0173 pasijusite maloniai atsipalaidav\u0119: suma\u017e\u0117s nuovargis, sunkumas ir \u012ftampa. Reguliarios druskos vonios proced\u016bros prisideda prie bendros savijautos ir r\u016bpinasi j\u016bs\u0173 k\u016bnu bei psichine sveikata.<\/p>\n<p>Veikliosios med\u017eiagos: Epsomo druska, levand\u0173, melis\u0173 ir rozmarin\u0173 ekstraktai, levand\u0173 eterinis aliejus. Augalin\u0117s kilm\u0117s prie\u017ei\u016bra. Vegani\u0161kas produktas.<\/p>\n<p>Naudojimas: i\u0161tirpinkite 100 g druskos \u0161iltame vandenyje (37 \u00b0C), pamirkykite kojas 15\u201320 minu\u010di\u0173, tada nuplaukite. Rekomenduojama naudoti 2\u20133 kartus per savait\u0119.<\/p>\n<p>Atsargumo priemon\u0117s: padid\u0117j\u0119s individualus jautrumas atskiriems komponentams.<\/p>\n<p>Geriausias: 36 m\u0117nesi\u0173 nuo pagaminimo datos.<\/p>\n<p>Laikymo s\u0105lygos: nuo +5 \u00b0C iki +25 \u00b0C.<\/p>\n","protected":false},"excerpt":{"rendered":"<p>P\u0117d\u0173 vonel\u0117 su atpalaiduojan\u010dia druska \u2013 veiksmingas atsipalaidavimo ir atsigavimo ritualas. Jau po keli\u0173 minu\u010di\u0173 pasijusite maloniai atsipalaidav\u0119: suma\u017e\u0117s nuovargis, sunkumas ir \u012ftampa. Reguliarios druskos vonios proced\u016bros prisideda prie bendros savijautos ir r\u016bpinasi j\u016bs\u0173 k\u016bnu bei psichine sveikata. Veikliosios med\u017eiagos: Epsomo druska, levand\u0173, melis\u0173 ir rozmarin\u0173 ekstraktai, levand\u0173 eterinis aliejus. Augalin\u0117s kilm\u0117s prie\u017ei\u016bra. Vegani\u0161kas produktas. [&#8230;]\n","protected":false},"featured_media":95854,"template":"","meta":[],"product_cat":[1612],"product_tag":[],"class_list":{"0":"post-77054","1":"product","2":"type-product","3":"status-publish","4":"has-post-thumbnail","6":"product_brand-elfa_ua-lt","7":"product_cat-putos-druska-vonios-bombos","9":"first","10":"instock","11":"taxable","12":"shipping-taxable","13":"product-type-simple"},"_links":{"self":[{"href":"https:\/\/e.kosmolat.eu\/lt\/wp-json\/wp\/v2\/product\/77054","targetHints":{"allow":["GET"]}}],"collection":[{"href":"https:\/\/e.kosmolat.eu\/lt\/wp-json\/wp\/v2\/product"}],"about":[{"href":"https:\/\/e.kosmolat.eu\/lt\/wp-json\/wp\/v2\/types\/product"}],"wp:featuredmedia":[{"embeddable":true,"href":"https:\/\/e.kosmolat.eu\/lt\/wp-json\/wp\/v2\/media\/95854"}],"wp:attachment":[{"href":"https:\/\/e.kosmolat.eu\/lt\/wp-json\/wp\/v2\/media?parent=77054"}],"wp:term":[{"taxonomy":"product_cat","embeddable":true,"href":"https:\/\/e.kosmolat.eu\/lt\/wp-json\/wp\/v2\/product_cat?post=77054"},{"taxonomy":"product_tag","embeddable":true,"href":"https:\/\/e.kosmolat.eu\/lt\/wp-json\/wp\/v2\/product_tag?post=77054"}],"curies":[{"name":"wp","href":"https:\/\/api.w.org\/{rel}","templated":true}]}}