{"id":77046,"date":"2025-07-26T04:00:40","date_gmt":"2025-07-26T04:00:40","guid":{"rendered":"https:\/\/e.kosmolat.eu\/product\/gp-dezodorejosa-sals-kaju-vannam-400-g\/"},"modified":"2026-04-20T05:42:00","modified_gmt":"2026-04-20T05:42:00","slug":"gp-dezodorejosa-sals-kaju-vannam-400-g","status":"publish","type":"product","link":"https:\/\/e.kosmolat.eu\/lt\/produktas\/gp-dezodorejosa-sals-kaju-vannam-400-g\/","title":{"rendered":"GP Dezodor\u0113jo\u0161a s\u0101ls k\u0101ju vann\u0101m, 400 g"},"content":{"rendered":"<p>K\u0101ju vanni\u0146a ar dezodor\u0113jo\u0161u s\u0101li ir efekt\u012bva p\u0113du \u0101das svaiguma un t\u012br\u012bbas uztur\u0113\u0161anai. Jau p\u0113c pirm\u0101s lieto\u0161anas reizes ir j\u016btams pat\u012bkams atsvaidzino\u0161s un toniz\u0113jo\u0161s efekts. Regul\u0101ras s\u0101ls vannas proced\u016bras pal\u012bdz nov\u0113rst nepat\u012bkamu smaku un samazina p\u0101rm\u0113r\u012bgu sv\u012b\u0161anu.<\/p>\n<p>Akt\u012bv\u0101s sast\u0101vda\u013cas: soda, kampars, ozolkoka mizas un eikalipta ekstrakti, eikalipta \u0113terisk\u0101 e\u013c\u013ca. Piem\u0113rots veg\u0101niem.<\/p>\n<p>Lieto\u0161ana: iz\u0161\u0137\u012bdiniet 100 g s\u0101ls silt\u0101 \u016bden\u012b (37 \u00b0C), iem\u0113rciet k\u0101jas uz 15\u201320 min\u016bt\u0113m, p\u0113c tam noskalojiet. Ieteicams lietot 2\u20133 reizes ned\u0113\u013c\u0101.<\/p>\n<p>Piesardz\u012bbas pas\u0101kumi: individu\u0101la jut\u012bba pret atsevi\u0161\u0137\u0101m sast\u0101vda\u013c\u0101m.<\/p>\n<p>Der\u012bguma termi\u0146\u0161: 36 m\u0113ne\u0161i no izgatavo\u0161anas datuma.<\/p>\n<p>Uzglab\u0101\u0161anas apst\u0101k\u013ci: no +5 \u00b0C l\u012bdz +25 \u00b0C.<\/p>\n","protected":false},"excerpt":{"rendered":"<p>K\u0101ju vanni\u0146a ar dezodor\u0113jo\u0161u s\u0101li ir efekt\u012bva p\u0113du \u0101das svaiguma un t\u012br\u012bbas uztur\u0113\u0161anai. Jau p\u0113c pirm\u0101s lieto\u0161anas reizes ir j\u016btams pat\u012bkams atsvaidzino\u0161s un toniz\u0113jo\u0161s efekts. Regul\u0101ras s\u0101ls vannas proced\u016bras pal\u012bdz nov\u0113rst nepat\u012bkamu smaku un samazina p\u0101rm\u0113r\u012bgu sv\u012b\u0161anu. Akt\u012bv\u0101s sast\u0101vda\u013cas: soda, kampars, ozolkoka mizas un eikalipta ekstrakti, eikalipta \u0113terisk\u0101 e\u013c\u013ca. Piem\u0113rots veg\u0101niem. Lieto\u0161ana: iz\u0161\u0137\u012bdiniet 100 g [&#8230;]\n","protected":false},"featured_media":95850,"template":"","meta":[],"product_cat":[1612],"product_tag":[],"class_list":{"0":"post-77046","1":"product","2":"type-product","3":"status-publish","4":"has-post-thumbnail","6":"product_brand-elfa_ua-lt","7":"product_cat-putos-druska-vonios-bombos","9":"first","10":"instock","11":"taxable","12":"shipping-taxable","13":"product-type-simple"},"_links":{"self":[{"href":"https:\/\/e.kosmolat.eu\/lt\/wp-json\/wp\/v2\/product\/77046","targetHints":{"allow":["GET"]}}],"collection":[{"href":"https:\/\/e.kosmolat.eu\/lt\/wp-json\/wp\/v2\/product"}],"about":[{"href":"https:\/\/e.kosmolat.eu\/lt\/wp-json\/wp\/v2\/types\/product"}],"wp:featuredmedia":[{"embeddable":true,"href":"https:\/\/e.kosmolat.eu\/lt\/wp-json\/wp\/v2\/media\/95850"}],"wp:attachment":[{"href":"https:\/\/e.kosmolat.eu\/lt\/wp-json\/wp\/v2\/media?parent=77046"}],"wp:term":[{"taxonomy":"product_cat","embeddable":true,"href":"https:\/\/e.kosmolat.eu\/lt\/wp-json\/wp\/v2\/product_cat?post=77046"},{"taxonomy":"product_tag","embeddable":true,"href":"https:\/\/e.kosmolat.eu\/lt\/wp-json\/wp\/v2\/product_tag?post=77046"}],"curies":[{"name":"wp","href":"https:\/\/api.w.org\/{rel}","templated":true}]}}