{"id":77038,"date":"2025-07-26T04:00:24","date_gmt":"2025-07-26T04:00:24","guid":{"rendered":"https:\/\/e.kosmolat.eu\/product\/gp-cukura-sals-ellas-pedu-skrubis-300-ml\/"},"modified":"2026-04-20T05:41:49","modified_gmt":"2026-04-20T05:41:49","slug":"gp-cukura-sals-ellas-pedu-skrubis-300-ml","status":"publish","type":"product","link":"https:\/\/e.kosmolat.eu\/lt\/produktas\/gp-cukura-sals-ellas-pedu-skrubis-300-ml\/","title":{"rendered":"GREEN PHARMACY Aliejinis cukraus ir druskos p\u0117d\u0173 \u0161veitiklis, 300 ml"},"content":{"rendered":"<p>\u0160veitiklis \u0161velniai, bet efektyviai pa\u0161alina keratinizuot\u0105 odos sluoksn\u012f. Intensyviai maitina ir dr\u0117kina, tod\u0117l p\u0117dos tampa lygios ir \u0161velnios. Jo tekst\u016bra maloniai masa\u017euoja, o lengvas aromatas ramina. Idealiai tinka pediki\u016brui ir SPA proced\u016broms. Augalin\u0117 prie\u017ei\u016bra. Vegani\u0161kas produktas.<\/p>\n<p>Veikliosios med\u017eiagos: taukmed\u017ei\u0173 sviestas, sald\u017ei\u0173j\u0173 migdol\u0173 aliejus, kokos\u0173 keval\u0173 dro\u017el\u0117s, vitaminas E.<\/p>\n<p>Naudojimas: tepkite ant dr\u0117gnos p\u0117d\u0173 odos, masa\u017euokite sukamaisiais judesiais 3\u20135 minutes, tada nuplaukite \u0161iltu vandeniu. Naudokite 1\u20132 kartus per savait\u0119. Nenaudokite ant pa\u017eeistos odos (\u017eaizd\u0173, \u012ftr\u016bkim\u0173 ir pan.).<\/p>\n<p>Atsargumo priemon\u0117s: padid\u0117j\u0119s individualus jautrumas atskiriems komponentams.<\/p>\n<p>Geriausias: 36 m\u0117nesi\u0173 nuo pagaminimo datos.<\/p>\n<p>Laikymo s\u0105lygos: nuo +5 \u00b0C iki +25 \u00b0C.<\/p>\n","protected":false},"excerpt":{"rendered":"<p>\u0160veitiklis \u0161velniai, bet efektyviai pa\u0161alina keratinizuot\u0105 odos sluoksn\u012f. Intensyviai maitina ir dr\u0117kina, tod\u0117l p\u0117dos tampa lygios ir \u0161velnios. Jo tekst\u016bra maloniai masa\u017euoja, o lengvas aromatas ramina. Idealiai tinka pediki\u016brui ir SPA proced\u016broms. Augalin\u0117 prie\u017ei\u016bra. Vegani\u0161kas produktas. Veikliosios med\u017eiagos: taukmed\u017ei\u0173 sviestas, sald\u017ei\u0173j\u0173 migdol\u0173 aliejus, kokos\u0173 keval\u0173 dro\u017el\u0117s, vitaminas E. Naudojimas: tepkite ant dr\u0117gnos p\u0117d\u0173 odos, masa\u017euokite [&#8230;]\n","protected":false},"featured_media":95846,"template":"","meta":[],"product_cat":[1763],"product_tag":[],"class_list":{"0":"post-77038","1":"product","2":"type-product","3":"status-publish","4":"has-post-thumbnail","6":"product_brand-elfa_ua-lt","7":"product_cat-koju-prieziuros-kosmetika","9":"first","10":"instock","11":"taxable","12":"shipping-taxable","13":"product-type-simple"},"_links":{"self":[{"href":"https:\/\/e.kosmolat.eu\/lt\/wp-json\/wp\/v2\/product\/77038","targetHints":{"allow":["GET"]}}],"collection":[{"href":"https:\/\/e.kosmolat.eu\/lt\/wp-json\/wp\/v2\/product"}],"about":[{"href":"https:\/\/e.kosmolat.eu\/lt\/wp-json\/wp\/v2\/types\/product"}],"wp:featuredmedia":[{"embeddable":true,"href":"https:\/\/e.kosmolat.eu\/lt\/wp-json\/wp\/v2\/media\/95846"}],"wp:attachment":[{"href":"https:\/\/e.kosmolat.eu\/lt\/wp-json\/wp\/v2\/media?parent=77038"}],"wp:term":[{"taxonomy":"product_cat","embeddable":true,"href":"https:\/\/e.kosmolat.eu\/lt\/wp-json\/wp\/v2\/product_cat?post=77038"},{"taxonomy":"product_tag","embeddable":true,"href":"https:\/\/e.kosmolat.eu\/lt\/wp-json\/wp\/v2\/product_tag?post=77038"}],"curies":[{"name":"wp","href":"https:\/\/api.w.org\/{rel}","templated":true}]}}