{"id":77034,"date":"2025-07-25T12:50:37","date_gmt":"2025-07-25T12:50:37","guid":{"rendered":"https:\/\/e.kosmolat.eu\/product\/dsc-coconut-biotin-conditioner-30-6fl-oz-907ml-bottle\/"},"modified":"2026-04-20T13:40:38","modified_gmt":"2026-04-20T13:40:38","slug":"dsc-coconutbiotin-kondic-ar-kokosr-biot-un-naves-juras-miner-907-ml","status":"publish","type":"product","link":"https:\/\/e.kosmolat.eu\/lt\/produktas\/dsc-coconutbiotin-kondic-ar-kokosr-biot-un-naves-juras-miner-907-ml\/","title":{"rendered":"DEAD SEA COLLECTION Coconut &#038; Biotin kondicionierius su kokosu, biotinu ir Negyvosios j\u016bros minerala"},"content":{"rendered":"<p>Kondicionierius praturtintas Negyvosios j\u016bros mineralais, nuo sen\u0173 laik\u0173 \u017einomais d\u0117l savo gydom\u0173j\u0173 savybi\u0173, ir sustiprintas dr\u0117kinamuoju bei atkuriamuoju kokos\u0173 aliejaus bei biotino poveikiu. Formul\u0117 apgaubia kiekvien\u0105 plauk\u0105, apr\u016bpindama plauk\u0173 folikulus b\u016btinais baltymais ir maistin\u0117mis med\u017eiagomis, maitindama kiekvien\u0105 sruog\u0105 ir pad\u0117dama i\u0161laikyti blizges\u012f bei glotnum\u0105. \u0160velniai pa\u0161alina ne\u0161varumus ir formavimo priemoni\u0173 liku\u010dius, nepa\u0161alindamas nat\u016brali\u0173 plauk\u0173 riebal\u0173.<\/p>\n<p>Naudojimas: Po plauk\u0173 trinkimo \u0161amp\u016bnu pa\u0161alinkite dr\u0117gm\u0117s pertekli\u0173. U\u017etepkite nedidel\u012f kiek\u012f kondicionieriaus, prad\u0117dami nuo galiuk\u0173 ir jud\u0117dami link \u0161akn\u0173. Palaikykite plaukuose 2\u20134 minutes. Kruop\u0161\u010diai i\u0161skalaukite.<\/p>\n","protected":false},"excerpt":{"rendered":"<p>Kondicionierius praturtintas Negyvosios j\u016bros mineralais, nuo sen\u0173 laik\u0173 \u017einomais d\u0117l savo gydom\u0173j\u0173 savybi\u0173, ir sustiprintas dr\u0117kinamuoju bei atkuriamuoju kokos\u0173 aliejaus bei biotino poveikiu. Formul\u0117 apgaubia kiekvien\u0105 plauk\u0105, apr\u016bpindama plauk\u0173 folikulus b\u016btinais baltymais ir maistin\u0117mis med\u017eiagomis, maitindama kiekvien\u0105 sruog\u0105 ir pad\u0117dama i\u0161laikyti blizges\u012f bei glotnum\u0105. \u0160velniai pa\u0161alina ne\u0161varumus ir formavimo priemoni\u0173 liku\u010dius, nepa\u0161alindamas nat\u016brali\u0173 plauk\u0173 riebal\u0173. [&#8230;]\n","protected":false},"featured_media":93918,"template":"","meta":[],"product_cat":[1640],"product_tag":[],"class_list":{"0":"post-77034","1":"product","2":"type-product","3":"status-publish","4":"has-post-thumbnail","6":"product_brand-dead-sea_il-lt","7":"product_cat-balzamai","9":"first","10":"instock","11":"taxable","12":"shipping-taxable","13":"product-type-simple"},"_links":{"self":[{"href":"https:\/\/e.kosmolat.eu\/lt\/wp-json\/wp\/v2\/product\/77034","targetHints":{"allow":["GET"]}}],"collection":[{"href":"https:\/\/e.kosmolat.eu\/lt\/wp-json\/wp\/v2\/product"}],"about":[{"href":"https:\/\/e.kosmolat.eu\/lt\/wp-json\/wp\/v2\/types\/product"}],"wp:featuredmedia":[{"embeddable":true,"href":"https:\/\/e.kosmolat.eu\/lt\/wp-json\/wp\/v2\/media\/93918"}],"wp:attachment":[{"href":"https:\/\/e.kosmolat.eu\/lt\/wp-json\/wp\/v2\/media?parent=77034"}],"wp:term":[{"taxonomy":"product_cat","embeddable":true,"href":"https:\/\/e.kosmolat.eu\/lt\/wp-json\/wp\/v2\/product_cat?post=77034"},{"taxonomy":"product_tag","embeddable":true,"href":"https:\/\/e.kosmolat.eu\/lt\/wp-json\/wp\/v2\/product_tag?post=77034"}],"curies":[{"name":"wp","href":"https:\/\/api.w.org\/{rel}","templated":true}]}}