{"id":77030,"date":"2025-07-25T12:20:38","date_gmt":"2025-07-25T12:20:38","guid":{"rendered":"https:\/\/e.kosmolat.eu\/product\/dsc-coconutbiotin-shampoo-33-8fl-oz-1000ml-bottle\/"},"modified":"2026-04-21T08:26:41","modified_gmt":"2026-04-21T08:26:41","slug":"dsc-coconutbiotin-samp-ar-kokosr-biot-un-naves-juras-miner-1-l","status":"publish","type":"product","link":"https:\/\/e.kosmolat.eu\/lt\/produktas\/dsc-coconutbiotin-samp-ar-kokosr-biot-un-naves-juras-miner-1-l\/","title":{"rendered":"DEAD SEA COLLECTION Coconut &#038; Biotin \u0161amp\u016bnas su kokosu, biotinu ir Negyvosios j\u016bros mineralais, 1 l"},"content":{"rendered":"<p>Praturtinta Negyvosios j\u016bros mineralais, \u017einomais d\u0117l savo maitinam\u0173j\u0173 savybi\u0173, ir sustiprinta stiprinan\u010diu kokos\u0173 aliejaus bei biotino poveikiu, formul\u0117 apgaubia kiekvien\u0105 plauk\u0105, tod\u0117l jis atrodo stipresnis ir sveikesnis nuo \u0161akn\u0173 iki galiuk\u0173. \u0160amp\u016bnas \u0161velniai valo, pa\u0161alina ne\u0161varumus ir formavimo priemoni\u0173 liku\u010dius, tod\u0117l plaukai tampa storesni, didesn\u0117s apimties  po kiekvieno naudojimo.<\/p>\n<p>Naudojimas: Dr\u0117gnus plaukus ir galvos od\u0105 gausiai tepkite \u0161amp\u016bnu. \u012emasa\u017euokite, tada kruop\u0161\u010diai nuskalaukite. Geriausiems rezultatams pasiekti naudokite kartu su kondicionieriumi, kuris suteiks plaukams blizgesio, tankumo ir mink\u0161tumo.<\/p>\n","protected":false},"excerpt":{"rendered":"<p>Praturtinta Negyvosios j\u016bros mineralais, \u017einomais d\u0117l savo maitinam\u0173j\u0173 savybi\u0173, ir sustiprinta stiprinan\u010diu kokos\u0173 aliejaus bei biotino poveikiu, formul\u0117 apgaubia kiekvien\u0105 plauk\u0105, tod\u0117l jis atrodo stipresnis ir sveikesnis nuo \u0161akn\u0173 iki galiuk\u0173. \u0160amp\u016bnas \u0161velniai valo, pa\u0161alina ne\u0161varumus ir formavimo priemoni\u0173 liku\u010dius, tod\u0117l plaukai tampa storesni, didesn\u0117s apimties po kiekvieno naudojimo. Naudojimas: Dr\u0117gnus plaukus ir galvos od\u0105 [&#8230;]\n","protected":false},"featured_media":93914,"template":"","meta":[],"product_cat":[1251],"product_tag":[],"class_list":{"0":"post-77030","1":"product","2":"type-product","3":"status-publish","4":"has-post-thumbnail","6":"product_brand-dead-sea_il-lt","7":"product_cat-sampunai","9":"first","10":"instock","11":"taxable","12":"shipping-taxable","13":"product-type-simple"},"_links":{"self":[{"href":"https:\/\/e.kosmolat.eu\/lt\/wp-json\/wp\/v2\/product\/77030","targetHints":{"allow":["GET"]}}],"collection":[{"href":"https:\/\/e.kosmolat.eu\/lt\/wp-json\/wp\/v2\/product"}],"about":[{"href":"https:\/\/e.kosmolat.eu\/lt\/wp-json\/wp\/v2\/types\/product"}],"wp:featuredmedia":[{"embeddable":true,"href":"https:\/\/e.kosmolat.eu\/lt\/wp-json\/wp\/v2\/media\/93914"}],"wp:attachment":[{"href":"https:\/\/e.kosmolat.eu\/lt\/wp-json\/wp\/v2\/media?parent=77030"}],"wp:term":[{"taxonomy":"product_cat","embeddable":true,"href":"https:\/\/e.kosmolat.eu\/lt\/wp-json\/wp\/v2\/product_cat?post=77030"},{"taxonomy":"product_tag","embeddable":true,"href":"https:\/\/e.kosmolat.eu\/lt\/wp-json\/wp\/v2\/product_tag?post=77030"}],"curies":[{"name":"wp","href":"https:\/\/api.w.org\/{rel}","templated":true}]}}