{"id":77021,"date":"2025-07-25T04:03:21","date_gmt":"2025-07-25T04:03:21","guid":{"rendered":"https:\/\/e.kosmolat.eu\/product\/eshumi-vitamin-repair-glutath-auduma-sejas-maska-ar-c-vit-un-glutationu-23-ml\/"},"modified":"2026-03-31T08:14:18","modified_gmt":"2026-03-31T08:14:18","slug":"eshumi-vitamin-repair-glutath-auduma-sejas-maska-ar-c-vit-un-glutationu-23-ml","status":"publish","type":"product","link":"https:\/\/e.kosmolat.eu\/lt\/produktas\/eshumi-vitamin-repair-glutath-auduma-sejas-maska-ar-c-vit-un-glutationu-23-ml\/","title":{"rendered":"ESHUMI Vitamin Repair Glutathione lak\u0161tin\u0117 veido kauk\u0117 su vitaminu C ir glutationu, 23 ml"},"content":{"rendered":"<p>Lak\u0161tin\u0117 veido kauk\u0117 su vitaminu C ir glutationu efektyviai dr\u0117kina ir atjaunina pavargusi\u0105 ir dehidratuot\u0105 od\u0105, tvirtai priglunda prie veido odos ir j\u0105 maitindama.<\/p>\n<p>Naudojimas: 1. Nuvalykite veid\u0105 ir patepkite toniku. 2. U\u017ed\u0117kite kauk\u0119 ant veido. 3. Nuimkite kauk\u0119 po 15-20 minu\u010di\u0173 ir \u0161velniai \u012ftrinkite esencij\u0105 \u012f veid\u0105, kol ji visi\u0161kai susigers.<\/p>\n<p>\u012eSP\u0116JIMAS: 1. Jei naudojant produkt\u0105 atsiranda b\u0117rimas, patinimas, nie\u017eulys ar kitoks diskomfortas, nedelsiant nutraukite naudojim\u0105 ir kreipkit\u0117s \u012f dermatolog\u0105. 2. Nenaudoti ant pa\u017eeistos ar sudirgusios odos. 3. Nenaudoti ant odos aplink akis.<\/p>\n<p>Atsargumo priemon\u0117s: Laikyti vaikams nepasiekiamoje vietoje. Saugoti nuo tiesiogini\u0173 saul\u0117s spinduli\u0173.<\/p>\n<p>Laikyti nuo +5 \u00b0C iki +25 \u00b0C temperat\u016broje.<\/p>\n","protected":false},"excerpt":{"rendered":"<p>Lak\u0161tin\u0117 veido kauk\u0117 su vitaminu C ir glutationu efektyviai dr\u0117kina ir atjaunina pavargusi\u0105 ir dehidratuot\u0105 od\u0105, tvirtai priglunda prie veido odos ir j\u0105 maitindama. Naudojimas: 1. Nuvalykite veid\u0105 ir patepkite toniku. 2. U\u017ed\u0117kite kauk\u0119 ant veido. 3. Nuimkite kauk\u0119 po 15-20 minu\u010di\u0173 ir \u0161velniai \u012ftrinkite esencij\u0105 \u012f veid\u0105, kol ji visi\u0161kai susigers. \u012eSP\u0116JIMAS: 1. Jei [&#8230;]\n","protected":false},"featured_media":96262,"template":"","meta":[],"product_cat":[1369],"product_tag":[],"class_list":{"0":"post-77021","1":"product","2":"type-product","3":"status-publish","4":"has-post-thumbnail","6":"product_brand-replay_kr-lt","7":"product_cat-veido-kaukes","9":"first","10":"outofstock","11":"taxable","12":"shipping-taxable","13":"product-type-simple"},"_links":{"self":[{"href":"https:\/\/e.kosmolat.eu\/lt\/wp-json\/wp\/v2\/product\/77021","targetHints":{"allow":["GET"]}}],"collection":[{"href":"https:\/\/e.kosmolat.eu\/lt\/wp-json\/wp\/v2\/product"}],"about":[{"href":"https:\/\/e.kosmolat.eu\/lt\/wp-json\/wp\/v2\/types\/product"}],"wp:featuredmedia":[{"embeddable":true,"href":"https:\/\/e.kosmolat.eu\/lt\/wp-json\/wp\/v2\/media\/96262"}],"wp:attachment":[{"href":"https:\/\/e.kosmolat.eu\/lt\/wp-json\/wp\/v2\/media?parent=77021"}],"wp:term":[{"taxonomy":"product_cat","embeddable":true,"href":"https:\/\/e.kosmolat.eu\/lt\/wp-json\/wp\/v2\/product_cat?post=77021"},{"taxonomy":"product_tag","embeddable":true,"href":"https:\/\/e.kosmolat.eu\/lt\/wp-json\/wp\/v2\/product_tag?post=77021"}],"curies":[{"name":"wp","href":"https:\/\/api.w.org\/{rel}","templated":true}]}}