{"id":77013,"date":"2025-07-25T04:03:03","date_gmt":"2025-07-25T04:03:03","guid":{"rendered":"https:\/\/e.kosmolat.eu\/product\/eshumi-snail-repair-peptide-auduma-sejas-maska-ar-gliemezu-muc-un-pept-23-ml\/"},"modified":"2026-03-31T08:14:03","modified_gmt":"2026-03-31T08:14:03","slug":"eshumi-snail-repair-peptide-auduma-sejas-maska-ar-gliemezu-muc-un-pept-23-ml","status":"publish","type":"product","link":"https:\/\/e.kosmolat.eu\/lt\/produktas\/eshumi-snail-repair-peptide-auduma-sejas-maska-ar-gliemezu-muc-un-pept-23-ml\/","title":{"rendered":"ESHUMI Snail Repair Peptide Lak\u0161tin\u0117 veido kauk\u0117 su sraigi\u0173 mucinu ir peptidais, 23 ml"},"content":{"rendered":"<p>Lak\u0161tin\u0117 kauk\u0117 su sraigi\u0173 mucinu ir peptidais efektyviai dr\u0117kina ir atkuria pavargusi\u0105 bei dehidratuot\u0105 od\u0105, tvirtai priglunda prie veido odos ir j\u0105 maitina.<\/p>\n<p>Naudojimas: 1. Nuvalykite veid\u0105 ir patepkite toniku. 2. U\u017ed\u0117kite kauk\u0119 ant veido. 3. Nuimkite kauk\u0119 po 15-20 minu\u010di\u0173 ir \u0161velniai \u012ftrinkite esencij\u0105 \u012f veid\u0105, kol ji visi\u0161kai susigers.<\/p>\n<p>\u012eSP\u0116JIMAS: 1. Jei naudojant produkt\u0105 atsiranda b\u0117rimas, patinimas, nie\u017eulys ar kitoks diskomfortas, nedelsiant nutraukite naudojim\u0105 ir kreipkit\u0117s \u012f dermatolog\u0105. 2. Nenaudoti ant pa\u017eeistos ar sudirgusios odos. 3. Nenaudoti ant odos aplink akis.<\/p>\n<p>Sud\u0117tyje yra vitamino A. Prie\u0161 naudojant atsi\u017evelgti \u012f paros doz\u0119.<\/p>\n<p>Atsargumo priemon\u0117s: Laikyti vaikams nepasiekiamoje vietoje. Saugoti nuo tiesiogini\u0173 saul\u0117s spinduli\u0173.<\/p>\n<p>Laikyti nuo +5 \u00b0C iki +25 \u00b0C temperat\u016broje.<\/p>\n","protected":false},"excerpt":{"rendered":"<p>Lak\u0161tin\u0117 kauk\u0117 su sraigi\u0173 mucinu ir peptidais efektyviai dr\u0117kina ir atkuria pavargusi\u0105 bei dehidratuot\u0105 od\u0105, tvirtai priglunda prie veido odos ir j\u0105 maitina. Naudojimas: 1. Nuvalykite veid\u0105 ir patepkite toniku. 2. U\u017ed\u0117kite kauk\u0119 ant veido. 3. Nuimkite kauk\u0119 po 15-20 minu\u010di\u0173 ir \u0161velniai \u012ftrinkite esencij\u0105 \u012f veid\u0105, kol ji visi\u0161kai susigers. \u012eSP\u0116JIMAS: 1. Jei naudojant [&#8230;]\n","protected":false},"featured_media":96258,"template":"","meta":[],"product_cat":[1369],"product_tag":[],"class_list":{"0":"post-77013","1":"product","2":"type-product","3":"status-publish","4":"has-post-thumbnail","6":"product_brand-replay_kr-lt","7":"product_cat-veido-kaukes","9":"first","10":"outofstock","11":"taxable","12":"shipping-taxable","13":"product-type-simple"},"_links":{"self":[{"href":"https:\/\/e.kosmolat.eu\/lt\/wp-json\/wp\/v2\/product\/77013","targetHints":{"allow":["GET"]}}],"collection":[{"href":"https:\/\/e.kosmolat.eu\/lt\/wp-json\/wp\/v2\/product"}],"about":[{"href":"https:\/\/e.kosmolat.eu\/lt\/wp-json\/wp\/v2\/types\/product"}],"wp:featuredmedia":[{"embeddable":true,"href":"https:\/\/e.kosmolat.eu\/lt\/wp-json\/wp\/v2\/media\/96258"}],"wp:attachment":[{"href":"https:\/\/e.kosmolat.eu\/lt\/wp-json\/wp\/v2\/media?parent=77013"}],"wp:term":[{"taxonomy":"product_cat","embeddable":true,"href":"https:\/\/e.kosmolat.eu\/lt\/wp-json\/wp\/v2\/product_cat?post=77013"},{"taxonomy":"product_tag","embeddable":true,"href":"https:\/\/e.kosmolat.eu\/lt\/wp-json\/wp\/v2\/product_tag?post=77013"}],"curies":[{"name":"wp","href":"https:\/\/api.w.org\/{rel}","templated":true}]}}