{"id":76973,"date":"2025-07-25T04:01:39","date_gmt":"2025-07-25T04:01:39","guid":{"rendered":"https:\/\/e.kosmolat.eu\/product\/dr-sante-sebocontrol-attir-losjons-cicacinksaha-200-ml\/"},"modified":"2026-05-08T16:08:44","modified_gmt":"2026-05-08T16:08:44","slug":"dr-sante-sebocontrol-attir-losjons-cicacinksaha-200-ml","status":"publish","type":"product","link":"https:\/\/e.kosmolat.eu\/lt\/produktas\/dr-sante-sebocontrol-attir-losjons-cicacinksaha-200-ml\/","title":{"rendered":"DR. SANTE Sebocontrol Zinc + cinko + AHA valomasis losjonas, 200 ml"},"content":{"rendered":"<p>Sukurta riebiai, mi\u0161riai ir reaktyviai odai. Subalansuoja riebal\u0173 gamyb\u0105, dr\u0117kina ir gaivina od\u0105, pa\u0161alina rieb\u0173 blizges\u012f. Sud\u0117tyje yra azijini\u0173 centeli\u0173 ekstrakto, cinko ir AHA r\u016bg\u0161\u010di\u0173.<\/p>\n<p>Naudojimas: u\u017etepkite ant vatos diskelio ir \u0161velniai nuvalykite od\u0105.<\/p>\n<p>Laikymas: nuo +5 \u00b0C iki +25 \u00b0C.<\/p>\n<p>Geriausias: 30 m\u0117nesi\u0173 nuo pagaminimo datos.<\/p>\n","protected":false},"excerpt":{"rendered":"<p>Sukurta riebiai, mi\u0161riai ir reaktyviai odai. Subalansuoja riebal\u0173 gamyb\u0105, dr\u0117kina ir gaivina od\u0105, pa\u0161alina rieb\u0173 blizges\u012f. Sud\u0117tyje yra azijini\u0173 centeli\u0173 ekstrakto, cinko ir AHA r\u016bg\u0161\u010di\u0173. Naudojimas: u\u017etepkite ant vatos diskelio ir \u0161velniai nuvalykite od\u0105. Laikymas: nuo +5 \u00b0C iki +25 \u00b0C. Geriausias: 30 m\u0117nesi\u0173 nuo pagaminimo datos.<\/p>\n","protected":false},"featured_media":106976,"template":"","meta":[],"product_cat":[1580],"product_tag":[],"class_list":{"0":"post-76973","1":"product","2":"type-product","3":"status-publish","4":"has-post-thumbnail","6":"product_brand-elfa_ua-lt","7":"product_cat-losjonai-ir-tonikai","9":"first","10":"instock","11":"taxable","12":"shipping-taxable","13":"product-type-simple"},"_links":{"self":[{"href":"https:\/\/e.kosmolat.eu\/lt\/wp-json\/wp\/v2\/product\/76973","targetHints":{"allow":["GET"]}}],"collection":[{"href":"https:\/\/e.kosmolat.eu\/lt\/wp-json\/wp\/v2\/product"}],"about":[{"href":"https:\/\/e.kosmolat.eu\/lt\/wp-json\/wp\/v2\/types\/product"}],"wp:featuredmedia":[{"embeddable":true,"href":"https:\/\/e.kosmolat.eu\/lt\/wp-json\/wp\/v2\/media\/106976"}],"wp:attachment":[{"href":"https:\/\/e.kosmolat.eu\/lt\/wp-json\/wp\/v2\/media?parent=76973"}],"wp:term":[{"taxonomy":"product_cat","embeddable":true,"href":"https:\/\/e.kosmolat.eu\/lt\/wp-json\/wp\/v2\/product_cat?post=76973"},{"taxonomy":"product_tag","embeddable":true,"href":"https:\/\/e.kosmolat.eu\/lt\/wp-json\/wp\/v2\/product_tag?post=76973"}],"curies":[{"name":"wp","href":"https:\/\/api.w.org\/{rel}","templated":true}]}}