{"id":76965,"date":"2025-07-25T04:01:22","date_gmt":"2025-07-25T04:01:22","guid":{"rendered":"https:\/\/e.kosmolat.eu\/product\/dr-sante-sebocontrol-sejas-maska-cicacinksaha-75-ml\/"},"modified":"2026-04-14T09:21:40","modified_gmt":"2026-04-14T09:21:40","slug":"dr-sante-sebocontrol-sejas-maska-cicacinksaha-75-ml","status":"publish","type":"product","link":"https:\/\/e.kosmolat.eu\/lt\/produktas\/dr-sante-sebocontrol-sejas-maska-cicacinksaha-75-ml\/","title":{"rendered":"DR. SANTE Sebocontrol Cica + Cinkas + AHA veido kauk\u0117, 75 ml"},"content":{"rendered":"<p>Efektyviai valo riebal\u0173 pertekli\u0173, suma\u017eina por\u0173 ir estetini\u0173 tr\u016bkum\u0173 matomum\u0105, ramina od\u0105 ir suteikia komforto bei matin\u012f poj\u016bt\u012f. Sud\u0117tyje yra azijin\u0117s centel\u0117s ekstrakto, cinko ir AHA r\u016bg\u0161\u010di\u0173.<\/p>\n<p>Naudojimas: tepkite ant \u0161varios odos, palikite 10\u201315 minu\u010di\u0173, tada nuplaukite \u0161iltu vandeniu. Naudokite 1\u20132 kartus per savait\u0119.<\/p>\n<p>Laikymas: nuo +5 \u00b0C iki +25 \u00b0C.<\/p>\n<p>Geriausias: 30 m\u0117nesi\u0173 nuo pagaminimo datos.<\/p>\n","protected":false},"excerpt":{"rendered":"<p>Efektyviai valo riebal\u0173 pertekli\u0173, suma\u017eina por\u0173 ir estetini\u0173 tr\u016bkum\u0173 matomum\u0105, ramina od\u0105 ir suteikia komforto bei matin\u012f poj\u016bt\u012f. Sud\u0117tyje yra azijin\u0117s centel\u0117s ekstrakto, cinko ir AHA r\u016bg\u0161\u010di\u0173. Naudojimas: tepkite ant \u0161varios odos, palikite 10\u201315 minu\u010di\u0173, tada nuplaukite \u0161iltu vandeniu. Naudokite 1\u20132 kartus per savait\u0119. Laikymas: nuo +5 \u00b0C iki +25 \u00b0C. Geriausias: 30 m\u0117nesi\u0173 nuo [&#8230;]\n","protected":false},"featured_media":107265,"template":"","meta":[],"product_cat":[1369],"product_tag":[],"class_list":{"0":"post-76965","1":"product","2":"type-product","3":"status-publish","4":"has-post-thumbnail","6":"product_brand-elfa_ua-lt","7":"product_cat-veido-kaukes","9":"first","10":"instock","11":"taxable","12":"shipping-taxable","13":"product-type-simple"},"_links":{"self":[{"href":"https:\/\/e.kosmolat.eu\/lt\/wp-json\/wp\/v2\/product\/76965","targetHints":{"allow":["GET"]}}],"collection":[{"href":"https:\/\/e.kosmolat.eu\/lt\/wp-json\/wp\/v2\/product"}],"about":[{"href":"https:\/\/e.kosmolat.eu\/lt\/wp-json\/wp\/v2\/types\/product"}],"wp:featuredmedia":[{"embeddable":true,"href":"https:\/\/e.kosmolat.eu\/lt\/wp-json\/wp\/v2\/media\/107265"}],"wp:attachment":[{"href":"https:\/\/e.kosmolat.eu\/lt\/wp-json\/wp\/v2\/media?parent=76965"}],"wp:term":[{"taxonomy":"product_cat","embeddable":true,"href":"https:\/\/e.kosmolat.eu\/lt\/wp-json\/wp\/v2\/product_cat?post=76965"},{"taxonomy":"product_tag","embeddable":true,"href":"https:\/\/e.kosmolat.eu\/lt\/wp-json\/wp\/v2\/product_tag?post=76965"}],"curies":[{"name":"wp","href":"https:\/\/api.w.org\/{rel}","templated":true}]}}