{"id":76957,"date":"2025-07-25T04:01:05","date_gmt":"2025-07-25T04:01:05","guid":{"rendered":"https:\/\/e.kosmolat.eu\/product\/dr-sante-sebocontrol-akt-mat-serums-cicacinksaha-30-ml\/"},"modified":"2025-09-17T11:02:10","modified_gmt":"2025-09-17T11:02:10","slug":"dr-sante-sebocontrol-akt-mat-serums-cicacinksaha-30-ml","status":"publish","type":"product","link":"https:\/\/e.kosmolat.eu\/lt\/produktas\/dr-sante-sebocontrol-akt-mat-serums-cicacinksaha-30-ml\/","title":{"rendered":"DR. SANTE Sebocontrol Cica + Zinc + AHA Active matinantis serumas, 30 ml"},"content":{"rendered":"<p>Lengvas serumas skirtas riebiai, mi\u0161riai ir reaktyviai odai.<br \/>\nPa\u0161alina rieb\u0173 blizges\u012f ir suteikia matin\u012f efekt\u0105. Dr\u0117kina, ma\u017eina paraudim\u0105 ir ramina od\u0105. Sud\u0117tyje yra azijini\u0173 centeli\u0173 ekstrakto, cinko ir AHA r\u016bg\u0161\u010di\u0173.<\/p>\n<p>Naudojimas: Lengvai tepkite ant \u0161varios odos masa\u017eo linijomis.<br \/>\nLaikymas: nuo +5 \u00b0C iki +25 \u00b0C.<\/p>\n<p>Geriausias: 30 m\u0117nesi\u0173 nuo pagaminimo datos.<\/p>\n","protected":false},"excerpt":{"rendered":"<p>Lengvas serumas skirtas riebiai, mi\u0161riai ir reaktyviai odai. Pa\u0161alina rieb\u0173 blizges\u012f ir suteikia matin\u012f efekt\u0105. Dr\u0117kina, ma\u017eina paraudim\u0105 ir ramina od\u0105. Sud\u0117tyje yra azijini\u0173 centeli\u0173 ekstrakto, cinko ir AHA r\u016bg\u0161\u010di\u0173. Naudojimas: Lengvai tepkite ant \u0161varios odos masa\u017eo linijomis. Laikymas: nuo +5 \u00b0C iki +25 \u00b0C. Geriausias: 30 m\u0117nesi\u0173 nuo pagaminimo datos.<\/p>\n","protected":false},"featured_media":78184,"template":"","meta":[],"product_cat":[1327],"product_tag":[],"class_list":{"0":"post-76957","1":"product","2":"type-product","3":"status-publish","4":"has-post-thumbnail","6":"product_brand-elfa_ua-lt","7":"product_cat-serumai","9":"first","10":"outofstock","11":"taxable","12":"shipping-taxable","13":"product-type-simple"},"_links":{"self":[{"href":"https:\/\/e.kosmolat.eu\/lt\/wp-json\/wp\/v2\/product\/76957","targetHints":{"allow":["GET"]}}],"collection":[{"href":"https:\/\/e.kosmolat.eu\/lt\/wp-json\/wp\/v2\/product"}],"about":[{"href":"https:\/\/e.kosmolat.eu\/lt\/wp-json\/wp\/v2\/types\/product"}],"wp:featuredmedia":[{"embeddable":true,"href":"https:\/\/e.kosmolat.eu\/lt\/wp-json\/wp\/v2\/media\/78184"}],"wp:attachment":[{"href":"https:\/\/e.kosmolat.eu\/lt\/wp-json\/wp\/v2\/media?parent=76957"}],"wp:term":[{"taxonomy":"product_cat","embeddable":true,"href":"https:\/\/e.kosmolat.eu\/lt\/wp-json\/wp\/v2\/product_cat?post=76957"},{"taxonomy":"product_tag","embeddable":true,"href":"https:\/\/e.kosmolat.eu\/lt\/wp-json\/wp\/v2\/product_tag?post=76957"}],"curies":[{"name":"wp","href":"https:\/\/api.w.org\/{rel}","templated":true}]}}