{"id":76949,"date":"2025-07-25T04:00:50","date_gmt":"2025-07-25T04:00:50","guid":{"rendered":"https:\/\/e.kosmolat.eu\/product\/dr-sante-sebocontrol-normaliz-nakts-krems-cicacinksaha-50-ml\/"},"modified":"2026-05-08T21:09:10","modified_gmt":"2026-05-08T21:09:10","slug":"dr-sante-sebocontrol-normaliz-nakts-krems-cicacinksaha-50-ml","status":"publish","type":"product","link":"https:\/\/e.kosmolat.eu\/lt\/produktas\/dr-sante-sebocontrol-normaliz-nakts-krems-cicacinksaha-50-ml\/","title":{"rendered":"DR. SANTE Sebocontrol Cica + cinko + AHA normalizuojantis naktinis kremas, 50 ml"},"content":{"rendered":"<p>Riebal\u0173 i\u0161siskyrim\u0105 reguliuojantis kremas skirtas riebios, mi\u0161rios ir reaktyvios odos prie\u017ei\u016brai nakt\u012f. Sud\u0117tyje yra azijini\u0173 centeli\u0173 ekstrakto, cinko ir AHA r\u016bg\u0161\u010di\u0173. Formul\u0117 skirta normalizuoti riebalini\u0173 liauk\u0173 veikl\u0105, suma\u017einti por\u0173 ir estetini\u0173 tr\u016bkum\u0173 matomum\u0105, giliai dr\u0117kinti ir raminti od\u0105. Naudojant vakaro gro\u017eio ritualo metu, kremas palaiko, atkuria tinkam\u0105 dr\u0117gm\u0117s balans\u0105 ir suma\u017eina riebal\u0173 gamyb\u0105. Ryte oda atrodo gaivi ir pails\u0117jusi. Reguliariai naudojant \u201eDr. Sante\u201c \u201eSebocontrol\u201c linij\u0105, u\u017etikrinama dr\u0117gm\u0117s ir sekrecijos pusiausvyra.<\/p>\n<p>Naudojimas: \u0161velniai u\u017etepkite ant \u0161varios odos masa\u017eo linijomis.<\/p>\n<p>Laikymas: nuo +5 \u00b0C iki +25 \u00b0C.<\/p>\n<p>Geriausias: 30 m\u0117nesi\u0173 nuo pagaminimo datos.<\/p>\n","protected":false},"excerpt":{"rendered":"<p>Riebal\u0173 i\u0161siskyrim\u0105 reguliuojantis kremas skirtas riebios, mi\u0161rios ir reaktyvios odos prie\u017ei\u016brai nakt\u012f. Sud\u0117tyje yra azijini\u0173 centeli\u0173 ekstrakto, cinko ir AHA r\u016bg\u0161\u010di\u0173. Formul\u0117 skirta normalizuoti riebalini\u0173 liauk\u0173 veikl\u0105, suma\u017einti por\u0173 ir estetini\u0173 tr\u016bkum\u0173 matomum\u0105, giliai dr\u0117kinti ir raminti od\u0105. Naudojant vakaro gro\u017eio ritualo metu, kremas palaiko, atkuria tinkam\u0105 dr\u0117gm\u0117s balans\u0105 ir suma\u017eina riebal\u0173 gamyb\u0105. Ryte oda [&#8230;]\n","protected":false},"featured_media":101206,"template":"","meta":[],"product_cat":[1322],"product_tag":[],"class_list":{"0":"post-76949","1":"product","2":"type-product","3":"status-publish","4":"has-post-thumbnail","6":"product_brand-elfa_ua-lt","7":"product_cat-veido-kremai","9":"first","10":"instock","11":"taxable","12":"shipping-taxable","13":"product-type-simple"},"_links":{"self":[{"href":"https:\/\/e.kosmolat.eu\/lt\/wp-json\/wp\/v2\/product\/76949","targetHints":{"allow":["GET"]}}],"collection":[{"href":"https:\/\/e.kosmolat.eu\/lt\/wp-json\/wp\/v2\/product"}],"about":[{"href":"https:\/\/e.kosmolat.eu\/lt\/wp-json\/wp\/v2\/types\/product"}],"wp:featuredmedia":[{"embeddable":true,"href":"https:\/\/e.kosmolat.eu\/lt\/wp-json\/wp\/v2\/media\/101206"}],"wp:attachment":[{"href":"https:\/\/e.kosmolat.eu\/lt\/wp-json\/wp\/v2\/media?parent=76949"}],"wp:term":[{"taxonomy":"product_cat","embeddable":true,"href":"https:\/\/e.kosmolat.eu\/lt\/wp-json\/wp\/v2\/product_cat?post=76949"},{"taxonomy":"product_tag","embeddable":true,"href":"https:\/\/e.kosmolat.eu\/lt\/wp-json\/wp\/v2\/product_tag?post=76949"}],"curies":[{"name":"wp","href":"https:\/\/api.w.org\/{rel}","templated":true}]}}