{"id":76941,"date":"2025-07-25T04:00:32","date_gmt":"2025-07-25T04:00:32","guid":{"rendered":"https:\/\/e.kosmolat.eu\/product\/dr-sante-sebocontrol-mat-dienas-krems-cicacinksaha-50-ml\/"},"modified":"2026-05-08T21:08:57","modified_gmt":"2026-05-08T21:08:57","slug":"dr-sante-sebocontrol-mat-dienas-krems-cicacinksaha-50-ml","status":"publish","type":"product","link":"https:\/\/e.kosmolat.eu\/lt\/produktas\/dr-sante-sebocontrol-mat-dienas-krems-cicacinksaha-50-ml\/","title":{"rendered":"DR. SANTE Sebocontrol Cica + cinko + AHA matinantis dieninis kremas, 50 ml"},"content":{"rendered":"<p>Riebal\u0173 i\u0161siskyrim\u0105 reguliuojantis kremas skirtas riebios, mi\u0161rios ir reaktyvios odos prie\u017ei\u016brai. Jis yra lengvos tekst\u016bros, lengvai tepasi ir greitai \u012fsigeria, palikdamas dr\u0117gm\u0117s poj\u016bt\u012f be riebumo ar lipnumo poj\u016b\u010dio. Sud\u0117tyje yra azijini\u0173 centeli\u0173 ekstrakto, cinko ir AHA r\u016bg\u0161\u010di\u0173. Formul\u0117 vienu metu reguliuoja riebal\u0173 i\u0161siskyrim\u0105 ir odos dr\u0117kinim\u0105 sukuria matin\u012f efekt\u0105. Naudojant krem\u0105 rytinio gro\u017eio ritualo metu, akimirksniu pasiekiamas \u201epudros efektas\u201c ant veido. Reguliariai naudojant \u201eDr. Sante\u201c \u201eSebocontrol\u201c linij\u0105, u\u017etikrinama dr\u0117kinimo ir sekrecijos pusiausvyra.<\/p>\n<p>Naudojimas: tepkite lengvais judesiais ant \u0161varios odos masa\u017eo linijomis.<\/p>\n<p>Laikymas: nuo +5 \u00b0C iki +25 \u00b0C.<\/p>\n<p>Geriausias: 30 m\u0117nesi\u0173 nuo pagaminimo datos.<\/p>\n","protected":false},"excerpt":{"rendered":"<p>Riebal\u0173 i\u0161siskyrim\u0105 reguliuojantis kremas skirtas riebios, mi\u0161rios ir reaktyvios odos prie\u017ei\u016brai. Jis yra lengvos tekst\u016bros, lengvai tepasi ir greitai \u012fsigeria, palikdamas dr\u0117gm\u0117s poj\u016bt\u012f be riebumo ar lipnumo poj\u016b\u010dio. Sud\u0117tyje yra azijini\u0173 centeli\u0173 ekstrakto, cinko ir AHA r\u016bg\u0161\u010di\u0173. Formul\u0117 vienu metu reguliuoja riebal\u0173 i\u0161siskyrim\u0105 ir odos dr\u0117kinim\u0105 sukuria matin\u012f efekt\u0105. Naudojant krem\u0105 rytinio gro\u017eio ritualo metu, [&#8230;]\n","protected":false},"featured_media":101202,"template":"","meta":[],"product_cat":[1322],"product_tag":[],"class_list":{"0":"post-76941","1":"product","2":"type-product","3":"status-publish","4":"has-post-thumbnail","6":"product_brand-elfa_ua-lt","7":"product_cat-veido-kremai","9":"first","10":"instock","11":"taxable","12":"shipping-taxable","13":"product-type-simple"},"_links":{"self":[{"href":"https:\/\/e.kosmolat.eu\/lt\/wp-json\/wp\/v2\/product\/76941","targetHints":{"allow":["GET"]}}],"collection":[{"href":"https:\/\/e.kosmolat.eu\/lt\/wp-json\/wp\/v2\/product"}],"about":[{"href":"https:\/\/e.kosmolat.eu\/lt\/wp-json\/wp\/v2\/types\/product"}],"wp:featuredmedia":[{"embeddable":true,"href":"https:\/\/e.kosmolat.eu\/lt\/wp-json\/wp\/v2\/media\/101202"}],"wp:attachment":[{"href":"https:\/\/e.kosmolat.eu\/lt\/wp-json\/wp\/v2\/media?parent=76941"}],"wp:term":[{"taxonomy":"product_cat","embeddable":true,"href":"https:\/\/e.kosmolat.eu\/lt\/wp-json\/wp\/v2\/product_cat?post=76941"},{"taxonomy":"product_tag","embeddable":true,"href":"https:\/\/e.kosmolat.eu\/lt\/wp-json\/wp\/v2\/product_tag?post=76941"}],"curies":[{"name":"wp","href":"https:\/\/api.w.org\/{rel}","templated":true}]}}