{"id":76928,"date":"2025-07-24T04:07:25","date_gmt":"2025-07-24T04:07:25","guid":{"rendered":"https:\/\/e.kosmolat.eu\/product\/helia-d-bc-pretgrumbu-nakts-kr-ar-tokajas-vina-ekstr-un-bakuc-50-ml\/"},"modified":"2026-05-09T01:59:24","modified_gmt":"2026-05-09T01:59:24","slug":"helia-d-bc-pretgrumbu-nakts-kr-ar-tokajas-vina-ekstr-un-bakuc-50-ml","status":"publish","type":"product","link":"https:\/\/e.kosmolat.eu\/lt\/produktas\/helia-d-bc-pretgrumbu-nakts-kr-ar-tokajas-vina-ekstr-un-bakuc-50-ml\/","title":{"rendered":"HELIA-D Botanic Concept naktinis kremas nuo rauk\u0161li\u0173 su Tokajaus vyno ekstraktu ir baku\u010dioliu, 50 ml"},"content":{"rendered":"<p>Maitinamasis kremas visiems odos tipams. Vegani\u0161ka formul\u0117 su unikaliu kruop\u0161\u010diai atrinkt\u0173 nat\u016brali\u0173 ingredient\u0173 deriniu. Baku\u010diolis padeda pagerinti odos elastingum\u0105 ir lygum\u0105, padeda suma\u017einti rauk\u0161les. Sud\u0117tyje yra Tokajaus vyno ekstrakto, hialurono r\u016bg\u0161ties,Biologinis vynuogi\u0173 kauliuk\u0173 aliejus, azijin\u0117 centel\u0117, \u017een\u0161enio \u0161akn\u0173 ekstraktas, nakvi\u0161\u0173 aliejus, \u0161altalanki\u0173 aliejus, abrikos\u0173 aliejus, taukmed\u017eio sviestas, pantenolis ir vitaminas E padeda i\u0161laikyti od\u0105 dr\u0117kint\u0105. <\/p>\n<p>NAUDOJIMAS: Tepkite kiekvien\u0105 vakar\u0105 po prausimosi. Venkite patekimo \u012f akis.Laikyti nuo +5 \u00b0C iki +25 \u00b0C temperat\u016broje.<\/p>\n","protected":false},"excerpt":{"rendered":"<p>Maitinamasis kremas visiems odos tipams. Vegani\u0161ka formul\u0117 su unikaliu kruop\u0161\u010diai atrinkt\u0173 nat\u016brali\u0173 ingredient\u0173 deriniu. Baku\u010diolis padeda pagerinti odos elastingum\u0105 ir lygum\u0105, padeda suma\u017einti rauk\u0161les. Sud\u0117tyje yra Tokajaus vyno ekstrakto, hialurono r\u016bg\u0161ties,Biologinis vynuogi\u0173 kauliuk\u0173 aliejus, azijin\u0117 centel\u0117, \u017een\u0161enio \u0161akn\u0173 ekstraktas, nakvi\u0161\u0173 aliejus, \u0161altalanki\u0173 aliejus, abrikos\u0173 aliejus, taukmed\u017eio sviestas, pantenolis ir vitaminas E padeda i\u0161laikyti od\u0105 dr\u0117kint\u0105. [&#8230;]\n","protected":false},"featured_media":96010,"template":"","meta":[],"product_cat":[1322],"product_tag":[],"class_list":{"0":"post-76928","1":"product","2":"type-product","3":"status-publish","4":"has-post-thumbnail","6":"product_brand-heliad_hu-lt","7":"product_cat-veido-kremai","9":"first","10":"instock","11":"taxable","12":"shipping-taxable","13":"product-type-simple"},"_links":{"self":[{"href":"https:\/\/e.kosmolat.eu\/lt\/wp-json\/wp\/v2\/product\/76928","targetHints":{"allow":["GET"]}}],"collection":[{"href":"https:\/\/e.kosmolat.eu\/lt\/wp-json\/wp\/v2\/product"}],"about":[{"href":"https:\/\/e.kosmolat.eu\/lt\/wp-json\/wp\/v2\/types\/product"}],"wp:featuredmedia":[{"embeddable":true,"href":"https:\/\/e.kosmolat.eu\/lt\/wp-json\/wp\/v2\/media\/96010"}],"wp:attachment":[{"href":"https:\/\/e.kosmolat.eu\/lt\/wp-json\/wp\/v2\/media?parent=76928"}],"wp:term":[{"taxonomy":"product_cat","embeddable":true,"href":"https:\/\/e.kosmolat.eu\/lt\/wp-json\/wp\/v2\/product_cat?post=76928"},{"taxonomy":"product_tag","embeddable":true,"href":"https:\/\/e.kosmolat.eu\/lt\/wp-json\/wp\/v2\/product_tag?post=76928"}],"curies":[{"name":"wp","href":"https:\/\/api.w.org\/{rel}","templated":true}]}}