{"id":76920,"date":"2025-07-24T04:07:07","date_gmt":"2025-07-24T04:07:07","guid":{"rendered":"https:\/\/e.kosmolat.eu\/product\/helia-d-bc-pretgrumbu-dienas-kr-ar-tokajas-vina-ekstr-un-bakuc-50-ml\/"},"modified":"2026-05-09T01:59:10","modified_gmt":"2026-05-09T01:59:10","slug":"helia-d-bc-pretgrumbu-dienas-kr-ar-tokajas-vina-ekstr-un-bakuc-50-ml","status":"publish","type":"product","link":"https:\/\/e.kosmolat.eu\/lt\/produktas\/helia-d-bc-pretgrumbu-dienas-kr-ar-tokajas-vina-ekstr-un-bakuc-50-ml\/","title":{"rendered":"HELIA-D Botanic Concept dieninis kremas nuo rauk\u0161li\u0173 su Tokajaus vyno ekstraktu ir baku\u010dioliu, 50 ml"},"content":{"rendered":"<p>Visiems odos tipams. Vegani\u0161ka formul\u0117 su unikaliu kruop\u0161\u010diai atrinkt\u0173 nat\u016brali\u0173 ingredient\u0173 deriniu. Baku\u010diolis padeda pagerinti odos elastingum\u0105 ir lygum\u0105, padeda suma\u017einti rauk\u0161les. Sud\u0117tyje yra Tokajaus vyno ekstrakto, hialurono r\u016bg\u0161ties, biologi\u0161kai aktyvi\u0173 vynuogi\u0173 s\u0117kl\u0173 aliejaus.Centella asiatica, \u017een\u0161enio \u0161akn\u0173 ekstraktas, taukmed\u017ei\u0173 sviestas, pantenolis ir vitaminas E, kurie padeda palaikyti optimal\u0173 odos dr\u0117gm\u0117s lyg\u012f. <\/p>\n<p>NAUDOJIMAS: Tepkite kasdien po prausimosi. Venkite patekimo \u012f akis. Laikyti nuo +5 \u00b0C iki +25 \u00b0C temperat\u016broje.<\/p>\n","protected":false},"excerpt":{"rendered":"<p>Visiems odos tipams. Vegani\u0161ka formul\u0117 su unikaliu kruop\u0161\u010diai atrinkt\u0173 nat\u016brali\u0173 ingredient\u0173 deriniu. Baku\u010diolis padeda pagerinti odos elastingum\u0105 ir lygum\u0105, padeda suma\u017einti rauk\u0161les. Sud\u0117tyje yra Tokajaus vyno ekstrakto, hialurono r\u016bg\u0161ties, biologi\u0161kai aktyvi\u0173 vynuogi\u0173 s\u0117kl\u0173 aliejaus.Centella asiatica, \u017een\u0161enio \u0161akn\u0173 ekstraktas, taukmed\u017ei\u0173 sviestas, pantenolis ir vitaminas E, kurie padeda palaikyti optimal\u0173 odos dr\u0117gm\u0117s lyg\u012f. NAUDOJIMAS: Tepkite kasdien po [&#8230;]\n","protected":false},"featured_media":96006,"template":"","meta":[],"product_cat":[1590],"product_tag":[],"class_list":{"0":"post-76920","1":"product","2":"type-product","3":"status-publish","4":"has-post-thumbnail","6":"product_brand-heliad_hu-lt","7":"product_cat-paakiu-kremai","9":"first","10":"instock","11":"taxable","12":"shipping-taxable","13":"product-type-simple"},"_links":{"self":[{"href":"https:\/\/e.kosmolat.eu\/lt\/wp-json\/wp\/v2\/product\/76920","targetHints":{"allow":["GET"]}}],"collection":[{"href":"https:\/\/e.kosmolat.eu\/lt\/wp-json\/wp\/v2\/product"}],"about":[{"href":"https:\/\/e.kosmolat.eu\/lt\/wp-json\/wp\/v2\/types\/product"}],"wp:featuredmedia":[{"embeddable":true,"href":"https:\/\/e.kosmolat.eu\/lt\/wp-json\/wp\/v2\/media\/96006"}],"wp:attachment":[{"href":"https:\/\/e.kosmolat.eu\/lt\/wp-json\/wp\/v2\/media?parent=76920"}],"wp:term":[{"taxonomy":"product_cat","embeddable":true,"href":"https:\/\/e.kosmolat.eu\/lt\/wp-json\/wp\/v2\/product_cat?post=76920"},{"taxonomy":"product_tag","embeddable":true,"href":"https:\/\/e.kosmolat.eu\/lt\/wp-json\/wp\/v2\/product_tag?post=76920"}],"curies":[{"name":"wp","href":"https:\/\/api.w.org\/{rel}","templated":true}]}}