{"id":76912,"date":"2025-07-24T04:06:48","date_gmt":"2025-07-24T04:06:48","guid":{"rendered":"https:\/\/e.kosmolat.eu\/product\/helia-d-b%d1%81-pretgrumb-kr-adai-ap-ac-ar-tokajas-vina-ekstr-un-bakuc-15-ml\/"},"modified":"2026-05-09T01:59:38","modified_gmt":"2026-05-09T01:59:38","slug":"helia-d-b%d1%81-pretgrumb-kr-adai-ap-ac-ar-tokajas-vina-ekstr-un-bakuc-15-ml","status":"publish","type":"product","link":"https:\/\/e.kosmolat.eu\/lt\/produktas\/helia-d-b%d1%81-pretgrumb-kr-adai-ap-ac-ar-tokajas-vina-ekstr-un-bakuc-15-ml\/","title":{"rendered":"HELIA-D Botanic Concept paaki\u0173 kremas nuo rauk\u0161li\u0173 su Tokajaus vyno ekstraktu ir baku\u010dioliu, 15 ml"},"content":{"rendered":"<p>Tinka visiems odos tipams. Vegani\u0161ka formul\u0117 su kruop\u0161\u010diai atrinktais nat\u016braliais ingredientais. Baku\u010diolis padeda pagerinti odos elastingum\u0105 ir lygum\u0105, padeda suma\u017einti rauk\u0161les. Sud\u0117tis: Tokajaus vyno ekstraktas, hialurono r\u016bg\u0161tis, vynuogi\u0173 kauliuk\u0173 aliejus, azijin\u0117 centel\u0117, \u017een\u0161enio \u0161akn\u0173 ekstraktas, nakvi\u0161\u0173 aliejus, taukmed\u017ei\u0173 sviestas, pantenolis ir vitaminas E padeda palaikyti optimal\u0173 odos dr\u0117gm\u0117s lyg\u012f.<\/p>\n<p>NAUDOJIMAS: Tepkite ant \u0161varios odos aplink akis, burn\u0105 ir kakt\u0105. Venkite patekimo \u012f akis. Laikyti +5\u2013+25 \u00b0C temperat\u016broje.<\/p>\n","protected":false},"excerpt":{"rendered":"<p>Tinka visiems odos tipams. Vegani\u0161ka formul\u0117 su kruop\u0161\u010diai atrinktais nat\u016braliais ingredientais. Baku\u010diolis padeda pagerinti odos elastingum\u0105 ir lygum\u0105, padeda suma\u017einti rauk\u0161les. Sud\u0117tis: Tokajaus vyno ekstraktas, hialurono r\u016bg\u0161tis, vynuogi\u0173 kauliuk\u0173 aliejus, azijin\u0117 centel\u0117, \u017een\u0161enio \u0161akn\u0173 ekstraktas, nakvi\u0161\u0173 aliejus, taukmed\u017ei\u0173 sviestas, pantenolis ir vitaminas E padeda palaikyti optimal\u0173 odos dr\u0117gm\u0117s lyg\u012f. NAUDOJIMAS: Tepkite ant \u0161varios odos aplink [&#8230;]\n","protected":false},"featured_media":96002,"template":"","meta":[],"product_cat":[1590],"product_tag":[],"class_list":{"0":"post-76912","1":"product","2":"type-product","3":"status-publish","4":"has-post-thumbnail","6":"product_brand-heliad_hu-lt","7":"product_cat-paakiu-kremai","9":"first","10":"instock","11":"taxable","12":"shipping-taxable","13":"product-type-simple"},"_links":{"self":[{"href":"https:\/\/e.kosmolat.eu\/lt\/wp-json\/wp\/v2\/product\/76912","targetHints":{"allow":["GET"]}}],"collection":[{"href":"https:\/\/e.kosmolat.eu\/lt\/wp-json\/wp\/v2\/product"}],"about":[{"href":"https:\/\/e.kosmolat.eu\/lt\/wp-json\/wp\/v2\/types\/product"}],"wp:featuredmedia":[{"embeddable":true,"href":"https:\/\/e.kosmolat.eu\/lt\/wp-json\/wp\/v2\/media\/96002"}],"wp:attachment":[{"href":"https:\/\/e.kosmolat.eu\/lt\/wp-json\/wp\/v2\/media?parent=76912"}],"wp:term":[{"taxonomy":"product_cat","embeddable":true,"href":"https:\/\/e.kosmolat.eu\/lt\/wp-json\/wp\/v2\/product_cat?post=76912"},{"taxonomy":"product_tag","embeddable":true,"href":"https:\/\/e.kosmolat.eu\/lt\/wp-json\/wp\/v2\/product_tag?post=76912"}],"curies":[{"name":"wp","href":"https:\/\/api.w.org\/{rel}","templated":true}]}}