{"id":76904,"date":"2025-07-24T04:06:31","date_gmt":"2025-07-24T04:06:31","guid":{"rendered":"https:\/\/e.kosmolat.eu\/product\/helia-d-classic-pretgrumbu-nakts-krems-50-ml\/"},"modified":"2026-05-09T01:58:43","modified_gmt":"2026-05-09T01:58:43","slug":"helia-d-classic-pretgrumbu-nakts-krems-50-ml","status":"publish","type":"product","link":"https:\/\/e.kosmolat.eu\/lt\/produktas\/helia-d-classic-pretgrumbu-nakts-krems-50-ml\/","title":{"rendered":"HELIA-D Classic naktinis kremas nuo rauk\u0161li\u0173, 50 ml"},"content":{"rendered":"<p>Sodrios tekst\u016bros naktinis kremas nuo rauk\u0161li\u0173, tinkantis visiems odos tipams. Kruop\u0161\u010diai atrinkti ingredientai: fitokolagenas, hialurono r\u016bg\u0161tis, skvalanas, kofermentas Q10, medetk\u0173 \u017eied\u0173 ekstraktas, nakvi\u0161\u0173 aliejus, \u017ealiosios arbatos lap\u0173 ekstraktas, vitaminas A, vitaminas C, vitaminas E ir taukmed\u017eio sviestas padeda dr\u0117kinti od\u0105 ir suma\u017einti rauk\u0161li\u0173 atsiradim\u0105.<\/p>\n<p>\u012eSP\u0116JIMAS: Sud\u0117tyje yra vitamino A. Prie\u0161 naudojant atsi\u017evelgti \u012f paros doz\u0119.<\/p>\n<p>NAUDOJIMAS: Tepkite kiekvien\u0105 vakar\u0105 po prausimosi. Venkite patekimo \u012f akis. Laikyti +5\u2013+25 \u00b0C temperat\u016broje.<\/p>\n","protected":false},"excerpt":{"rendered":"<p>Sodrios tekst\u016bros naktinis kremas nuo rauk\u0161li\u0173, tinkantis visiems odos tipams. Kruop\u0161\u010diai atrinkti ingredientai: fitokolagenas, hialurono r\u016bg\u0161tis, skvalanas, kofermentas Q10, medetk\u0173 \u017eied\u0173 ekstraktas, nakvi\u0161\u0173 aliejus, \u017ealiosios arbatos lap\u0173 ekstraktas, vitaminas A, vitaminas C, vitaminas E ir taukmed\u017eio sviestas padeda dr\u0117kinti od\u0105 ir suma\u017einti rauk\u0161li\u0173 atsiradim\u0105. \u012eSP\u0116JIMAS: Sud\u0117tyje yra vitamino A. Prie\u0161 naudojant atsi\u017evelgti \u012f paros doz\u0119. [&#8230;]\n","protected":false},"featured_media":95998,"template":"","meta":[],"product_cat":[1322],"product_tag":[],"class_list":{"0":"post-76904","1":"product","2":"type-product","3":"status-publish","4":"has-post-thumbnail","6":"product_brand-heliad_hu-lt","7":"product_cat-veido-kremai","9":"first","10":"instock","11":"taxable","12":"shipping-taxable","13":"product-type-simple"},"_links":{"self":[{"href":"https:\/\/e.kosmolat.eu\/lt\/wp-json\/wp\/v2\/product\/76904","targetHints":{"allow":["GET"]}}],"collection":[{"href":"https:\/\/e.kosmolat.eu\/lt\/wp-json\/wp\/v2\/product"}],"about":[{"href":"https:\/\/e.kosmolat.eu\/lt\/wp-json\/wp\/v2\/types\/product"}],"wp:featuredmedia":[{"embeddable":true,"href":"https:\/\/e.kosmolat.eu\/lt\/wp-json\/wp\/v2\/media\/95998"}],"wp:attachment":[{"href":"https:\/\/e.kosmolat.eu\/lt\/wp-json\/wp\/v2\/media?parent=76904"}],"wp:term":[{"taxonomy":"product_cat","embeddable":true,"href":"https:\/\/e.kosmolat.eu\/lt\/wp-json\/wp\/v2\/product_cat?post=76904"},{"taxonomy":"product_tag","embeddable":true,"href":"https:\/\/e.kosmolat.eu\/lt\/wp-json\/wp\/v2\/product_tag?post=76904"}],"curies":[{"name":"wp","href":"https:\/\/api.w.org\/{rel}","templated":true}]}}