{"id":76896,"date":"2025-07-24T04:06:14","date_gmt":"2025-07-24T04:06:14","guid":{"rendered":"https:\/\/e.kosmolat.eu\/product\/helia-d-classic-pretgrumbu-dienas-krems-50-ml\/"},"modified":"2026-05-09T01:58:29","modified_gmt":"2026-05-09T01:58:29","slug":"helia-d-classic-pretgrumbu-dienas-krems-50-ml","status":"publish","type":"product","link":"https:\/\/e.kosmolat.eu\/lt\/produktas\/helia-d-classic-pretgrumbu-dienas-krems-50-ml\/","title":{"rendered":"HELIA-D Classic dieninis kremas nuo rauk\u0161li\u0173, 50 ml"},"content":{"rendered":"<p>Dieninis kremas nuo rauk\u0161li\u0173, pasi\u017eymintis sodria tekst\u016bra ir apsauga nuo UVA\/UVB spinduli\u0173, tinka visiems odos tipams. Kruop\u0161\u010diai atrinkti ingredientai: fitokolagenas, hialurono r\u016bg\u0161tis, skvalanas, kofermentas Q10, vitaminas C, vitaminas E, greipfrut\u0173 ekstraktas, \u017ealiosios arbatos lap\u0173 ekstraktas, taukmed\u017eio sviestas ir medetk\u0173 \u017eied\u0173 ekstraktas padeda dr\u0117kinti od\u0105 ir suma\u017einti rauk\u0161li\u0173 atsiradim\u0105.<\/p>\n<p>NAUDOJIMAS: Tepkite kasdien po prausimosi. Venkite patekimo \u012f akis. Laikyti +5\u2013+25 \u00b0C temperat\u016broje.<\/p>\n","protected":false},"excerpt":{"rendered":"<p>Dieninis kremas nuo rauk\u0161li\u0173, pasi\u017eymintis sodria tekst\u016bra ir apsauga nuo UVA\/UVB spinduli\u0173, tinka visiems odos tipams. Kruop\u0161\u010diai atrinkti ingredientai: fitokolagenas, hialurono r\u016bg\u0161tis, skvalanas, kofermentas Q10, vitaminas C, vitaminas E, greipfrut\u0173 ekstraktas, \u017ealiosios arbatos lap\u0173 ekstraktas, taukmed\u017eio sviestas ir medetk\u0173 \u017eied\u0173 ekstraktas padeda dr\u0117kinti od\u0105 ir suma\u017einti rauk\u0161li\u0173 atsiradim\u0105. NAUDOJIMAS: Tepkite kasdien po prausimosi. Venkite patekimo [&#8230;]\n","protected":false},"featured_media":95994,"template":"","meta":[],"product_cat":[1322],"product_tag":[],"class_list":{"0":"post-76896","1":"product","2":"type-product","3":"status-publish","4":"has-post-thumbnail","6":"product_brand-heliad_hu-lt","7":"product_cat-veido-kremai","9":"first","10":"instock","11":"taxable","12":"shipping-taxable","13":"product-type-simple"},"_links":{"self":[{"href":"https:\/\/e.kosmolat.eu\/lt\/wp-json\/wp\/v2\/product\/76896","targetHints":{"allow":["GET"]}}],"collection":[{"href":"https:\/\/e.kosmolat.eu\/lt\/wp-json\/wp\/v2\/product"}],"about":[{"href":"https:\/\/e.kosmolat.eu\/lt\/wp-json\/wp\/v2\/types\/product"}],"wp:featuredmedia":[{"embeddable":true,"href":"https:\/\/e.kosmolat.eu\/lt\/wp-json\/wp\/v2\/media\/95994"}],"wp:attachment":[{"href":"https:\/\/e.kosmolat.eu\/lt\/wp-json\/wp\/v2\/media?parent=76896"}],"wp:term":[{"taxonomy":"product_cat","embeddable":true,"href":"https:\/\/e.kosmolat.eu\/lt\/wp-json\/wp\/v2\/product_cat?post=76896"},{"taxonomy":"product_tag","embeddable":true,"href":"https:\/\/e.kosmolat.eu\/lt\/wp-json\/wp\/v2\/product_tag?post=76896"}],"curies":[{"name":"wp","href":"https:\/\/api.w.org\/{rel}","templated":true}]}}