{"id":76888,"date":"2025-07-24T04:05:56","date_gmt":"2025-07-24T04:05:56","guid":{"rendered":"https:\/\/e.kosmolat.eu\/product\/helia-d-classic-pretgrumbu-serums-adai-ap-acim-15-ml\/"},"modified":"2026-05-09T01:58:56","modified_gmt":"2026-05-09T01:58:56","slug":"helia-d-classic-pretgrumbu-serums-adai-ap-acim-15-ml","status":"publish","type":"product","link":"https:\/\/e.kosmolat.eu\/lt\/produktas\/helia-d-classic-pretgrumbu-serums-adai-ap-acim-15-ml\/","title":{"rendered":"HELIA-D Classic paaki\u0173 serumas nuo rauk\u0161li\u0173, 15 ml"},"content":{"rendered":"<p>Prie\u0161rauk\u0161linis serumas, pagr\u012fstas augaliniais ingredientais, tinka visiems odos tipams. Sud\u0117tyje yra fitokolageno, hialurono r\u016bg\u0161ties, skvalano, baikalin\u0117s kinro\u017e\u0117s \u0161akn\u0173 ekstrakto, saul\u0117gr\u0105\u017e\u0173 ekstrakto ir vitamino C \u2013 skatina odos elastingum\u0105 ir stangrum\u0105. Rutulinis aplikatorius u\u017etikrina lengv\u0105  naudojim\u0105 ir gaivinant\u012f poveik\u012f.<\/p>\n<p>Naudojimas: Tepkite ant \u0161varios srities aplink akis, burn\u0105 ir kakt\u0105. Venkite patekimo \u012f akis. Laikyti +5\u201325 \u00b0C temperat\u016broje.<\/p>\n","protected":false},"excerpt":{"rendered":"<p>Prie\u0161rauk\u0161linis serumas, pagr\u012fstas augaliniais ingredientais, tinka visiems odos tipams. Sud\u0117tyje yra fitokolageno, hialurono r\u016bg\u0161ties, skvalano, baikalin\u0117s kinro\u017e\u0117s \u0161akn\u0173 ekstrakto, saul\u0117gr\u0105\u017e\u0173 ekstrakto ir vitamino C \u2013 skatina odos elastingum\u0105 ir stangrum\u0105. Rutulinis aplikatorius u\u017etikrina lengv\u0105 naudojim\u0105 ir gaivinant\u012f poveik\u012f. Naudojimas: Tepkite ant \u0161varios srities aplink akis, burn\u0105 ir kakt\u0105. Venkite patekimo \u012f akis. Laikyti +5\u201325 \u00b0C [&#8230;]\n","protected":false},"featured_media":95990,"template":"","meta":[],"product_cat":[1327],"product_tag":[],"class_list":{"0":"post-76888","1":"product","2":"type-product","3":"status-publish","4":"has-post-thumbnail","6":"product_brand-heliad_hu-lt","7":"product_cat-serumai","9":"first","10":"outofstock","11":"taxable","12":"shipping-taxable","13":"product-type-simple"},"_links":{"self":[{"href":"https:\/\/e.kosmolat.eu\/lt\/wp-json\/wp\/v2\/product\/76888","targetHints":{"allow":["GET"]}}],"collection":[{"href":"https:\/\/e.kosmolat.eu\/lt\/wp-json\/wp\/v2\/product"}],"about":[{"href":"https:\/\/e.kosmolat.eu\/lt\/wp-json\/wp\/v2\/types\/product"}],"wp:featuredmedia":[{"embeddable":true,"href":"https:\/\/e.kosmolat.eu\/lt\/wp-json\/wp\/v2\/media\/95990"}],"wp:attachment":[{"href":"https:\/\/e.kosmolat.eu\/lt\/wp-json\/wp\/v2\/media?parent=76888"}],"wp:term":[{"taxonomy":"product_cat","embeddable":true,"href":"https:\/\/e.kosmolat.eu\/lt\/wp-json\/wp\/v2\/product_cat?post=76888"},{"taxonomy":"product_tag","embeddable":true,"href":"https:\/\/e.kosmolat.eu\/lt\/wp-json\/wp\/v2\/product_tag?post=76888"}],"curies":[{"name":"wp","href":"https:\/\/api.w.org\/{rel}","templated":true}]}}