{"id":76880,"date":"2025-07-24T04:05:38","date_gmt":"2025-07-24T04:05:38","guid":{"rendered":"https:\/\/e.kosmolat.eu\/product\/helia-d-hydramax-zeleja-sejas-mazgasanai-125-ml\/"},"modified":"2026-05-09T01:57:25","modified_gmt":"2026-05-09T01:57:25","slug":"helia-d-hydramax-zeleja-sejas-mazgasanai-125-ml","status":"publish","type":"product","link":"https:\/\/e.kosmolat.eu\/lt\/produktas\/helia-d-hydramax-zeleja-sejas-mazgasanai-125-ml\/","title":{"rendered":"HELIA-D HydraMax valomasis gelis, 125 ml"},"content":{"rendered":"<p>\u0160velniai valo od\u0105 ir tuo pa\u010diu metu dr\u0117kina. Lengvai putojanti \u0161ilkin\u0117 tekst\u016bra. Formul\u0117 su aktyviais dr\u0117kinamaisiais komponentais: hialurono r\u016bg\u0161timi, vitaminu C, natrio PCA ir glicerinu. <\/p>\n<p>Naudojimas: tepkite ant dr\u0117gnos odos ryte ir vakare, \u012fmasa\u017euokite ir kruop\u0161\u010diai nuplaukite. Venkite patekimo \u012f akis.Laikyti +5\u2013+25 \u00b0C temperat\u016broje.<\/p>\n","protected":false},"excerpt":{"rendered":"<p>\u0160velniai valo od\u0105 ir tuo pa\u010diu metu dr\u0117kina. Lengvai putojanti \u0161ilkin\u0117 tekst\u016bra. Formul\u0117 su aktyviais dr\u0117kinamaisiais komponentais: hialurono r\u016bg\u0161timi, vitaminu C, natrio PCA ir glicerinu. Naudojimas: tepkite ant dr\u0117gnos odos ryte ir vakare, \u012fmasa\u017euokite ir kruop\u0161\u010diai nuplaukite. Venkite patekimo \u012f akis.Laikyti +5\u2013+25 \u00b0C temperat\u016broje.<\/p>\n","protected":false},"featured_media":95986,"template":"","meta":[],"product_cat":[1577],"product_tag":[],"class_list":{"0":"post-76880","1":"product","2":"type-product","3":"status-publish","4":"has-post-thumbnail","6":"product_brand-heliad_hu-lt","7":"product_cat-gelis","9":"first","10":"instock","11":"taxable","12":"shipping-taxable","13":"product-type-simple"},"_links":{"self":[{"href":"https:\/\/e.kosmolat.eu\/lt\/wp-json\/wp\/v2\/product\/76880","targetHints":{"allow":["GET"]}}],"collection":[{"href":"https:\/\/e.kosmolat.eu\/lt\/wp-json\/wp\/v2\/product"}],"about":[{"href":"https:\/\/e.kosmolat.eu\/lt\/wp-json\/wp\/v2\/types\/product"}],"wp:featuredmedia":[{"embeddable":true,"href":"https:\/\/e.kosmolat.eu\/lt\/wp-json\/wp\/v2\/media\/95986"}],"wp:attachment":[{"href":"https:\/\/e.kosmolat.eu\/lt\/wp-json\/wp\/v2\/media?parent=76880"}],"wp:term":[{"taxonomy":"product_cat","embeddable":true,"href":"https:\/\/e.kosmolat.eu\/lt\/wp-json\/wp\/v2\/product_cat?post=76880"},{"taxonomy":"product_tag","embeddable":true,"href":"https:\/\/e.kosmolat.eu\/lt\/wp-json\/wp\/v2\/product_tag?post=76880"}],"curies":[{"name":"wp","href":"https:\/\/api.w.org\/{rel}","templated":true}]}}