{"id":76872,"date":"2025-07-24T04:05:22","date_gmt":"2025-07-24T04:05:22","guid":{"rendered":"https:\/\/e.kosmolat.eu\/product\/helia-d-hydramax-mitrinosa-sejas-migla-110-ml\/"},"modified":"2026-05-09T01:57:38","modified_gmt":"2026-05-09T01:57:38","slug":"helia-d-hydramax-mitrinosa-sejas-migla-110-ml","status":"publish","type":"product","link":"https:\/\/e.kosmolat.eu\/lt\/produktas\/helia-d-hydramax-mitrinosa-sejas-migla-110-ml\/","title":{"rendered":"Helia-D Hydramax Moisturizing Face Mist 110 ml"},"content":{"rendered":"<p>Gaivus ir v\u0117sinantis veido pur\u0161kiklis, kuris tonizuoja ir dr\u0117kina od\u0105 vis\u0105 dien\u0105. Formul\u0117je su ma\u017eos molekulin\u0117s mas\u0117s hialurono r\u016bg\u0161timi ir glicerinu giliai dr\u0117kina. <\/p>\n<p>Naudojimas: u\u017epurk\u0161kite nedidel\u012f kiek\u012f ant veido pagal poreik\u012f. Galima naudoti kaip makia\u017eo fiksatori\u0173. Laikyti +5\u2013+25 \u00b0C temperat\u016broje.<\/p>\n","protected":false},"excerpt":{"rendered":"<p>Gaivus ir v\u0117sinantis veido pur\u0161kiklis, kuris tonizuoja ir dr\u0117kina od\u0105 vis\u0105 dien\u0105. Formul\u0117je su ma\u017eos molekulin\u0117s mas\u0117s hialurono r\u016bg\u0161timi ir glicerinu giliai dr\u0117kina. Naudojimas: u\u017epurk\u0161kite nedidel\u012f kiek\u012f ant veido pagal poreik\u012f. Galima naudoti kaip makia\u017eo fiksatori\u0173. Laikyti +5\u2013+25 \u00b0C temperat\u016broje.<\/p>\n","protected":false},"featured_media":95982,"template":"","meta":[],"product_cat":[1599],"product_tag":[],"class_list":{"0":"post-76872","1":"product","2":"type-product","3":"status-publish","4":"has-post-thumbnail","6":"product_brand-heliad_hu-lt","7":"product_cat-aliejai-ir-kitos-specifines-priemones","9":"first","10":"instock","11":"taxable","12":"shipping-taxable","13":"product-type-simple"},"_links":{"self":[{"href":"https:\/\/e.kosmolat.eu\/lt\/wp-json\/wp\/v2\/product\/76872","targetHints":{"allow":["GET"]}}],"collection":[{"href":"https:\/\/e.kosmolat.eu\/lt\/wp-json\/wp\/v2\/product"}],"about":[{"href":"https:\/\/e.kosmolat.eu\/lt\/wp-json\/wp\/v2\/types\/product"}],"wp:featuredmedia":[{"embeddable":true,"href":"https:\/\/e.kosmolat.eu\/lt\/wp-json\/wp\/v2\/media\/95982"}],"wp:attachment":[{"href":"https:\/\/e.kosmolat.eu\/lt\/wp-json\/wp\/v2\/media?parent=76872"}],"wp:term":[{"taxonomy":"product_cat","embeddable":true,"href":"https:\/\/e.kosmolat.eu\/lt\/wp-json\/wp\/v2\/product_cat?post=76872"},{"taxonomy":"product_tag","embeddable":true,"href":"https:\/\/e.kosmolat.eu\/lt\/wp-json\/wp\/v2\/product_tag?post=76872"}],"curies":[{"name":"wp","href":"https:\/\/api.w.org\/{rel}","templated":true}]}}