{"id":76864,"date":"2025-07-24T04:05:05","date_gmt":"2025-07-24T04:05:05","guid":{"rendered":"https:\/\/e.kosmolat.eu\/product\/helia-d-hydramax-mitrinoss-nakts-krems-zeleja-50-ml\/"},"modified":"2026-05-09T01:56:35","modified_gmt":"2026-05-09T01:56:35","slug":"helia-d-hydramax-mitrinoss-nakts-krems-zeleja-50-ml","status":"publish","type":"product","link":"https:\/\/e.kosmolat.eu\/lt\/produktas\/helia-d-hydramax-mitrinoss-nakts-krems-zeleja-50-ml\/","title":{"rendered":"HELIA-D HydraMax dr\u0117kinamasis naktinis kremas-gelis, 50 ml"},"content":{"rendered":"<p>Greitai \u012fsigeriantis naktinis kremas-gelis, tinka visiems odos tipams. Sud\u0117tyje yra trij\u0173 r\u016b\u0161i\u0173 hialurono r\u016bg\u0161ties, peptid\u0173 ir maistini\u0173 komponent\u0173 (abrikos\u0173 ir vynuogi\u0173 kauliuk\u0173 aliej\u0173, vitamino E ir F, pantenolio, hidromanilo), kurie padeda atkurti ir dr\u0117kinti od\u0105 miego metu.<\/p>\n<p>\u2714 Dr\u0117kina iki 24 valand\u0173<br \/>\n\u2714 Dermatologi\u0161kai patikrinta<br \/>\n\u2714 Vegani\u0161ka formul\u0117<\/p>\n<p>Naudojimas: Tepkite ant veido ir kaklo kasdien po prausimosi. Venkite patekimo \u012f akis.<\/p>\n<p>Rezultatas: Oda atrodys gaivesn\u0117, labiau sudr\u0117kinta ir spindinti. Laikyti +5\u2013+25 \u00b0C temperat\u016broje.<\/p>\n","protected":false},"excerpt":{"rendered":"<p>Greitai \u012fsigeriantis naktinis kremas-gelis, tinka visiems odos tipams. Sud\u0117tyje yra trij\u0173 r\u016b\u0161i\u0173 hialurono r\u016bg\u0161ties, peptid\u0173 ir maistini\u0173 komponent\u0173 (abrikos\u0173 ir vynuogi\u0173 kauliuk\u0173 aliej\u0173, vitamino E ir F, pantenolio, hidromanilo), kurie padeda atkurti ir dr\u0117kinti od\u0105 miego metu. \u2714 Dr\u0117kina iki 24 valand\u0173 \u2714 Dermatologi\u0161kai patikrinta \u2714 Vegani\u0161ka formul\u0117 Naudojimas: Tepkite ant veido ir kaklo kasdien [&#8230;]\n","protected":false},"featured_media":95978,"template":"","meta":[],"product_cat":[1322],"product_tag":[],"class_list":{"0":"post-76864","1":"product","2":"type-product","3":"status-publish","4":"has-post-thumbnail","6":"product_brand-heliad_hu-lt","7":"product_cat-veido-kremai","9":"first","10":"instock","11":"taxable","12":"shipping-taxable","13":"product-type-simple"},"_links":{"self":[{"href":"https:\/\/e.kosmolat.eu\/lt\/wp-json\/wp\/v2\/product\/76864","targetHints":{"allow":["GET"]}}],"collection":[{"href":"https:\/\/e.kosmolat.eu\/lt\/wp-json\/wp\/v2\/product"}],"about":[{"href":"https:\/\/e.kosmolat.eu\/lt\/wp-json\/wp\/v2\/types\/product"}],"wp:featuredmedia":[{"embeddable":true,"href":"https:\/\/e.kosmolat.eu\/lt\/wp-json\/wp\/v2\/media\/95978"}],"wp:attachment":[{"href":"https:\/\/e.kosmolat.eu\/lt\/wp-json\/wp\/v2\/media?parent=76864"}],"wp:term":[{"taxonomy":"product_cat","embeddable":true,"href":"https:\/\/e.kosmolat.eu\/lt\/wp-json\/wp\/v2\/product_cat?post=76864"},{"taxonomy":"product_tag","embeddable":true,"href":"https:\/\/e.kosmolat.eu\/lt\/wp-json\/wp\/v2\/product_tag?post=76864"}],"curies":[{"name":"wp","href":"https:\/\/api.w.org\/{rel}","templated":true}]}}