{"id":76848,"date":"2025-07-24T04:04:26","date_gmt":"2025-07-24T04:04:26","guid":{"rendered":"https:\/\/e.kosmolat.eu\/product\/helia-d-hydramax-dzila-mitrinasana-krems-zeleja-sausai-adai-50-ml\/"},"modified":"2026-04-17T12:27:50","modified_gmt":"2026-04-17T12:27:50","slug":"helia-d-hydramax-dzila-mitrinasana-krems-zeleja-sausai-adai-50-ml","status":"publish","type":"product","link":"https:\/\/e.kosmolat.eu\/lt\/produktas\/helia-d-hydramax-dzila-mitrinasana-krems-zeleja-sausai-adai-50-ml\/","title":{"rendered":"HELIA-D HydraMax giliai dr\u0117kinamasis kremas-gelis sausai odai, 50 ml"},"content":{"rendered":"<p>Greitai \u012fsigeriantis kremas-gelis, rekomenduojamas kasdienei sausos odos prie\u017ei\u016brai. Veiksmingas trij\u0173 tip\u0173 hialurono r\u016bg\u0161ties derinys suteikia dr\u0117kinim\u0105 ir \u0161velnum\u0105. Peptidai padeda i\u0161vengti rauk\u0161li\u0173, o tokie komponentai kaip simondsij\u0173 aliejus, \u0161lapalas, pantenolis ir hidromanilas palaiko odos dr\u0117kinim\u0105 ir spindes\u012f. <\/p>\n<p>\u2714 Dr\u0117kina iki 24 valand\u0173<br \/>\n\u2714 Dermatologi\u0161kai patikrinta<br \/>\n\u2714 Vegani\u0161ka formul\u0117<\/p>\n<p>Naudojimas: Tepkite ant veido ir kaklo kasdien po prausimosi. Venkite patekimo \u012f akis.<\/p>\n<p>Rezultatas: Oda atrodys gaivesn\u0117, labiau sudr\u0117kinta ir spindinti. Laikyti +5\u2013+25 \u00b0C temperat\u016broje.<\/p>\n","protected":false},"excerpt":{"rendered":"<p>Greitai \u012fsigeriantis kremas-gelis, rekomenduojamas kasdienei sausos odos prie\u017ei\u016brai. Veiksmingas trij\u0173 tip\u0173 hialurono r\u016bg\u0161ties derinys suteikia dr\u0117kinim\u0105 ir \u0161velnum\u0105. Peptidai padeda i\u0161vengti rauk\u0161li\u0173, o tokie komponentai kaip simondsij\u0173 aliejus, \u0161lapalas, pantenolis ir hidromanilas palaiko odos dr\u0117kinim\u0105 ir spindes\u012f. \u2714 Dr\u0117kina iki 24 valand\u0173 \u2714 Dermatologi\u0161kai patikrinta \u2714 Vegani\u0161ka formul\u0117 Naudojimas: Tepkite ant veido ir kaklo kasdien [&#8230;]\n","protected":false},"featured_media":95970,"template":"","meta":[],"product_cat":[1322],"product_tag":[],"class_list":{"0":"post-76848","1":"product","2":"type-product","3":"status-publish","4":"has-post-thumbnail","6":"product_brand-heliad_hu-lt","7":"product_cat-veido-kremai","9":"first","10":"instock","11":"taxable","12":"shipping-taxable","13":"product-type-simple"},"_links":{"self":[{"href":"https:\/\/e.kosmolat.eu\/lt\/wp-json\/wp\/v2\/product\/76848","targetHints":{"allow":["GET"]}}],"collection":[{"href":"https:\/\/e.kosmolat.eu\/lt\/wp-json\/wp\/v2\/product"}],"about":[{"href":"https:\/\/e.kosmolat.eu\/lt\/wp-json\/wp\/v2\/types\/product"}],"wp:featuredmedia":[{"embeddable":true,"href":"https:\/\/e.kosmolat.eu\/lt\/wp-json\/wp\/v2\/media\/95970"}],"wp:attachment":[{"href":"https:\/\/e.kosmolat.eu\/lt\/wp-json\/wp\/v2\/media?parent=76848"}],"wp:term":[{"taxonomy":"product_cat","embeddable":true,"href":"https:\/\/e.kosmolat.eu\/lt\/wp-json\/wp\/v2\/product_cat?post=76848"},{"taxonomy":"product_tag","embeddable":true,"href":"https:\/\/e.kosmolat.eu\/lt\/wp-json\/wp\/v2\/product_tag?post=76848"}],"curies":[{"name":"wp","href":"https:\/\/api.w.org\/{rel}","templated":true}]}}