{"id":76840,"date":"2025-07-24T04:04:09","date_gmt":"2025-07-24T04:04:09","guid":{"rendered":"https:\/\/e.kosmolat.eu\/product\/helia-d-hydra-concept-viegls-mitrinoss-sejas-krems-50-ml\/"},"modified":"2026-04-17T12:27:36","modified_gmt":"2026-04-17T12:27:36","slug":"helia-d-hydra-concept-viegls-mitrinoss-sejas-krems-50-ml","status":"publish","type":"product","link":"https:\/\/e.kosmolat.eu\/lt\/produktas\/helia-d-hydra-concept-viegls-mitrinoss-sejas-krems-50-ml\/","title":{"rendered":"HELIA-D Hydra Concept lengvas dr\u0117kinamasis veido kremas, 50 ml"},"content":{"rendered":"<p>Lengvas dr\u0117kinamasis kremas su kremin\u0117s-gelin\u0117s tekst\u016bros, u\u017etikrina greit\u0105 ir efektyv\u0173 dr\u0117kinim\u0105. Greitai \u012fsigeria, nepalikdamas riebaus blizgesio. Officina Hydra komplekso komponentai (hialurono r\u016bg\u0161tis, alantoinas, glicerinas ir \u0161lapalas) pasi\u017eymi dideliu geb\u0117jimu i\u0161laikyti dr\u0117gm\u0119, skatindami ilgalaik\u012f dr\u0117kinim\u0105.Nat\u016bral\u016bs augaliniai aliejai (vynuogi\u0173 kauliuk\u0173 aliejus ir kukur\u016bz\u0173 aliejus) sustiprina dr\u0117kinam\u0105j\u012f poveik\u012f, tod\u0117l oda tampa pamaitinta ir gaivi. <\/p>\n<p>NAUDOJIMAS: Kasdien tepkite ant veido ir kaklo odos po prausimosi. Patekus \u012f akis, gausiai praplaukite vandeniu.<\/p>\n","protected":false},"excerpt":{"rendered":"<p>Lengvas dr\u0117kinamasis kremas su kremin\u0117s-gelin\u0117s tekst\u016bros, u\u017etikrina greit\u0105 ir efektyv\u0173 dr\u0117kinim\u0105. Greitai \u012fsigeria, nepalikdamas riebaus blizgesio. Officina Hydra komplekso komponentai (hialurono r\u016bg\u0161tis, alantoinas, glicerinas ir \u0161lapalas) pasi\u017eymi dideliu geb\u0117jimu i\u0161laikyti dr\u0117gm\u0119, skatindami ilgalaik\u012f dr\u0117kinim\u0105.Nat\u016bral\u016bs augaliniai aliejai (vynuogi\u0173 kauliuk\u0173 aliejus ir kukur\u016bz\u0173 aliejus) sustiprina dr\u0117kinam\u0105j\u012f poveik\u012f, tod\u0117l oda tampa pamaitinta ir gaivi. NAUDOJIMAS: Kasdien tepkite ant [&#8230;]\n","protected":false},"featured_media":95966,"template":"","meta":[],"product_cat":[1322],"product_tag":[],"class_list":{"0":"post-76840","1":"product","2":"type-product","3":"status-publish","4":"has-post-thumbnail","6":"product_brand-heliad_hu-lt","7":"product_cat-veido-kremai","9":"first","10":"instock","11":"taxable","12":"shipping-taxable","13":"product-type-simple"},"_links":{"self":[{"href":"https:\/\/e.kosmolat.eu\/lt\/wp-json\/wp\/v2\/product\/76840","targetHints":{"allow":["GET"]}}],"collection":[{"href":"https:\/\/e.kosmolat.eu\/lt\/wp-json\/wp\/v2\/product"}],"about":[{"href":"https:\/\/e.kosmolat.eu\/lt\/wp-json\/wp\/v2\/types\/product"}],"wp:featuredmedia":[{"embeddable":true,"href":"https:\/\/e.kosmolat.eu\/lt\/wp-json\/wp\/v2\/media\/95966"}],"wp:attachment":[{"href":"https:\/\/e.kosmolat.eu\/lt\/wp-json\/wp\/v2\/media?parent=76840"}],"wp:term":[{"taxonomy":"product_cat","embeddable":true,"href":"https:\/\/e.kosmolat.eu\/lt\/wp-json\/wp\/v2\/product_cat?post=76840"},{"taxonomy":"product_tag","embeddable":true,"href":"https:\/\/e.kosmolat.eu\/lt\/wp-json\/wp\/v2\/product_tag?post=76840"}],"curies":[{"name":"wp","href":"https:\/\/api.w.org\/{rel}","templated":true}]}}