{"id":76832,"date":"2025-07-24T04:03:52","date_gmt":"2025-07-24T04:03:52","guid":{"rendered":"https:\/\/e.kosmolat.eu\/product\/helia-d-pro-active-kolagena-serums-adai-ap-acim-15-ml\/"},"modified":"2026-04-22T06:01:46","modified_gmt":"2026-04-22T06:01:46","slug":"helia-d-pro-active-kolagena-serums-adai-ap-acim-15-ml","status":"publish","type":"product","link":"https:\/\/e.kosmolat.eu\/lt\/produktas\/helia-d-pro-active-kolagena-serums-adai-ap-acim-15-ml\/","title":{"rendered":"HELIA-D Pro Active paaki\u0173 serumas su kolagenu, 15 ml"},"content":{"rendered":"<p>Lengvos ir greitai \u012fsigerian\u010dios formul\u0117s serumas, rekomenduojamas kasdieniam naudojimui, tinka visiems odos tipams. Sud\u0117tyje yra nat\u016bralaus tirpaus j\u016brinio kolageno \u2013 didel\u0117s molekul\u0117s, puikiai i\u0161laikan\u010dios dr\u0117gm\u0119. Suteikia odai elastingesn\u0119, lygesn\u0119 ir lygesn\u0119 i\u0161vaizd\u0105. Formul\u0117 su glicerinu puikiai dr\u0117kina.Rutulinis aplikatorius aki\u0173 srities gaivinimui ir stimuliavimui. Dermatologi\u0161kai patikrintas. <\/p>\n<p>NAUDOJIMAS: Tepkite serum\u0105 ant \u0161varios odos aplink akis ir l\u016bpas, taip pat ant kaktos. Venkite patekimo \u012f akis.Laikyti nuo +5 \u00b0C iki +25 \u00b0C temperat\u016broje.<\/p>\n","protected":false},"excerpt":{"rendered":"<p>Lengvos ir greitai \u012fsigerian\u010dios formul\u0117s serumas, rekomenduojamas kasdieniam naudojimui, tinka visiems odos tipams. Sud\u0117tyje yra nat\u016bralaus tirpaus j\u016brinio kolageno \u2013 didel\u0117s molekul\u0117s, puikiai i\u0161laikan\u010dios dr\u0117gm\u0119. Suteikia odai elastingesn\u0119, lygesn\u0119 ir lygesn\u0119 i\u0161vaizd\u0105. Formul\u0117 su glicerinu puikiai dr\u0117kina.Rutulinis aplikatorius aki\u0173 srities gaivinimui ir stimuliavimui. Dermatologi\u0161kai patikrintas. NAUDOJIMAS: Tepkite serum\u0105 ant \u0161varios odos aplink akis ir l\u016bpas, [&#8230;]\n","protected":false},"featured_media":95962,"template":"","meta":[],"product_cat":[1590],"product_tag":[],"class_list":{"0":"post-76832","1":"product","2":"type-product","3":"status-publish","4":"has-post-thumbnail","6":"product_brand-heliad_hu-lt","7":"product_cat-paakiu-kremai","9":"first","10":"instock","11":"taxable","12":"shipping-taxable","13":"product-type-simple"},"_links":{"self":[{"href":"https:\/\/e.kosmolat.eu\/lt\/wp-json\/wp\/v2\/product\/76832","targetHints":{"allow":["GET"]}}],"collection":[{"href":"https:\/\/e.kosmolat.eu\/lt\/wp-json\/wp\/v2\/product"}],"about":[{"href":"https:\/\/e.kosmolat.eu\/lt\/wp-json\/wp\/v2\/types\/product"}],"wp:featuredmedia":[{"embeddable":true,"href":"https:\/\/e.kosmolat.eu\/lt\/wp-json\/wp\/v2\/media\/95962"}],"wp:attachment":[{"href":"https:\/\/e.kosmolat.eu\/lt\/wp-json\/wp\/v2\/media?parent=76832"}],"wp:term":[{"taxonomy":"product_cat","embeddable":true,"href":"https:\/\/e.kosmolat.eu\/lt\/wp-json\/wp\/v2\/product_cat?post=76832"},{"taxonomy":"product_tag","embeddable":true,"href":"https:\/\/e.kosmolat.eu\/lt\/wp-json\/wp\/v2\/product_tag?post=76832"}],"curies":[{"name":"wp","href":"https:\/\/api.w.org\/{rel}","templated":true}]}}