{"id":76824,"date":"2025-07-24T04:03:36","date_gmt":"2025-07-24T04:03:36","guid":{"rendered":"https:\/\/e.kosmolat.eu\/product\/helia-d-pro-active-kolagena-sota-serums-50-ml\/"},"modified":"2026-04-17T12:27:06","modified_gmt":"2026-04-17T12:27:06","slug":"helia-d-pro-active-kolagena-sota-serums-50-ml","status":"publish","type":"product","link":"https:\/\/e.kosmolat.eu\/lt\/produktas\/helia-d-pro-active-kolagena-sota-serums-50-ml\/","title":{"rendered":"HELIA-D Pro Active kolageno serumo injekcija, 50 ml"},"content":{"rendered":"<p>Lengvos tekst\u016bros veido serumas greitai \u012fsigeria, rekomenduojamas kasdieniam naudojimui, tinka visiems odos tipams. Sud\u0117tyje yra nat\u016bralaus tirpaus j\u016brinio kolageno \u2013 didel\u0117s molekul\u0117s, puikiai i\u0161laikan\u010dios dr\u0117gm\u0119. Suteikia odai elastingesn\u0119, lygesn\u0119 ir jaunatvi\u0161kesn\u0119 i\u0161vaizd\u0105. Formul\u0117 su glicerinu padeda dr\u0117kinti od\u0105. Dermatologi\u0161kai patikrinta. <\/p>\n<p>Naudojimas: tepkite kasdien po prausimosi, tolygiai paskirstykite ant veido ir kaklo. Venkite patekimo \u012f akis. Laikyti nuo +5 \u00b0C iki +25 \u00b0C temperat\u016broje.<\/p>\n","protected":false},"excerpt":{"rendered":"<p>Lengvos tekst\u016bros veido serumas greitai \u012fsigeria, rekomenduojamas kasdieniam naudojimui, tinka visiems odos tipams. Sud\u0117tyje yra nat\u016bralaus tirpaus j\u016brinio kolageno \u2013 didel\u0117s molekul\u0117s, puikiai i\u0161laikan\u010dios dr\u0117gm\u0119. Suteikia odai elastingesn\u0119, lygesn\u0119 ir jaunatvi\u0161kesn\u0119 i\u0161vaizd\u0105. Formul\u0117 su glicerinu padeda dr\u0117kinti od\u0105. Dermatologi\u0161kai patikrinta. Naudojimas: tepkite kasdien po prausimosi, tolygiai paskirstykite ant veido ir kaklo. Venkite patekimo \u012f akis. [&#8230;]\n","protected":false},"featured_media":95958,"template":"","meta":[],"product_cat":[1327],"product_tag":[],"class_list":{"0":"post-76824","1":"product","2":"type-product","3":"status-publish","4":"has-post-thumbnail","6":"product_brand-heliad_hu-lt","7":"product_cat-serumai","9":"first","10":"instock","11":"taxable","12":"shipping-taxable","13":"product-type-simple"},"_links":{"self":[{"href":"https:\/\/e.kosmolat.eu\/lt\/wp-json\/wp\/v2\/product\/76824","targetHints":{"allow":["GET"]}}],"collection":[{"href":"https:\/\/e.kosmolat.eu\/lt\/wp-json\/wp\/v2\/product"}],"about":[{"href":"https:\/\/e.kosmolat.eu\/lt\/wp-json\/wp\/v2\/types\/product"}],"wp:featuredmedia":[{"embeddable":true,"href":"https:\/\/e.kosmolat.eu\/lt\/wp-json\/wp\/v2\/media\/95958"}],"wp:attachment":[{"href":"https:\/\/e.kosmolat.eu\/lt\/wp-json\/wp\/v2\/media?parent=76824"}],"wp:term":[{"taxonomy":"product_cat","embeddable":true,"href":"https:\/\/e.kosmolat.eu\/lt\/wp-json\/wp\/v2\/product_cat?post=76824"},{"taxonomy":"product_tag","embeddable":true,"href":"https:\/\/e.kosmolat.eu\/lt\/wp-json\/wp\/v2\/product_tag?post=76824"}],"curies":[{"name":"wp","href":"https:\/\/api.w.org\/{rel}","templated":true}]}}