{"id":76808,"date":"2025-07-24T04:03:01","date_gmt":"2025-07-24T04:03:01","guid":{"rendered":"https:\/\/e.kosmolat.eu\/product\/helia-d-pro-active-retinola-serums-adai-ap-acim-15-ml\/"},"modified":"2026-04-17T12:26:41","modified_gmt":"2026-04-17T12:26:41","slug":"helia-d-pro-active-retinola-serums-adai-ap-acim-15-ml","status":"publish","type":"product","link":"https:\/\/e.kosmolat.eu\/lt\/produktas\/helia-d-pro-active-retinola-serums-adai-ap-acim-15-ml\/","title":{"rendered":"HELIA-D Pro Active Retinol paaki\u0173 serumas, 15 ml"},"content":{"rendered":"<p>Greitai \u012fsigeriantis paaki\u0173 serumas, rekomenduojamas naudoti kasdien, tinka normaliai odai. Sud\u0117tyje yra retinolio ir glicerino, kurie dr\u0117kina od\u0105. Rutulinis aplikatorius gaivina ir stimuliuoja paaki\u0173 srit\u012f. Dermatologi\u0161kai patikrintas. Vegani\u0161ka formul\u0117. <\/p>\n<p>\u012eSP\u0116JIMAI:Tik i\u0161oriniam naudojimui. Sud\u0117tyje yra vitamino A. Prie\u0161 naudojim\u0105 \u012fvertinkite paros doz\u0119. <\/p>\n<p>NAUDOJIMAS: Prie\u0161 naudojim\u0105 i\u0161bandykite ant nedidelio odos ploto. Palaipsniui \u012ftraukite \u012f kasdien\u0119 veido odos prie\u017ei\u016br\u0105. Naudokite kiekvien\u0105 vakar\u0105 po prausimosi, tepdami ant \u0161varios odos aplink akis, burn\u0105 ir kakt\u0105 venkite patekimo \u012f akis.Ryte tepkite krem\u0105, kurio SPF yra ne ma\u017eesnis kaip 20. Laikyti +5\u2013+25 \u00b0C temperat\u016broje.<\/p>\n","protected":false},"excerpt":{"rendered":"<p>Greitai \u012fsigeriantis paaki\u0173 serumas, rekomenduojamas naudoti kasdien, tinka normaliai odai. Sud\u0117tyje yra retinolio ir glicerino, kurie dr\u0117kina od\u0105. Rutulinis aplikatorius gaivina ir stimuliuoja paaki\u0173 srit\u012f. Dermatologi\u0161kai patikrintas. Vegani\u0161ka formul\u0117. \u012eSP\u0116JIMAI:Tik i\u0161oriniam naudojimui. Sud\u0117tyje yra vitamino A. Prie\u0161 naudojim\u0105 \u012fvertinkite paros doz\u0119. NAUDOJIMAS: Prie\u0161 naudojim\u0105 i\u0161bandykite ant nedidelio odos ploto. Palaipsniui \u012ftraukite \u012f kasdien\u0119 veido odos [&#8230;]\n","protected":false},"featured_media":95950,"template":"","meta":[],"product_cat":[1590],"product_tag":[],"class_list":{"0":"post-76808","1":"product","2":"type-product","3":"status-publish","4":"has-post-thumbnail","6":"product_brand-heliad_hu-lt","7":"product_cat-paakiu-kremai","9":"first","10":"instock","11":"taxable","12":"shipping-taxable","13":"product-type-simple"},"_links":{"self":[{"href":"https:\/\/e.kosmolat.eu\/lt\/wp-json\/wp\/v2\/product\/76808","targetHints":{"allow":["GET"]}}],"collection":[{"href":"https:\/\/e.kosmolat.eu\/lt\/wp-json\/wp\/v2\/product"}],"about":[{"href":"https:\/\/e.kosmolat.eu\/lt\/wp-json\/wp\/v2\/types\/product"}],"wp:featuredmedia":[{"embeddable":true,"href":"https:\/\/e.kosmolat.eu\/lt\/wp-json\/wp\/v2\/media\/95950"}],"wp:attachment":[{"href":"https:\/\/e.kosmolat.eu\/lt\/wp-json\/wp\/v2\/media?parent=76808"}],"wp:term":[{"taxonomy":"product_cat","embeddable":true,"href":"https:\/\/e.kosmolat.eu\/lt\/wp-json\/wp\/v2\/product_cat?post=76808"},{"taxonomy":"product_tag","embeddable":true,"href":"https:\/\/e.kosmolat.eu\/lt\/wp-json\/wp\/v2\/product_tag?post=76808"}],"curies":[{"name":"wp","href":"https:\/\/api.w.org\/{rel}","templated":true}]}}